{"id":29830,"date":"2026-04-17T00:18:39","date_gmt":"2026-04-17T00:18:39","guid":{"rendered":"https:\/\/singuli.wpress.me\/index.php\/proizvod\/steam-instrument-za-crtanje\/"},"modified":"2026-04-20T12:32:59","modified_gmt":"2026-04-20T12:32:59","slug":"steam-instrument-za-crtanje","status":"publish","type":"product","link":"https:\/\/singuli.wpress.me\/index.php\/proizvod\/steam-instrument-za-crtanje\/","title":{"rendered":"STEAM, instrument za crtanje"},"content":{"rendered":"<p><span style=\"font-weight: bold;color: #4472C4\">Predstavljam vam fascinantni Instrument za crtanje iz DIY STEAM kolekcije igra\u010daka.<\/span><span style=\"color: #4472C4\"><\/p>\n<p>Ovaj izum kombinira princip prijenosa zup\u010danika i elektroni\u010dkog kruga kako bi stvorio pravu tehni\u010dku \u010daroliju.<\/p>\n<p>Ovaj inovativni ure\u0111aj ima sposobnost stvaranja \u010dak 48 razli\u010ditih uzoraka, \u0161to ga \u010dini izvanrednim sredstvom za kreativno izra\u017eavanje. <br \/>\nDjeca \u0107e biti odu\u0161evljena mogu\u0107no\u0161\u0107u kreiranja razli\u010ditih umjetni\u010dkih djela i eksperimentirati s razli\u010ditim uzorcima. <\/p>\n<p>Osim \u0161to pru\u017ea kreativnu zabavu, ovaj Instrument za crtanje tako\u0111er u\u010di principe prijenosa zup\u010danika i elektroni\u010dkog kruga na prakti\u010dan na\u010din, \u010dine\u0107i ga idealnim spojem zabave i edukacije za mlade istra\u017eiva\u010de i umjetnike.<\/p>\n<p><\/span><span style=\"font-weight: bold;color: #4472C4\">Dob: 8+<\/span><\/p>\n","protected":false},"excerpt":{"rendered":"<p>U\u010di principe prijenosa zup\u010danika i elektroni\u010dkog kruga na prakti\u010dan na\u010din<br \/>\n48 razli\u010ditih uzoraka<br \/>\nDob: 8+ god<\/p>\n","protected":false},"featured_media":29831,"template":"","meta":{"_seopress_robots_primary_cat":"","_seopress_titles_title":"","_seopress_titles_desc":"","_seopress_robots_index":"","iawp_total_views":0},"product_brand":[356],"product_cat":[221,291],"product_tag":[],"class_list":{"0":"post-29830","1":"product","2":"type-product","3":"status-publish","4":"has-post-thumbnail","6":"product_brand-steam","7":"product_cat-igracke","8":"product_cat-igracke-za-djecu-221","10":"first","11":"instock","12":"shipping-taxable","13":"purchasable","14":"product-type-simple"},"_links":{"self":[{"href":"https:\/\/singuli.wpress.me\/index.php\/wp-json\/wp\/v2\/product\/29830","targetHints":{"allow":["GET"]}}],"collection":[{"href":"https:\/\/singuli.wpress.me\/index.php\/wp-json\/wp\/v2\/product"}],"about":[{"href":"https:\/\/singuli.wpress.me\/index.php\/wp-json\/wp\/v2\/types\/product"}],"version-history":[{"count":0,"href":"https:\/\/singuli.wpress.me\/index.php\/wp-json\/wp\/v2\/product\/29830\/revisions"}],"wp:featuredmedia":[{"embeddable":true,"href":"https:\/\/singuli.wpress.me\/index.php\/wp-json\/wp\/v2\/media\/29831"}],"wp:attachment":[{"href":"https:\/\/singuli.wpress.me\/index.php\/wp-json\/wp\/v2\/media?parent=29830"}],"wp:term":[{"taxonomy":"product_brand","embeddable":true,"href":"https:\/\/singuli.wpress.me\/index.php\/wp-json\/wp\/v2\/product_brand?post=29830"},{"taxonomy":"product_cat","embeddable":true,"href":"https:\/\/singuli.wpress.me\/index.php\/wp-json\/wp\/v2\/product_cat?post=29830"},{"taxonomy":"product_tag","embeddable":true,"href":"https:\/\/singuli.wpress.me\/index.php\/wp-json\/wp\/v2\/product_tag?post=29830"}],"curies":[{"name":"wp","href":"https:\/\/api.w.org\/{rel}","templated":true}]}}