{"id":29832,"date":"2026-04-17T00:18:39","date_gmt":"2026-04-17T00:18:39","guid":{"rendered":"https:\/\/singuli.wpress.me\/index.php\/proizvod\/iggy-ziggy-interaktivna-hodalica-slonic\/"},"modified":"2026-04-20T12:32:59","modified_gmt":"2026-04-20T12:32:59","slug":"iggy-ziggy-interaktivna-hodalica-slonic","status":"publish","type":"product","link":"https:\/\/singuli.wpress.me\/index.php\/proizvod\/iggy-ziggy-interaktivna-hodalica-slonic\/","title":{"rendered":"IGGY ZIGGY, interaktivna hodalica, sloni\u0107"},"content":{"rendered":"<p>Upoznajte <span style=\"font-weight: bold\">Interaktivnu hodalicu Sloni\u0107a &#8211; inovativnu igra\u010dku<\/span> koja \u0107e odu\u0161eviti va\u0161e dijete i poticati njegov razvoj na mnogo razli\u010ditih na\u010dina!<\/p>\n<p>Ova hodalica dolazi s daskom za crtanje koja omogu\u0107uje va\u0161em djetetu da se izra\u017eava kroz umjetnost. Mo\u017ee crtati, bojati i razvijati svoju kreativnost dok koristi ovu dasku.<\/p>\n<p>Sloni\u0107 je vi\u0161enamjenska igra\u010dka koja nudi mnogo razli\u010ditih funkcija. Osim \u0161to je interaktivna s vokalnom glazbom, mo\u017ee se rastaviti i koristiti zasebno. Tako\u0111er, poma\u017ee va\u0161em djetetu u prepoznavanju oblika i razvija motori\u010dke vje\u0161tine.<\/p>\n<p>Ova interaktivna hodalica \u0107e pru\u017eiti zabavu i u\u010denje za va\u0161e dijete dok raste. S kombinacijom hodalice, plo\u010de za crtanje i raznih igra\u010daka, ova igra\u010dka \u0107e stimulirati razli\u010dite aspekte djetetovog razvoja.<\/p>\n<p>Dob: +12mj<\/p>\n","protected":false},"excerpt":{"rendered":"<p>Omogu\u0107uje va\u0161em djetetu da se izra\u017eava kroz umjetnost<br \/>\nPoma\u017ee va\u0161em djetetu u prepoznavanju oblika i razvija motori\u010dke vje\u0161tine<br \/>\nDob: 12+m<\/p>\n","protected":false},"featured_media":29833,"template":"","meta":{"_seopress_robots_primary_cat":"","_seopress_titles_title":"","_seopress_titles_desc":"","_seopress_robots_index":"","iawp_total_views":0},"product_brand":[358],"product_cat":[221,291],"product_tag":[],"class_list":{"0":"post-29832","1":"product","2":"type-product","3":"status-publish","4":"has-post-thumbnail","6":"product_brand-iggy-ziggy","7":"product_cat-igracke","8":"product_cat-igracke-za-djecu-221","10":"first","11":"outofstock","12":"shipping-taxable","13":"purchasable","14":"product-type-simple"},"_links":{"self":[{"href":"https:\/\/singuli.wpress.me\/index.php\/wp-json\/wp\/v2\/product\/29832","targetHints":{"allow":["GET"]}}],"collection":[{"href":"https:\/\/singuli.wpress.me\/index.php\/wp-json\/wp\/v2\/product"}],"about":[{"href":"https:\/\/singuli.wpress.me\/index.php\/wp-json\/wp\/v2\/types\/product"}],"version-history":[{"count":0,"href":"https:\/\/singuli.wpress.me\/index.php\/wp-json\/wp\/v2\/product\/29832\/revisions"}],"wp:featuredmedia":[{"embeddable":true,"href":"https:\/\/singuli.wpress.me\/index.php\/wp-json\/wp\/v2\/media\/29833"}],"wp:attachment":[{"href":"https:\/\/singuli.wpress.me\/index.php\/wp-json\/wp\/v2\/media?parent=29832"}],"wp:term":[{"taxonomy":"product_brand","embeddable":true,"href":"https:\/\/singuli.wpress.me\/index.php\/wp-json\/wp\/v2\/product_brand?post=29832"},{"taxonomy":"product_cat","embeddable":true,"href":"https:\/\/singuli.wpress.me\/index.php\/wp-json\/wp\/v2\/product_cat?post=29832"},{"taxonomy":"product_tag","embeddable":true,"href":"https:\/\/singuli.wpress.me\/index.php\/wp-json\/wp\/v2\/product_tag?post=29832"}],"curies":[{"name":"wp","href":"https:\/\/api.w.org\/{rel}","templated":true}]}}