{"id":29835,"date":"2026-04-17T00:18:41","date_gmt":"2026-04-17T00:18:41","guid":{"rendered":"https:\/\/singuli.wpress.me\/index.php\/proizvod\/iggy-ziggy-glazbeni-telefon-za-bebe\/"},"modified":"2026-04-21T00:26:31","modified_gmt":"2026-04-21T00:26:31","slug":"iggy-ziggy-glazbeni-telefon-za-bebe","status":"publish","type":"product","link":"https:\/\/singuli.wpress.me\/index.php\/proizvod\/iggy-ziggy-glazbeni-telefon-za-bebe\/","title":{"rendered":"IGGY ZIGGY, glazbeni telefon, za bebe"},"content":{"rendered":"<p><span style=\"font-weight: bold;color: #4472C4\">Upoznajte Baby Glazbeni Telefon &#8211; vi\u0161enamjenski i edukativni mobilni telefon koji \u0107e odu\u0161eviti va\u0161u malu istra\u017eiva\u010dicu ili istra\u017eiva\u010da! Ovaj muzi\u010dki telefon radi na baterije i pru\u017ea brojne interaktivne mogu\u0107nosti.<\/span><span style=\"color: #4472C4\"><\/p>\n<p>Osim \u0161to nudi raznovrsne funkcije za u\u010denje, ovaj telefon ima i svjetlosne efekte u boji koji poma\u017eu ja\u010danju pa\u017enje va\u0161e bebe. Kvalitetni materijali od kojih je izra\u0111en \u010dine ga izdr\u017eljivim i otpornim na padove i ogrebotine, \u0161to je savr\u0161eno za mali\u0161ane.<\/p>\n<p>Posebno isti\u010demo 3D prostorni zvuk koji dodaje dubinu i interaktivnost u igru. I ono najbolje, ovaj proizvod dolazi s uklju\u010denim baterijama, tako da je spreman za igru \u010dim ga izvadite iz kutije. Baby Muzi\u010dki Telefon \u0107e potaknuti djetetov razvoj i pru\u017eiti sate zabave i u\u010denja.<\/p>\n<p><\/span><span style=\"font-weight: bold;color: #4472C4\">Dob: +18mj<\/span><\/p>\n","protected":false},"excerpt":{"rendered":"<p>Nudi raznovrsne funkcije za u\u010denje<br \/>\nProizvod dolazi s uklju\u010denim baterijama<br \/>\nDob: 18+m<\/p>\n","protected":false},"featured_media":29836,"template":"","meta":{"_seopress_robots_primary_cat":"","_seopress_titles_title":"","_seopress_titles_desc":"","_seopress_robots_index":"","iawp_total_views":0},"product_brand":[358],"product_cat":[221,291],"product_tag":[],"class_list":{"0":"post-29835","1":"product","2":"type-product","3":"status-publish","4":"has-post-thumbnail","6":"product_brand-iggy-ziggy","7":"product_cat-igracke","8":"product_cat-igracke-za-djecu-221","10":"first","11":"outofstock","12":"shipping-taxable","13":"purchasable","14":"product-type-simple"},"_links":{"self":[{"href":"https:\/\/singuli.wpress.me\/index.php\/wp-json\/wp\/v2\/product\/29835","targetHints":{"allow":["GET"]}}],"collection":[{"href":"https:\/\/singuli.wpress.me\/index.php\/wp-json\/wp\/v2\/product"}],"about":[{"href":"https:\/\/singuli.wpress.me\/index.php\/wp-json\/wp\/v2\/types\/product"}],"version-history":[{"count":0,"href":"https:\/\/singuli.wpress.me\/index.php\/wp-json\/wp\/v2\/product\/29835\/revisions"}],"wp:featuredmedia":[{"embeddable":true,"href":"https:\/\/singuli.wpress.me\/index.php\/wp-json\/wp\/v2\/media\/29836"}],"wp:attachment":[{"href":"https:\/\/singuli.wpress.me\/index.php\/wp-json\/wp\/v2\/media?parent=29835"}],"wp:term":[{"taxonomy":"product_brand","embeddable":true,"href":"https:\/\/singuli.wpress.me\/index.php\/wp-json\/wp\/v2\/product_brand?post=29835"},{"taxonomy":"product_cat","embeddable":true,"href":"https:\/\/singuli.wpress.me\/index.php\/wp-json\/wp\/v2\/product_cat?post=29835"},{"taxonomy":"product_tag","embeddable":true,"href":"https:\/\/singuli.wpress.me\/index.php\/wp-json\/wp\/v2\/product_tag?post=29835"}],"curies":[{"name":"wp","href":"https:\/\/api.w.org\/{rel}","templated":true}]}}