{"id":29838,"date":"2026-04-17T00:18:42","date_gmt":"2026-04-17T00:18:42","guid":{"rendered":"https:\/\/singuli.wpress.me\/index.php\/proizvod\/iggy-ziggy-spiralni-toranj-s-lopticama\/"},"modified":"2026-04-20T12:32:59","modified_gmt":"2026-04-20T12:32:59","slug":"iggy-ziggy-spiralni-toranj-s-lopticama","status":"publish","type":"product","link":"https:\/\/singuli.wpress.me\/index.php\/proizvod\/iggy-ziggy-spiralni-toranj-s-lopticama\/","title":{"rendered":"IGGY ZIGGY, spiralni toranj, s lopticama"},"content":{"rendered":"<p><span style=\"font-weight: bold;color: #4472C4\">Upoznajte \u010darobni Spiralni toranj s lopticama! <\/span><span style=\"color: #4472C4\"><br \/>\nOva igra\u010dka osvaja svojim jednostavnim, ali zabavnim dizajnom.<\/p>\n<p>Na vrhu toranja smjestila se slatka kuglica koju mo\u017eete pustiti da se spusti niz spiralu. Dok se kuglica spu\u0161ta, slobodno mo\u017eete staviti malu kuglicu u usta majmun\u010di\u0107a na dnu spirale.<br \/>\nMajmun\u010di\u0107 \u0107e veselo promatrati kako se kuglica slobodno kotrlja niz spiralu. <\/p>\n<p>Ova igra\u010dka poti\u010de razvoj motori\u010dkih vje\u0161tina i promatranje, a istovremeno pru\u017ea neograni\u010denu koli\u010dinu zabave i odu\u0161evljenja za va\u0161e dijete. <\/p>\n<p>Spiralni toranj s lopticama je jednostavno najbolji na\u010din da se va\u0161e dijete igra i u\u010di istovremeno.<\/p>\n<p><\/span><span style=\"font-weight: bold;color: #4472C4\">Dob: +18mj<\/span><\/p>\n","protected":false},"excerpt":{"rendered":"<p>Poti\u010de razvoj motori\u010dkih vje\u0161tina i promatranje<br \/>\nPru\u017ea neograni\u010denu koli\u010dinu zabave i odu\u0161evljenja za va\u0161e dijete<br \/>\nDob: 18+m<\/p>\n","protected":false},"featured_media":29839,"template":"","meta":{"_seopress_robots_primary_cat":"","_seopress_titles_title":"","_seopress_titles_desc":"","_seopress_robots_index":"","iawp_total_views":0},"product_brand":[358],"product_cat":[221,291],"product_tag":[],"class_list":{"0":"post-29838","1":"product","2":"type-product","3":"status-publish","4":"has-post-thumbnail","6":"product_brand-iggy-ziggy","7":"product_cat-igracke","8":"product_cat-igracke-za-djecu-221","10":"first","11":"instock","12":"shipping-taxable","13":"purchasable","14":"product-type-simple"},"_links":{"self":[{"href":"https:\/\/singuli.wpress.me\/index.php\/wp-json\/wp\/v2\/product\/29838","targetHints":{"allow":["GET"]}}],"collection":[{"href":"https:\/\/singuli.wpress.me\/index.php\/wp-json\/wp\/v2\/product"}],"about":[{"href":"https:\/\/singuli.wpress.me\/index.php\/wp-json\/wp\/v2\/types\/product"}],"version-history":[{"count":0,"href":"https:\/\/singuli.wpress.me\/index.php\/wp-json\/wp\/v2\/product\/29838\/revisions"}],"wp:featuredmedia":[{"embeddable":true,"href":"https:\/\/singuli.wpress.me\/index.php\/wp-json\/wp\/v2\/media\/29839"}],"wp:attachment":[{"href":"https:\/\/singuli.wpress.me\/index.php\/wp-json\/wp\/v2\/media?parent=29838"}],"wp:term":[{"taxonomy":"product_brand","embeddable":true,"href":"https:\/\/singuli.wpress.me\/index.php\/wp-json\/wp\/v2\/product_brand?post=29838"},{"taxonomy":"product_cat","embeddable":true,"href":"https:\/\/singuli.wpress.me\/index.php\/wp-json\/wp\/v2\/product_cat?post=29838"},{"taxonomy":"product_tag","embeddable":true,"href":"https:\/\/singuli.wpress.me\/index.php\/wp-json\/wp\/v2\/product_tag?post=29838"}],"curies":[{"name":"wp","href":"https:\/\/api.w.org\/{rel}","templated":true}]}}