{"id":29841,"date":"2026-04-17T00:18:43","date_gmt":"2026-04-17T00:18:43","guid":{"rendered":"https:\/\/singuli.wpress.me\/index.php\/proizvod\/ot-plis-iz-interaktivna-plisana-igracka-brbljava-papiga\/"},"modified":"2026-04-20T12:32:59","modified_gmt":"2026-04-20T12:32:59","slug":"ot-plis-iz-interaktivna-plisana-igracka-brbljava-papiga","status":"publish","type":"product","link":"https:\/\/singuli.wpress.me\/index.php\/proizvod\/ot-plis-iz-interaktivna-plisana-igracka-brbljava-papiga\/","title":{"rendered":"OT PLIS IZ, interaktivna pli\u0161ana igra\u010dka, brbljava papiga"},"content":{"rendered":"<p><span style=\"font-weight: bold\">Upoznajte Peru, Interaktivnu pli\u0161anu brbljivu papigu!<\/span><br \/>\nOva \u0161armantna igra\u010dka donosi dozu zabave i interakcije u svakodnevnu igru.<br \/>\nNjegova je posebnost u sposobnosti da razgovara s vama.<\/p>\n<p>U pakiranje su uklju\u010dene 3 AA baterije, \u0161to zna\u010di da je spreman za akciju \u010dim ga izvadite iz kutije.<\/p>\n<p>Ova brbljava papiga \u0107e odgovarati na va\u0161e rije\u010di i zvukove, stvaraju\u0107i veselu atmosferu u va\u0161em domu. Va\u0161a djeca \u0107e se zabavljati dok komuniciraju s Perom, a ova igra\u010dka tako\u0111er poti\u010de verbalnu interakciju i komunikacijske vje\u0161tine.<\/p>\n<p>U\u017eivajte u zabavi s Perom, interaktivnom pli\u0161anom brbljivom papigom, koja \u0107e donijeti smijeh i veselje u va\u0161u obitelj.<\/p>\n<p>Dob: 3+<\/p>\n","protected":false},"excerpt":{"rendered":"<p>U pakiranje su uklju\u010dene 3 AA baterije<br \/>\nPoti\u010de verbalnu interakciju i komunikacijske vje\u0161tine<br \/>\nDob: 3+ god<\/p>\n","protected":false},"featured_media":29842,"template":"","meta":{"_seopress_robots_primary_cat":"","_seopress_titles_title":"","_seopress_titles_desc":"","_seopress_robots_index":"","iawp_total_views":0},"product_brand":[360],"product_cat":[221,291],"product_tag":[],"class_list":{"0":"post-29841","1":"product","2":"type-product","3":"status-publish","4":"has-post-thumbnail","6":"product_brand-ot-plis-iz","7":"product_cat-igracke","8":"product_cat-igracke-za-djecu-221","10":"first","11":"outofstock","12":"shipping-taxable","13":"purchasable","14":"product-type-simple"},"_links":{"self":[{"href":"https:\/\/singuli.wpress.me\/index.php\/wp-json\/wp\/v2\/product\/29841","targetHints":{"allow":["GET"]}}],"collection":[{"href":"https:\/\/singuli.wpress.me\/index.php\/wp-json\/wp\/v2\/product"}],"about":[{"href":"https:\/\/singuli.wpress.me\/index.php\/wp-json\/wp\/v2\/types\/product"}],"version-history":[{"count":0,"href":"https:\/\/singuli.wpress.me\/index.php\/wp-json\/wp\/v2\/product\/29841\/revisions"}],"wp:featuredmedia":[{"embeddable":true,"href":"https:\/\/singuli.wpress.me\/index.php\/wp-json\/wp\/v2\/media\/29842"}],"wp:attachment":[{"href":"https:\/\/singuli.wpress.me\/index.php\/wp-json\/wp\/v2\/media?parent=29841"}],"wp:term":[{"taxonomy":"product_brand","embeddable":true,"href":"https:\/\/singuli.wpress.me\/index.php\/wp-json\/wp\/v2\/product_brand?post=29841"},{"taxonomy":"product_cat","embeddable":true,"href":"https:\/\/singuli.wpress.me\/index.php\/wp-json\/wp\/v2\/product_cat?post=29841"},{"taxonomy":"product_tag","embeddable":true,"href":"https:\/\/singuli.wpress.me\/index.php\/wp-json\/wp\/v2\/product_tag?post=29841"}],"curies":[{"name":"wp","href":"https:\/\/api.w.org\/{rel}","templated":true}]}}