{"id":29847,"date":"2026-04-17T00:18:47","date_gmt":"2026-04-17T00:18:47","guid":{"rendered":"https:\/\/singuli.wpress.me\/index.php\/proizvod\/iggy-ziggy-toranj-za-slaganje-roly-poly\/"},"modified":"2026-04-20T12:32:59","modified_gmt":"2026-04-20T12:32:59","slug":"iggy-ziggy-toranj-za-slaganje-roly-poly","status":"publish","type":"product","link":"https:\/\/singuli.wpress.me\/index.php\/proizvod\/iggy-ziggy-toranj-za-slaganje-roly-poly\/","title":{"rendered":"IGGY ZIGGY, toranj za slaganje, Roly Poly"},"content":{"rendered":"<p><span style=\"font-weight: bold;color: #4472C4\">Predstavljamo vam \u0161arenu i zabavnu igra\u010dku &#8211; Toranj za slaganje Roly Poly s prstenovima! <\/span><span style=\"color: #4472C4\"><br \/>\nOva igra\u010dka nudi raznovrsne na\u010dine igre koji \u0107e odu\u0161eviti va\u0161eg malog istra\u017eiva\u010da.<\/p>\n<p>Uz tri razli\u010dita na\u010dina igre, va\u0161e dijete mo\u017ee u\u017eivati u vje\u0161tini slaganja prstenova.<\/p>\n<p>Ova igra\u010dka ne samo da poti\u010de motori\u010dke vje\u0161tine i koordinaciju, ve\u0107 i razvija kreativnost i logi\u010dko razmi\u0161ljanje.<\/p>\n<p>Toranj za slaganje Roly Poly s prstenovima je sjajan na\u010din da va\u0161e dijete istra\u017euje, u\u010di i zabavlja se istovremeno.<\/p>\n<p><\/span><span style=\"font-weight: bold;color: #4472C4\">Dob: +6mj<\/span><\/p>\n","protected":false},"excerpt":{"rendered":"<p>Poti\u010de motori\u010dke vje\u0161tine i koordinaciju<br \/>\nRazvija kreativnost i logi\u010dko razmi\u0161ljanje<br \/>\nDob: 6+m<\/p>\n","protected":false},"featured_media":29848,"template":"","meta":{"_seopress_robots_primary_cat":"","_seopress_titles_title":"","_seopress_titles_desc":"","_seopress_robots_index":"","iawp_total_views":0},"product_brand":[358],"product_cat":[221,291],"product_tag":[],"class_list":{"0":"post-29847","1":"product","2":"type-product","3":"status-publish","4":"has-post-thumbnail","6":"product_brand-iggy-ziggy","7":"product_cat-igracke","8":"product_cat-igracke-za-djecu-221","10":"first","11":"outofstock","12":"shipping-taxable","13":"purchasable","14":"product-type-simple"},"_links":{"self":[{"href":"https:\/\/singuli.wpress.me\/index.php\/wp-json\/wp\/v2\/product\/29847","targetHints":{"allow":["GET"]}}],"collection":[{"href":"https:\/\/singuli.wpress.me\/index.php\/wp-json\/wp\/v2\/product"}],"about":[{"href":"https:\/\/singuli.wpress.me\/index.php\/wp-json\/wp\/v2\/types\/product"}],"version-history":[{"count":0,"href":"https:\/\/singuli.wpress.me\/index.php\/wp-json\/wp\/v2\/product\/29847\/revisions"}],"wp:featuredmedia":[{"embeddable":true,"href":"https:\/\/singuli.wpress.me\/index.php\/wp-json\/wp\/v2\/media\/29848"}],"wp:attachment":[{"href":"https:\/\/singuli.wpress.me\/index.php\/wp-json\/wp\/v2\/media?parent=29847"}],"wp:term":[{"taxonomy":"product_brand","embeddable":true,"href":"https:\/\/singuli.wpress.me\/index.php\/wp-json\/wp\/v2\/product_brand?post=29847"},{"taxonomy":"product_cat","embeddable":true,"href":"https:\/\/singuli.wpress.me\/index.php\/wp-json\/wp\/v2\/product_cat?post=29847"},{"taxonomy":"product_tag","embeddable":true,"href":"https:\/\/singuli.wpress.me\/index.php\/wp-json\/wp\/v2\/product_tag?post=29847"}],"curies":[{"name":"wp","href":"https:\/\/api.w.org\/{rel}","templated":true}]}}