{"id":29850,"date":"2026-04-17T00:18:48","date_gmt":"2026-04-17T00:18:48","guid":{"rendered":"https:\/\/singuli.wpress.me\/index.php\/proizvod\/steam-3u1-hidraulicna-vozila\/"},"modified":"2026-04-20T12:32:59","modified_gmt":"2026-04-20T12:32:59","slug":"steam-3u1-hidraulicna-vozila","status":"publish","type":"product","link":"https:\/\/singuli.wpress.me\/index.php\/proizvod\/steam-3u1-hidraulicna-vozila\/","title":{"rendered":"STEAM 3u1, hidrauli\u010dna vozila"},"content":{"rendered":"<p><span style=\"font-weight: bold;color: #4472C4\">Predstavljamo vam fascinantnu Hidrauli\u010dnu DIY STEAM igra\u010dku! <\/span><span style=\"color: #4472C4\"><\/p>\n<p>Ovaj set <\/span><span style=\"font-weight: bold;color: #4472C4\">sadr\u017ei 130 dijelova<\/span><span style=\"color: #4472C4\">, pru\u017eaju\u0107i vam priliku za izazovno in\u017eenjersko iskustvo. <br \/>\n\u0160to ga \u010dini izuzetnim je \u010dinjenica da ne treba baterije ili motor; pokre\u0107e ga samo obi\u010dna voda, koriste\u0107i osnove hidrauli\u010dne energije. <\/p>\n<p>Ova iznena\u0111uju\u0107a tehnologija omogu\u0107ava precizno i u\u010dinkovito upravljanje vozilom u svim gra\u0111evinskim zadacima. <\/p>\n<p>Osim \u0161to je zabavna, <\/span><span style=\"font-weight: bold;color: #4472C4\">ova igra\u010dka pru\u017ea priliku za u\u010denje osnova hidrauli\u010dnog in\u017eenjeringa na interaktivan na\u010din. <\/span><span style=\"color: #4472C4\"><\/p>\n<p><\/span><span style=\"font-weight: bold;color: #4472C4\">Dob: 8+<\/span><\/p>\n","protected":false},"excerpt":{"rendered":"<p>Pokre\u0107e ga samo obi\u010dna voda<br \/>\nSadr\u017ei 130 dijelova<br \/>\nDob: 8+ god<\/p>\n","protected":false},"featured_media":29851,"template":"","meta":{"_seopress_robots_primary_cat":"","_seopress_titles_title":"","_seopress_titles_desc":"","_seopress_robots_index":"","iawp_total_views":0},"product_brand":[356],"product_cat":[243,273],"product_tag":[],"class_list":{"0":"post-29850","1":"product","2":"type-product","3":"status-publish","4":"has-post-thumbnail","6":"product_brand-steam","7":"product_cat-automobili-i-motori","8":"product_cat-njega-vozila-243","10":"first","11":"instock","12":"shipping-taxable","13":"purchasable","14":"product-type-simple"},"_links":{"self":[{"href":"https:\/\/singuli.wpress.me\/index.php\/wp-json\/wp\/v2\/product\/29850","targetHints":{"allow":["GET"]}}],"collection":[{"href":"https:\/\/singuli.wpress.me\/index.php\/wp-json\/wp\/v2\/product"}],"about":[{"href":"https:\/\/singuli.wpress.me\/index.php\/wp-json\/wp\/v2\/types\/product"}],"version-history":[{"count":0,"href":"https:\/\/singuli.wpress.me\/index.php\/wp-json\/wp\/v2\/product\/29850\/revisions"}],"wp:featuredmedia":[{"embeddable":true,"href":"https:\/\/singuli.wpress.me\/index.php\/wp-json\/wp\/v2\/media\/29851"}],"wp:attachment":[{"href":"https:\/\/singuli.wpress.me\/index.php\/wp-json\/wp\/v2\/media?parent=29850"}],"wp:term":[{"taxonomy":"product_brand","embeddable":true,"href":"https:\/\/singuli.wpress.me\/index.php\/wp-json\/wp\/v2\/product_brand?post=29850"},{"taxonomy":"product_cat","embeddable":true,"href":"https:\/\/singuli.wpress.me\/index.php\/wp-json\/wp\/v2\/product_cat?post=29850"},{"taxonomy":"product_tag","embeddable":true,"href":"https:\/\/singuli.wpress.me\/index.php\/wp-json\/wp\/v2\/product_tag?post=29850"}],"curies":[{"name":"wp","href":"https:\/\/api.w.org\/{rel}","templated":true}]}}