{"id":29852,"date":"2026-04-17T00:18:49","date_gmt":"2026-04-17T00:18:49","guid":{"rendered":"https:\/\/singuli.wpress.me\/index.php\/proizvod\/iggy-ziggy-interaktivna-podloga-za-igru-s-pianom\/"},"modified":"2026-04-21T00:26:31","modified_gmt":"2026-04-21T00:26:31","slug":"iggy-ziggy-interaktivna-podloga-za-igru-s-pianom","status":"publish","type":"product","link":"https:\/\/singuli.wpress.me\/index.php\/proizvod\/iggy-ziggy-interaktivna-podloga-za-igru-s-pianom\/","title":{"rendered":"IGGY ZIGGY, interaktivna podloga za igru, s pianom"},"content":{"rendered":"<p><span style=\"font-weight: bold;color: #4472C4\">Predstavljamo vam Interaktivnu podlogu za igru s pianom &#8211; inovativnu igra\u010dku koja pru\u017ea izobilje zabave i edukacije za va\u0161e dijete! <\/span><span style=\"color: #4472C4\"><\/p>\n<p>Ova vi\u0161enamjenska podloga osmi\u0161ljena je kako bi potaknula rano obrazovanje i vje\u017ebanje s dodatkom odvojivih privjesaka. Sredi\u0161nja zvjezdasta klavirska plo\u010da nudi vi\u0161enamjensku svjetlosnu i glazbenu zabavu. Lako se prebacuje izme\u0111u razli\u010ditih glazbenih opcija i na\u010dina rada, pru\u017eaju\u0107i raznoliku igru i u\u010denje. Najbolje od svega, ova podloga ima dvije mogu\u0107nosti &#8211; mo\u017ee se koristiti le\u017ee\u0107i ili sjede\u0107i, \u0161to prilago\u0111ava igru djetetovoj dobi i razvojnim potrebama. Ova interaktivna igra\u010dka je odli\u010dan na\u010din za poticanje kreativnosti, razvoj motori\u010dkih vje\u0161tina i glazbenog razumijevanja kod va\u0161eg djeteta. S njom \u0107e u\u010denje i trenuci igre biti nezaboravni!<\/p>\n<p><\/span><span style=\"font-weight: bold;color: #4472C4\">Dob: +0mj<\/span><\/p>\n","protected":false},"excerpt":{"rendered":"<p>Osmi\u0161ljena je kako bi potaknula rano obrazovanje i vje\u017ebanje<br \/>\nMo\u017ee se koristiti le\u017ee\u0107i ili sjede\u0107i<br \/>\nDob: 0+m<\/p>\n","protected":false},"featured_media":29853,"template":"","meta":{"_seopress_robots_primary_cat":"","_seopress_titles_title":"","_seopress_titles_desc":"","_seopress_robots_index":"","iawp_total_views":0},"product_brand":[358],"product_cat":[221,291],"product_tag":[],"class_list":{"0":"post-29852","1":"product","2":"type-product","3":"status-publish","4":"has-post-thumbnail","6":"product_brand-iggy-ziggy","7":"product_cat-igracke","8":"product_cat-igracke-za-djecu-221","10":"first","11":"instock","12":"shipping-taxable","13":"purchasable","14":"product-type-simple"},"_links":{"self":[{"href":"https:\/\/singuli.wpress.me\/index.php\/wp-json\/wp\/v2\/product\/29852","targetHints":{"allow":["GET"]}}],"collection":[{"href":"https:\/\/singuli.wpress.me\/index.php\/wp-json\/wp\/v2\/product"}],"about":[{"href":"https:\/\/singuli.wpress.me\/index.php\/wp-json\/wp\/v2\/types\/product"}],"version-history":[{"count":0,"href":"https:\/\/singuli.wpress.me\/index.php\/wp-json\/wp\/v2\/product\/29852\/revisions"}],"wp:featuredmedia":[{"embeddable":true,"href":"https:\/\/singuli.wpress.me\/index.php\/wp-json\/wp\/v2\/media\/29853"}],"wp:attachment":[{"href":"https:\/\/singuli.wpress.me\/index.php\/wp-json\/wp\/v2\/media?parent=29852"}],"wp:term":[{"taxonomy":"product_brand","embeddable":true,"href":"https:\/\/singuli.wpress.me\/index.php\/wp-json\/wp\/v2\/product_brand?post=29852"},{"taxonomy":"product_cat","embeddable":true,"href":"https:\/\/singuli.wpress.me\/index.php\/wp-json\/wp\/v2\/product_cat?post=29852"},{"taxonomy":"product_tag","embeddable":true,"href":"https:\/\/singuli.wpress.me\/index.php\/wp-json\/wp\/v2\/product_tag?post=29852"}],"curies":[{"name":"wp","href":"https:\/\/api.w.org\/{rel}","templated":true}]}}