{"id":29855,"date":"2026-04-17T00:18:52","date_gmt":"2026-04-17T00:18:52","guid":{"rendered":"https:\/\/singuli.wpress.me\/index.php\/proizvod\/iggy-ziggy-interaktivna-hodalica-i-stolic-2u1\/"},"modified":"2026-04-20T12:32:59","modified_gmt":"2026-04-20T12:32:59","slug":"iggy-ziggy-interaktivna-hodalica-i-stolic-2u1","status":"publish","type":"product","link":"https:\/\/singuli.wpress.me\/index.php\/proizvod\/iggy-ziggy-interaktivna-hodalica-i-stolic-2u1\/","title":{"rendered":"IGGY ZIGGY, interaktivna hodalica, i stoli\u0107 2u1"},"content":{"rendered":"<p><span style=\"font-weight: bold;color: #4472C4\">Predstavljamo vam Interaktivnu hodalica i stoli\u0107 2 u 1 &#8211; inovativnu igra\u010dku koja \u0107e pru\u017eiti vi\u0161enamjensku zabavu i podr\u017eati razvoj va\u0161e bebe na razli\u010dite na\u010dine!<\/span><span style=\"color: #4472C4\"><\/p>\n<p>Ova 2-u-1 igra\u010dka kombinira funkciju stola za igru i hodalice. Ima odvojivu i prenosivu plo\u010du s raznovrsnim funkcijama i igra\u010dkama koje \u0107e odu\u0161eviti va\u0161u bebu. Osim \u0161to \u0107e pru\u017eiti igru, ova plo\u010da poti\u010de razvoj motori\u010dkih vje\u0161tina i kognitivnih sposobnosti.Kota\u010di na hodalici omogu\u0107uju pode\u0161avanje brzine guranja. Ru\u010dka se tako\u0111er mo\u017ee prilagoditi visini va\u0161e bebe, osiguravaju\u0107i da je udobna i sigurna tijekom igre i u\u010denja.Ova interaktivna hodalica i stoli\u0107 2 u 1 su savr\u0161eni partneri tijekom rasta i razvoja va\u0161e bebe. Pru\u017eit \u0107e joj priliku za istra\u017eivanje, u\u010denje i zabavu dok raste i razvija se.<\/p>\n<p><\/span><span style=\"font-weight: bold;color: #4472C4\">Dob: +12mj<\/span><\/p>\n","protected":false},"excerpt":{"rendered":"<p>Poti\u010de razvoj motori\u010dkih vje\u0161tina i kognitivnih sposobnosti<br \/>\nKombinira funkciju stola za igru i hodalice<br \/>\nDob: 12+m<\/p>\n","protected":false},"featured_media":29856,"template":"","meta":{"_seopress_robots_primary_cat":"","_seopress_titles_title":"","_seopress_titles_desc":"","_seopress_robots_index":"","iawp_total_views":0},"product_brand":[358],"product_cat":[221,291],"product_tag":[],"class_list":{"0":"post-29855","1":"product","2":"type-product","3":"status-publish","4":"has-post-thumbnail","6":"product_brand-iggy-ziggy","7":"product_cat-igracke","8":"product_cat-igracke-za-djecu-221","10":"first","11":"outofstock","12":"shipping-taxable","13":"purchasable","14":"product-type-simple"},"_links":{"self":[{"href":"https:\/\/singuli.wpress.me\/index.php\/wp-json\/wp\/v2\/product\/29855","targetHints":{"allow":["GET"]}}],"collection":[{"href":"https:\/\/singuli.wpress.me\/index.php\/wp-json\/wp\/v2\/product"}],"about":[{"href":"https:\/\/singuli.wpress.me\/index.php\/wp-json\/wp\/v2\/types\/product"}],"version-history":[{"count":0,"href":"https:\/\/singuli.wpress.me\/index.php\/wp-json\/wp\/v2\/product\/29855\/revisions"}],"wp:featuredmedia":[{"embeddable":true,"href":"https:\/\/singuli.wpress.me\/index.php\/wp-json\/wp\/v2\/media\/29856"}],"wp:attachment":[{"href":"https:\/\/singuli.wpress.me\/index.php\/wp-json\/wp\/v2\/media?parent=29855"}],"wp:term":[{"taxonomy":"product_brand","embeddable":true,"href":"https:\/\/singuli.wpress.me\/index.php\/wp-json\/wp\/v2\/product_brand?post=29855"},{"taxonomy":"product_cat","embeddable":true,"href":"https:\/\/singuli.wpress.me\/index.php\/wp-json\/wp\/v2\/product_cat?post=29855"},{"taxonomy":"product_tag","embeddable":true,"href":"https:\/\/singuli.wpress.me\/index.php\/wp-json\/wp\/v2\/product_tag?post=29855"}],"curies":[{"name":"wp","href":"https:\/\/api.w.org\/{rel}","templated":true}]}}