{"id":29858,"date":"2026-04-17T00:18:55","date_gmt":"2026-04-17T00:18:55","guid":{"rendered":"https:\/\/singuli.wpress.me\/index.php\/proizvod\/iggy-ziggy-igracka-za-kolica\/"},"modified":"2026-04-20T12:32:59","modified_gmt":"2026-04-20T12:32:59","slug":"iggy-ziggy-igracka-za-kolica","status":"publish","type":"product","link":"https:\/\/singuli.wpress.me\/index.php\/proizvod\/iggy-ziggy-igracka-za-kolica\/","title":{"rendered":"IGGY ZIGGY, igra\u010dka, za kolica"},"content":{"rendered":"<p><span style=\"font-weight: bold;color: #4472C4\">Upoznajte ovu iznimno prakti\u010dnu i zabavnu Igra\u010dku za kolica ili kreveti\u0107! <\/span><span style=\"color: #4472C4\"><\/p>\n<p>Ova vi\u0161enamjenska igra\u010dka pru\u017ea obilje igre i zabave za va\u0161e dijete. <\/p>\n<p>Ova igra\u010dka je fleksibilna i jednostavna za preklopiti, \u0161to je \u010dini prakti\u010dnom za pohranu i idealnom za putovanja. Mo\u017eete je koristiti na vi\u0161e mjesta, bilo da su u pitanju kolica, krevet ili druge povr\u0161ine. Spiralna kop\u010da je \u010dvrsta i pouzdana. Leptir je izra\u0111en od \u0161u\u0161kaju\u0107eg papira, \u0161to dodaje dodatnu senzornu dimenziju igri. Povla\u010denjem p\u010dele, krila \u0107e se pomicati, dok \u0107e se povla\u010denjem bubamare pokrenuti ventilator &#8211; ova interakcija \u0107e fascinirati va\u0161e dijete. Ova igra\u010dka za kolica pru\u017ea ne samo zabavu, ve\u0107 i poti\u010de razvoj motori\u010dkih vje\u0161tina i senzornu percepciju kod djece. Idealna je za interaktivnu igru i u\u010denje dok ste u pokretu ili kod ku\u0107e.<br \/>\n<\/span><span style=\"font-weight: bold;color: #4472C4\"><br \/>\nDob: +0mj<\/span><\/p>\n","protected":false},"excerpt":{"rendered":"<p>Pru\u017ea obilje igre i zabave za va\u0161e dijete<br \/>\nPoti\u010de razvoj motori\u010dkih vje\u0161tina i senzornu percepciju<br \/>\nDob: 0+m<\/p>\n","protected":false},"featured_media":29859,"template":"","meta":{"_seopress_robots_primary_cat":"","_seopress_titles_title":"","_seopress_titles_desc":"","_seopress_robots_index":"","iawp_total_views":0},"product_brand":[358],"product_cat":[221,291],"product_tag":[],"class_list":{"0":"post-29858","1":"product","2":"type-product","3":"status-publish","4":"has-post-thumbnail","6":"product_brand-iggy-ziggy","7":"product_cat-igracke","8":"product_cat-igracke-za-djecu-221","10":"first","11":"outofstock","12":"shipping-taxable","13":"purchasable","14":"product-type-simple"},"_links":{"self":[{"href":"https:\/\/singuli.wpress.me\/index.php\/wp-json\/wp\/v2\/product\/29858","targetHints":{"allow":["GET"]}}],"collection":[{"href":"https:\/\/singuli.wpress.me\/index.php\/wp-json\/wp\/v2\/product"}],"about":[{"href":"https:\/\/singuli.wpress.me\/index.php\/wp-json\/wp\/v2\/types\/product"}],"version-history":[{"count":0,"href":"https:\/\/singuli.wpress.me\/index.php\/wp-json\/wp\/v2\/product\/29858\/revisions"}],"wp:featuredmedia":[{"embeddable":true,"href":"https:\/\/singuli.wpress.me\/index.php\/wp-json\/wp\/v2\/media\/29859"}],"wp:attachment":[{"href":"https:\/\/singuli.wpress.me\/index.php\/wp-json\/wp\/v2\/media?parent=29858"}],"wp:term":[{"taxonomy":"product_brand","embeddable":true,"href":"https:\/\/singuli.wpress.me\/index.php\/wp-json\/wp\/v2\/product_brand?post=29858"},{"taxonomy":"product_cat","embeddable":true,"href":"https:\/\/singuli.wpress.me\/index.php\/wp-json\/wp\/v2\/product_cat?post=29858"},{"taxonomy":"product_tag","embeddable":true,"href":"https:\/\/singuli.wpress.me\/index.php\/wp-json\/wp\/v2\/product_tag?post=29858"}],"curies":[{"name":"wp","href":"https:\/\/api.w.org\/{rel}","templated":true}]}}