{"id":29868,"date":"2026-04-17T00:19:02","date_gmt":"2026-04-17T00:19:02","guid":{"rendered":"https:\/\/singuli.wpress.me\/index.php\/proizvod\/di-ring-4-five-drustvena-igra\/"},"modified":"2026-04-21T00:26:31","modified_gmt":"2026-04-21T00:26:31","slug":"di-ring-4-five-drustvena-igra","status":"publish","type":"product","link":"https:\/\/singuli.wpress.me\/index.php\/proizvod\/di-ring-4-five-drustvena-igra\/","title":{"rendered":"DI Ring 4 five, dru\u0161tvena igra"},"content":{"rendered":"<p><span style=\"font-weight: bold;color: #4472C4\">Brzo zbrajaj, po zvoncu udaraj!<\/span><span style=\"color: #4472C4\"><\/p>\n<p>Nova, dinami\u010dna dru\u0161tvena igra, namijenjena cijeloj obitelji! <br \/>\nPrepoznatljivog koncepta koji pru\u017ea sate smijeha i lude zabave. U ovoj igri pobje\u0111uje igra\u010d koji je najbr\u017ei u zbrajanju i opa\u017eanju. <br \/>\nZbroji 5 istih povr\u0107a na kartama koje su na stolu, udari zvonce i sakupi \u0161to vi\u0161e karata. <br \/>\nAli budi na oprezu, ako ti matematika nije ja\u010da strana, \u010deka te kazna koja te udaljava od pobjede! <\/p>\n<p><\/span><span style=\"font-weight: bold;color: #4472C4\">Igra je namijenjena za 2 do 6 igra\u010da. <br \/>\nDob: 6+<\/span><\/p>\n","protected":false},"excerpt":{"rendered":"<p>U ovoj igri pobje\u0111uje igra\u010d koji je najbr\u017ei u zbrajanju i opa\u017eanju<br \/>\nIgra je namijenjena za 2-6 igra\u010da<br \/>\nDob: 6+ god<\/p>\n","protected":false},"featured_media":29869,"template":"","meta":{"_seopress_robots_primary_cat":"","_seopress_titles_title":"","_seopress_titles_desc":"","_seopress_robots_index":"","iawp_total_views":0},"product_brand":[332],"product_cat":[290,221],"product_tag":[],"class_list":{"0":"post-29868","1":"product","2":"type-product","3":"status-publish","4":"has-post-thumbnail","6":"product_brand-di","7":"product_cat-drustvene-igre-221","8":"product_cat-igracke","10":"first","11":"outofstock","12":"shipping-taxable","13":"purchasable","14":"product-type-simple"},"_links":{"self":[{"href":"https:\/\/singuli.wpress.me\/index.php\/wp-json\/wp\/v2\/product\/29868","targetHints":{"allow":["GET"]}}],"collection":[{"href":"https:\/\/singuli.wpress.me\/index.php\/wp-json\/wp\/v2\/product"}],"about":[{"href":"https:\/\/singuli.wpress.me\/index.php\/wp-json\/wp\/v2\/types\/product"}],"version-history":[{"count":0,"href":"https:\/\/singuli.wpress.me\/index.php\/wp-json\/wp\/v2\/product\/29868\/revisions"}],"wp:featuredmedia":[{"embeddable":true,"href":"https:\/\/singuli.wpress.me\/index.php\/wp-json\/wp\/v2\/media\/29869"}],"wp:attachment":[{"href":"https:\/\/singuli.wpress.me\/index.php\/wp-json\/wp\/v2\/media?parent=29868"}],"wp:term":[{"taxonomy":"product_brand","embeddable":true,"href":"https:\/\/singuli.wpress.me\/index.php\/wp-json\/wp\/v2\/product_brand?post=29868"},{"taxonomy":"product_cat","embeddable":true,"href":"https:\/\/singuli.wpress.me\/index.php\/wp-json\/wp\/v2\/product_cat?post=29868"},{"taxonomy":"product_tag","embeddable":true,"href":"https:\/\/singuli.wpress.me\/index.php\/wp-json\/wp\/v2\/product_tag?post=29868"}],"curies":[{"name":"wp","href":"https:\/\/api.w.org\/{rel}","templated":true}]}}