{"id":29872,"date":"2026-04-17T00:19:04","date_gmt":"2026-04-17T00:19:04","guid":{"rendered":"https:\/\/singuli.wpress.me\/index.php\/proizvod\/di-articulate-drustvena-igra-junior\/"},"modified":"2026-04-20T12:32:59","modified_gmt":"2026-04-20T12:32:59","slug":"di-articulate-drustvena-igra-junior","status":"publish","type":"product","link":"https:\/\/singuli.wpress.me\/index.php\/proizvod\/di-articulate-drustvena-igra-junior\/","title":{"rendered":"DI Articulate, dru\u0161tvena igra, Junior"},"content":{"rendered":"<p><span style=\"font-weight: bold;color: #4472C4\">Igra brzog jezika i o\u0161trog uma&#8230; za djecu!<\/span><span style=\"color: #4472C4\"><\/p>\n<p>\nOvo je savr\u0161ena timska igra za prijatelje, \u010dak i za velike grupe (do dvadesetero djece). <\/p>\n<p>\nOpi\u0161i rije\u010d, a da je zapravo ne izgovori\u0161- mo\u017eda zvu\u010di vrlo jednostavno, ali kad se utrkujete s vremenom i kad vas drugi tim nemilosrdno ometa &#8230; onda, recimo samo da nije! <\/p>\n<p>\nOva verzija igre dozvoljava da i mla\u0111a djeca  mogu ponosno kora\u010dati do cilja i natjecati se zajedno sa cijelom obitelji u jednoj ludoj igri punoj blebetanja i gestikuliranja te se ludo zabavljati satima, vje\u017ebaju\u0107i i razvijaju\u0107i komunikaciju.<\/p>\n<p>\n<\/span><span style=\"font-weight: bold;color: #4472C4\">Idealna igra za socijalizaciju i otvaranje u grupi! <\/span><span style=\"color: #4472C4\"><\/p>\n<p>\n<\/span><span style=\"font-weight: bold;color: #4472C4\">Namijenjena za 4 do 20 igra\u010da, dobi od 6 &#8211; 12 godina.<\/span><\/p>\n","protected":false},"excerpt":{"rendered":"<p>Poma\u017ee razvoju komunikacije<br \/>\nNamijenjena za 4 do 20 igra\u010da<br \/>\nDob: 6+ god<\/p>\n","protected":false},"featured_media":29873,"template":"","meta":{"_seopress_robots_primary_cat":"","_seopress_titles_title":"","_seopress_titles_desc":"","_seopress_robots_index":"","iawp_total_views":0},"product_brand":[332],"product_cat":[290,221],"product_tag":[],"class_list":{"0":"post-29872","1":"product","2":"type-product","3":"status-publish","4":"has-post-thumbnail","6":"product_brand-di","7":"product_cat-drustvene-igre-221","8":"product_cat-igracke","10":"first","11":"outofstock","12":"shipping-taxable","13":"purchasable","14":"product-type-simple"},"_links":{"self":[{"href":"https:\/\/singuli.wpress.me\/index.php\/wp-json\/wp\/v2\/product\/29872","targetHints":{"allow":["GET"]}}],"collection":[{"href":"https:\/\/singuli.wpress.me\/index.php\/wp-json\/wp\/v2\/product"}],"about":[{"href":"https:\/\/singuli.wpress.me\/index.php\/wp-json\/wp\/v2\/types\/product"}],"version-history":[{"count":0,"href":"https:\/\/singuli.wpress.me\/index.php\/wp-json\/wp\/v2\/product\/29872\/revisions"}],"wp:featuredmedia":[{"embeddable":true,"href":"https:\/\/singuli.wpress.me\/index.php\/wp-json\/wp\/v2\/media\/29873"}],"wp:attachment":[{"href":"https:\/\/singuli.wpress.me\/index.php\/wp-json\/wp\/v2\/media?parent=29872"}],"wp:term":[{"taxonomy":"product_brand","embeddable":true,"href":"https:\/\/singuli.wpress.me\/index.php\/wp-json\/wp\/v2\/product_brand?post=29872"},{"taxonomy":"product_cat","embeddable":true,"href":"https:\/\/singuli.wpress.me\/index.php\/wp-json\/wp\/v2\/product_cat?post=29872"},{"taxonomy":"product_tag","embeddable":true,"href":"https:\/\/singuli.wpress.me\/index.php\/wp-json\/wp\/v2\/product_tag?post=29872"}],"curies":[{"name":"wp","href":"https:\/\/api.w.org\/{rel}","templated":true}]}}