{"id":29878,"date":"2026-04-17T00:19:09","date_gmt":"2026-04-17T00:19:09","guid":{"rendered":"https:\/\/singuli.wpress.me\/index.php\/proizvod\/di-stop-the-virus-drustvena-igra\/"},"modified":"2026-04-21T00:26:31","modified_gmt":"2026-04-21T00:26:31","slug":"di-stop-the-virus-drustvena-igra","status":"publish","type":"product","link":"https:\/\/singuli.wpress.me\/index.php\/proizvod\/di-stop-the-virus-drustvena-igra\/","title":{"rendered":"DI Stop the Virus, dru\u0161tvena igra"},"content":{"rendered":"<p><span style=\"font-weight: bold;color: #4472C4\">Stop the Virus je didakti\u010dka igra \u010diji je cilj na zanimljiv i zabavan na\u010din pove\u0107ati svijest djece i odraslih o nu\u017enosti prevencije radi za\u0161tite od virusa.<\/span><span style=\"color: #4472C4\"><\/p>\n<p>Stop the Virus je zanimljiva igra u kojoj se igra\u010di natje\u010du u stjecanju imuniteta na 4 virusa koji se \u0161ire gradom. Moraju se za\u0161tititi sredstvima za dezinfekciju ruku, rukavicama i maskama za lice, ali imati i dovoljno sre\u0107e za izbjegavanje trikova drugih igra\u010da.<\/p>\n<p><\/span><span style=\"font-weight: bold;color: #4472C4\">SADR\u017dAJ<\/span><span style=\"color: #4472C4\">: 1 plo\u010da, 4 \u017eetona za igra\u010de, 16 \u017eetona virusa, 2 kockice (1 s brojevima i 1 s temperaturama) i 130 karata. <\/p>\n<p><\/span><span style=\"font-weight: bold;color: #4472C4\">Dob: 8+<\/span><\/p>\n","protected":false},"excerpt":{"rendered":"<p>Pove\u0107ava svijest djece i odraslih o nu\u017enosti prevencije radi za\u0161tite od virusa<br \/>\nIgra je namijenjena za 2-4 igra\u010da<br \/>\nDob: 8+ god<\/p>\n","protected":false},"featured_media":29879,"template":"","meta":{"_seopress_robots_primary_cat":"","_seopress_titles_title":"","_seopress_titles_desc":"","_seopress_robots_index":"","iawp_total_views":0},"product_brand":[332],"product_cat":[290,221],"product_tag":[],"class_list":{"0":"post-29878","1":"product","2":"type-product","3":"status-publish","4":"has-post-thumbnail","6":"product_brand-di","7":"product_cat-drustvene-igre-221","8":"product_cat-igracke","10":"first","11":"instock","12":"shipping-taxable","13":"purchasable","14":"product-type-simple"},"_links":{"self":[{"href":"https:\/\/singuli.wpress.me\/index.php\/wp-json\/wp\/v2\/product\/29878","targetHints":{"allow":["GET"]}}],"collection":[{"href":"https:\/\/singuli.wpress.me\/index.php\/wp-json\/wp\/v2\/product"}],"about":[{"href":"https:\/\/singuli.wpress.me\/index.php\/wp-json\/wp\/v2\/types\/product"}],"version-history":[{"count":0,"href":"https:\/\/singuli.wpress.me\/index.php\/wp-json\/wp\/v2\/product\/29878\/revisions"}],"wp:featuredmedia":[{"embeddable":true,"href":"https:\/\/singuli.wpress.me\/index.php\/wp-json\/wp\/v2\/media\/29879"}],"wp:attachment":[{"href":"https:\/\/singuli.wpress.me\/index.php\/wp-json\/wp\/v2\/media?parent=29878"}],"wp:term":[{"taxonomy":"product_brand","embeddable":true,"href":"https:\/\/singuli.wpress.me\/index.php\/wp-json\/wp\/v2\/product_brand?post=29878"},{"taxonomy":"product_cat","embeddable":true,"href":"https:\/\/singuli.wpress.me\/index.php\/wp-json\/wp\/v2\/product_cat?post=29878"},{"taxonomy":"product_tag","embeddable":true,"href":"https:\/\/singuli.wpress.me\/index.php\/wp-json\/wp\/v2\/product_tag?post=29878"}],"curies":[{"name":"wp","href":"https:\/\/api.w.org\/{rel}","templated":true}]}}