{"id":29883,"date":"2026-04-17T00:19:11","date_gmt":"2026-04-17T00:19:11","guid":{"rendered":"https:\/\/singuli.wpress.me\/index.php\/proizvod\/di-lynx-family-drustvena-igra\/"},"modified":"2026-04-20T12:32:59","modified_gmt":"2026-04-20T12:32:59","slug":"di-lynx-family-drustvena-igra","status":"publish","type":"product","link":"https:\/\/singuli.wpress.me\/index.php\/proizvod\/di-lynx-family-drustvena-igra\/","title":{"rendered":"DI Lynx Family, dru\u0161tvena igra"},"content":{"rendered":"<p><span style=\"font-weight: bold;color: #4472C4\">Prihvati izazov i prvi prona\u0111i svoje sli\u010dice!<\/span><span style=\"color: #4472C4\"><\/p>\n<p>Ovo je igra u kojoj izo\u0161travate svoj vid i reflekse! <\/p>\n<p>Postavite plo\u010du, promije\u0161ajte karte i dajte po 3 svakom igra\u010du.<\/p>\n<p>Gdje su kola\u010di\u0107i? Gdje je gitara? Gdje je loptica za tenis?<\/p>\n<p>Prvi prona\u0111ite sve svoje sli\u010dice na plo\u010di, skupite najvi\u0161e kartica i \u2013 pobijedite! <\/p>\n<p><\/span><span style=\"font-weight: bold;color: #4472C4\">Dob: 6+<\/span><span style=\"color: #4472C4\"><\/p>\n<p><\/span><span style=\"font-weight: bold;color: #4472C4\">Sadr\u017eaj:<\/span><span style=\"color: #4472C4\"> <br \/>\n1 plo\u010da od 9 dijelova <br \/>\n401 sli\u010dica <br \/>\n18 \u017eetona u boji <br \/>\n1 sklopiva kutija<\/span><\/p>\n","protected":false},"excerpt":{"rendered":"<p>Igra izo\u0161trava vid i reflekse<br \/>\nPostavite plo\u010du, promije\u0161ajte karte i dajte 3 svakom igra\u010du<br \/>\nDob: 6+ god<\/p>\n","protected":false},"featured_media":29884,"template":"","meta":{"_seopress_robots_primary_cat":"","_seopress_titles_title":"","_seopress_titles_desc":"","_seopress_robots_index":"","iawp_total_views":0},"product_brand":[332],"product_cat":[290,221],"product_tag":[],"class_list":{"0":"post-29883","1":"product","2":"type-product","3":"status-publish","4":"has-post-thumbnail","6":"product_brand-di","7":"product_cat-drustvene-igre-221","8":"product_cat-igracke","10":"first","11":"outofstock","12":"shipping-taxable","13":"purchasable","14":"product-type-simple"},"_links":{"self":[{"href":"https:\/\/singuli.wpress.me\/index.php\/wp-json\/wp\/v2\/product\/29883","targetHints":{"allow":["GET"]}}],"collection":[{"href":"https:\/\/singuli.wpress.me\/index.php\/wp-json\/wp\/v2\/product"}],"about":[{"href":"https:\/\/singuli.wpress.me\/index.php\/wp-json\/wp\/v2\/types\/product"}],"version-history":[{"count":0,"href":"https:\/\/singuli.wpress.me\/index.php\/wp-json\/wp\/v2\/product\/29883\/revisions"}],"wp:featuredmedia":[{"embeddable":true,"href":"https:\/\/singuli.wpress.me\/index.php\/wp-json\/wp\/v2\/media\/29884"}],"wp:attachment":[{"href":"https:\/\/singuli.wpress.me\/index.php\/wp-json\/wp\/v2\/media?parent=29883"}],"wp:term":[{"taxonomy":"product_brand","embeddable":true,"href":"https:\/\/singuli.wpress.me\/index.php\/wp-json\/wp\/v2\/product_brand?post=29883"},{"taxonomy":"product_cat","embeddable":true,"href":"https:\/\/singuli.wpress.me\/index.php\/wp-json\/wp\/v2\/product_cat?post=29883"},{"taxonomy":"product_tag","embeddable":true,"href":"https:\/\/singuli.wpress.me\/index.php\/wp-json\/wp\/v2\/product_tag?post=29883"}],"curies":[{"name":"wp","href":"https:\/\/api.w.org\/{rel}","templated":true}]}}