{"id":29885,"date":"2026-04-17T00:19:11","date_gmt":"2026-04-17T00:19:11","guid":{"rendered":"https:\/\/singuli.wpress.me\/index.php\/proizvod\/di-one-drustvena-igra\/"},"modified":"2026-04-20T12:33:00","modified_gmt":"2026-04-20T12:33:00","slug":"di-one-drustvena-igra","status":"publish","type":"product","link":"https:\/\/singuli.wpress.me\/index.php\/proizvod\/di-one-drustvena-igra\/","title":{"rendered":"DI One!, dru\u0161tvena igra"},"content":{"rendered":"<p><span style=\"font-weight: bold;color: #4472C4\">ONE! &#8211; dinami\u010dna i vrlo napeta igra puna zabave za cijelu obitelj i prijatelje.<\/span><span style=\"color: #4472C4\"><\/p>\n<p>Podudaranjem boja i brojeva igra\u010d nastoji \u0161to prije potro\u0161iti svoje karte, ali mora uzviknuti ONE u trenutku kad mu je preostala samo jedna karta u rukama!<\/p>\n<p>Ovo je igra koju je vrlo lako zapo\u010deti, ali te\u0161ko zaustaviti.<\/p>\n<p><\/span><span style=\"font-weight: bold;color: #4472C4\">Sadr\u017eaj<\/span><span style=\"color: #4472C4\"><br \/>\n&#8211; 108 karata<\/p>\n<p><\/span><span style=\"font-weight: bold;color: #4472C4\">Uputstvo za upotrebu<\/span><span style=\"color: #4472C4\"><br \/>\n&#8211; Dob: 5+<br \/>\n&#8211; Namijenjeno za 2 do 10 igra\u010da<\/span><\/p>\n","protected":false},"excerpt":{"rendered":"<p>Sadr\u017ei 108 karata<br \/>\nNamijenjeno za 2 do 10 igra\u010da<br \/>\nDob: 5+ god<\/p>\n","protected":false},"featured_media":29886,"template":"","meta":{"_seopress_robots_primary_cat":"","_seopress_titles_title":"","_seopress_titles_desc":"","_seopress_robots_index":"","iawp_total_views":0},"product_brand":[332],"product_cat":[290,221],"product_tag":[],"class_list":{"0":"post-29885","1":"product","2":"type-product","3":"status-publish","4":"has-post-thumbnail","6":"product_brand-di","7":"product_cat-drustvene-igre-221","8":"product_cat-igracke","10":"first","11":"outofstock","12":"shipping-taxable","13":"purchasable","14":"product-type-simple"},"_links":{"self":[{"href":"https:\/\/singuli.wpress.me\/index.php\/wp-json\/wp\/v2\/product\/29885","targetHints":{"allow":["GET"]}}],"collection":[{"href":"https:\/\/singuli.wpress.me\/index.php\/wp-json\/wp\/v2\/product"}],"about":[{"href":"https:\/\/singuli.wpress.me\/index.php\/wp-json\/wp\/v2\/types\/product"}],"version-history":[{"count":0,"href":"https:\/\/singuli.wpress.me\/index.php\/wp-json\/wp\/v2\/product\/29885\/revisions"}],"wp:featuredmedia":[{"embeddable":true,"href":"https:\/\/singuli.wpress.me\/index.php\/wp-json\/wp\/v2\/media\/29886"}],"wp:attachment":[{"href":"https:\/\/singuli.wpress.me\/index.php\/wp-json\/wp\/v2\/media?parent=29885"}],"wp:term":[{"taxonomy":"product_brand","embeddable":true,"href":"https:\/\/singuli.wpress.me\/index.php\/wp-json\/wp\/v2\/product_brand?post=29885"},{"taxonomy":"product_cat","embeddable":true,"href":"https:\/\/singuli.wpress.me\/index.php\/wp-json\/wp\/v2\/product_cat?post=29885"},{"taxonomy":"product_tag","embeddable":true,"href":"https:\/\/singuli.wpress.me\/index.php\/wp-json\/wp\/v2\/product_tag?post=29885"}],"curies":[{"name":"wp","href":"https:\/\/api.w.org\/{rel}","templated":true}]}}