{"id":29887,"date":"2026-04-17T00:19:12","date_gmt":"2026-04-17T00:19:12","guid":{"rendered":"https:\/\/singuli.wpress.me\/index.php\/proizvod\/di-viroza-drustvena-igra\/"},"modified":"2026-04-20T12:33:00","modified_gmt":"2026-04-20T12:33:00","slug":"di-viroza-drustvena-igra","status":"publish","type":"product","link":"https:\/\/singuli.wpress.me\/index.php\/proizvod\/di-viroza-drustvena-igra\/","title":{"rendered":"DI Viroza, dru\u0161tvena igra"},"content":{"rendered":"<p><span style=\"font-weight: bold;color: #4472C4\">VIROZA &#8211; zarazno dobra igra!<\/span><span style=\"color: #4472C4\"><\/p>\n<p>Hrabro se suo\u010dite s ovom dosadnom virozom, za\u0161titite tijelo i sprije\u010dite daljnje \u0161irenje zaraze svim sredstvima, jer u ovoj igri vrijedi samo jedno pravilo: &quot;&quot;<\/span><span style=\"font-weight: bold;color: #4472C4\">cilj opravdava sredstvo<\/span><span style=\"color: #4472C4\">&quot;&quot;!<\/p>\n<p><\/span><span style=\"font-weight: bold;color: #4472C4\">Samo svojom mudro\u0161\u0107u i snala\u017eljivo\u0161\u0107u mo\u017eete pobijediti protivnike!<\/span><span style=\"color: #4472C4\"><\/p>\n<p>Pro\u010ditajte protivnike, osmislite pravi potez, jer ovo je igra \u017eivaca, gdje pobje\u0111uje igra\u010d s najboljom strategijom!<\/p>\n<p><\/span><span style=\"font-weight: bold;color: #4472C4\">Dob: 8+<br \/>\nNamijenjeno za 2 do 6 igra\u010da.<\/span><\/p>\n","protected":false},"excerpt":{"rendered":"<p>Pobje\u0111uje igra\u010d s najboljom strategijom<br \/>\nIgra je namijenjena za 2-6 igra\u010da<br \/>\nDob: 8+ god<\/p>\n","protected":false},"featured_media":29888,"template":"","meta":{"_seopress_robots_primary_cat":"","_seopress_titles_title":"","_seopress_titles_desc":"","_seopress_robots_index":"","iawp_total_views":0},"product_brand":[332],"product_cat":[290,221],"product_tag":[],"class_list":{"0":"post-29887","1":"product","2":"type-product","3":"status-publish","4":"has-post-thumbnail","6":"product_brand-di","7":"product_cat-drustvene-igre-221","8":"product_cat-igracke","10":"first","11":"outofstock","12":"shipping-taxable","13":"purchasable","14":"product-type-simple"},"_links":{"self":[{"href":"https:\/\/singuli.wpress.me\/index.php\/wp-json\/wp\/v2\/product\/29887","targetHints":{"allow":["GET"]}}],"collection":[{"href":"https:\/\/singuli.wpress.me\/index.php\/wp-json\/wp\/v2\/product"}],"about":[{"href":"https:\/\/singuli.wpress.me\/index.php\/wp-json\/wp\/v2\/types\/product"}],"version-history":[{"count":0,"href":"https:\/\/singuli.wpress.me\/index.php\/wp-json\/wp\/v2\/product\/29887\/revisions"}],"wp:featuredmedia":[{"embeddable":true,"href":"https:\/\/singuli.wpress.me\/index.php\/wp-json\/wp\/v2\/media\/29888"}],"wp:attachment":[{"href":"https:\/\/singuli.wpress.me\/index.php\/wp-json\/wp\/v2\/media?parent=29887"}],"wp:term":[{"taxonomy":"product_brand","embeddable":true,"href":"https:\/\/singuli.wpress.me\/index.php\/wp-json\/wp\/v2\/product_brand?post=29887"},{"taxonomy":"product_cat","embeddable":true,"href":"https:\/\/singuli.wpress.me\/index.php\/wp-json\/wp\/v2\/product_cat?post=29887"},{"taxonomy":"product_tag","embeddable":true,"href":"https:\/\/singuli.wpress.me\/index.php\/wp-json\/wp\/v2\/product_tag?post=29887"}],"curies":[{"name":"wp","href":"https:\/\/api.w.org\/{rel}","templated":true}]}}