{"id":29889,"date":"2026-04-17T00:19:13","date_gmt":"2026-04-17T00:19:13","guid":{"rendered":"https:\/\/singuli.wpress.me\/index.php\/proizvod\/marionette-svijeleci-stapici-15-kom\/"},"modified":"2026-04-20T12:33:00","modified_gmt":"2026-04-20T12:33:00","slug":"marionette-svijeleci-stapici-15-kom","status":"publish","type":"product","link":"https:\/\/singuli.wpress.me\/index.php\/proizvod\/marionette-svijeleci-stapici-15-kom\/","title":{"rendered":"MARIONETTE, svijele\u0107i \u0161tapi\u0107i, 15\u00a0kom"},"content":{"rendered":"<p>Svijetle\u0107i \u0161tapi\u0107i, od kojih mo\u017eete napraviti cool svjetle\u0107e narukvice.<\/p>\n<p>Kada se ove svjetle\u0107e narukvice na\u0111u u mraku, u\u010dinit \u0107e da va\u0161a zabava, koncert, sajam ili karneval izgledaju sve\u010dano, a primijetit \u0107ete ih \u010dak i kada je previ\u0161e mra\u010dno da biste vidjeli druge ukrase. <\/p>\n<p>Razli\u010ditih su boja tako da svatko mo\u017ee izabrati svoju omiljenu boju.<\/p>\n","protected":false},"excerpt":{"rendered":"<p>6 razli\u010ditih boja<br \/>\nU pakiranju se nalazi 15 narukvica<br \/>\nVide se kad se ni\u0161ta drug ne vidi<\/p>\n","protected":false},"featured_media":29890,"template":"","meta":{"_seopress_robots_primary_cat":"","_seopress_titles_title":"","_seopress_titles_desc":"","_seopress_robots_index":"","iawp_total_views":0},"product_brand":[363],"product_cat":[274,238],"product_tag":[],"class_list":{"0":"post-29889","1":"product","2":"type-product","3":"status-publish","4":"has-post-thumbnail","6":"product_brand-marionette","7":"product_cat-kucanski-pribor-238","8":"product_cat-sve-za-dom","10":"first","11":"outofstock","12":"shipping-taxable","13":"purchasable","14":"product-type-simple"},"_links":{"self":[{"href":"https:\/\/singuli.wpress.me\/index.php\/wp-json\/wp\/v2\/product\/29889","targetHints":{"allow":["GET"]}}],"collection":[{"href":"https:\/\/singuli.wpress.me\/index.php\/wp-json\/wp\/v2\/product"}],"about":[{"href":"https:\/\/singuli.wpress.me\/index.php\/wp-json\/wp\/v2\/types\/product"}],"version-history":[{"count":0,"href":"https:\/\/singuli.wpress.me\/index.php\/wp-json\/wp\/v2\/product\/29889\/revisions"}],"wp:featuredmedia":[{"embeddable":true,"href":"https:\/\/singuli.wpress.me\/index.php\/wp-json\/wp\/v2\/media\/29890"}],"wp:attachment":[{"href":"https:\/\/singuli.wpress.me\/index.php\/wp-json\/wp\/v2\/media?parent=29889"}],"wp:term":[{"taxonomy":"product_brand","embeddable":true,"href":"https:\/\/singuli.wpress.me\/index.php\/wp-json\/wp\/v2\/product_brand?post=29889"},{"taxonomy":"product_cat","embeddable":true,"href":"https:\/\/singuli.wpress.me\/index.php\/wp-json\/wp\/v2\/product_cat?post=29889"},{"taxonomy":"product_tag","embeddable":true,"href":"https:\/\/singuli.wpress.me\/index.php\/wp-json\/wp\/v2\/product_tag?post=29889"}],"curies":[{"name":"wp","href":"https:\/\/api.w.org\/{rel}","templated":true}]}}