{"id":29892,"date":"2026-04-17T00:19:16","date_gmt":"2026-04-17T00:19:16","guid":{"rendered":"https:\/\/singuli.wpress.me\/index.php\/proizvod\/marionette-drvena-ploca-za-ucenje-matematike\/"},"modified":"2026-04-20T12:33:00","modified_gmt":"2026-04-20T12:33:00","slug":"marionette-drvena-ploca-za-ucenje-matematike","status":"publish","type":"product","link":"https:\/\/singuli.wpress.me\/index.php\/proizvod\/marionette-drvena-ploca-za-ucenje-matematike\/","title":{"rendered":"MARIONETTE, drvena plo\u010da za u\u010denje matematike"},"content":{"rendered":"<p>Drvena plo\u010da za u\u010denje matematike od 100 dijelova, fantasti\u010dan je set koji kroz igru poma\u017ee va\u0161em djetetu nau\u010diti tablicu mno\u017eenja.<\/p>\n<p>Drveni okvir sadr\u017ei 100 drvenih kockica razli\u010ditih boja. Okreni kocku i prona\u0111i to\u010dan rezultat.<\/p>\n<p>Materijal: drvo. <\/p>\n<p><span style=\"font-weight: bold;color: #4472C4\">Dob: 3+<\/span><\/p>\n","protected":false},"excerpt":{"rendered":"<p>Poti\u010de u\u010denje tablice mno\u017eenja<br \/>\n100 dijelova<br \/>\nDob: 3+ god<\/p>\n","protected":false},"featured_media":29893,"template":"","meta":{"_seopress_robots_primary_cat":"","_seopress_titles_title":"","_seopress_titles_desc":"","_seopress_robots_index":"","iawp_total_views":0},"product_brand":[363],"product_cat":[221,291],"product_tag":[],"class_list":{"0":"post-29892","1":"product","2":"type-product","3":"status-publish","4":"has-post-thumbnail","6":"product_brand-marionette","7":"product_cat-igracke","8":"product_cat-igracke-za-djecu-221","10":"first","11":"outofstock","12":"shipping-taxable","13":"purchasable","14":"product-type-simple"},"_links":{"self":[{"href":"https:\/\/singuli.wpress.me\/index.php\/wp-json\/wp\/v2\/product\/29892","targetHints":{"allow":["GET"]}}],"collection":[{"href":"https:\/\/singuli.wpress.me\/index.php\/wp-json\/wp\/v2\/product"}],"about":[{"href":"https:\/\/singuli.wpress.me\/index.php\/wp-json\/wp\/v2\/types\/product"}],"version-history":[{"count":0,"href":"https:\/\/singuli.wpress.me\/index.php\/wp-json\/wp\/v2\/product\/29892\/revisions"}],"wp:featuredmedia":[{"embeddable":true,"href":"https:\/\/singuli.wpress.me\/index.php\/wp-json\/wp\/v2\/media\/29893"}],"wp:attachment":[{"href":"https:\/\/singuli.wpress.me\/index.php\/wp-json\/wp\/v2\/media?parent=29892"}],"wp:term":[{"taxonomy":"product_brand","embeddable":true,"href":"https:\/\/singuli.wpress.me\/index.php\/wp-json\/wp\/v2\/product_brand?post=29892"},{"taxonomy":"product_cat","embeddable":true,"href":"https:\/\/singuli.wpress.me\/index.php\/wp-json\/wp\/v2\/product_cat?post=29892"},{"taxonomy":"product_tag","embeddable":true,"href":"https:\/\/singuli.wpress.me\/index.php\/wp-json\/wp\/v2\/product_tag?post=29892"}],"curies":[{"name":"wp","href":"https:\/\/api.w.org\/{rel}","templated":true}]}}