{"id":29902,"date":"2026-04-17T00:19:20","date_gmt":"2026-04-17T00:19:20","guid":{"rendered":"https:\/\/singuli.wpress.me\/index.php\/proizvod\/ucar-set-za-igru-kozmeticki-stolic\/"},"modified":"2026-04-20T12:33:00","modified_gmt":"2026-04-20T12:33:00","slug":"ucar-set-za-igru-kozmeticki-stolic","status":"publish","type":"product","link":"https:\/\/singuli.wpress.me\/index.php\/proizvod\/ucar-set-za-igru-kozmeticki-stolic\/","title":{"rendered":"UCAR, set za igru, kozmeti\u010dki stoli\u0107"},"content":{"rendered":"<p>Male princeze su jo\u0161 otmjenije uz pomo\u0107 ovog seta za igru \u2013 Kozmeti\u010dki stoli\u0107!<br \/>\nCurkama \u0107e se svidjeti ovaj elegantni komad predivnih boja!<br \/>\nCurke \u0107e posvetiti najljep\u0161i kutak svoje sobe ovom setu.<br \/>\nSet se sastoji od 18 komada. Tu su i nezamjenjivi dijelovi: \u010de\u0161alj, ukosnica, su\u0161ilo za kosu, tabure i stol za \u0161minkanje s ogledalom.<br \/>\nOvaj set poma\u017ee razvijanju vje\u0161tina, socijalizaciji, stjecanju samopouzdanja, razvijanju ma\u0161te i kreativnosti.<br \/>\nDob: 3+<\/p>\n","protected":false},"excerpt":{"rendered":"<p>Poma\u017ee razvijanju vje\u0161tina, socijalizaciji, stjecanju samopouzdanja, razvijanju ma\u0161te i kreativnosti<br \/>\nSet se sastoji od 18 komada<br \/>\nDob: 3+ god<\/p>\n","protected":false},"featured_media":29903,"template":"","meta":{"_seopress_robots_primary_cat":"","_seopress_titles_title":"","_seopress_titles_desc":"","_seopress_robots_index":"","iawp_total_views":0},"product_brand":[367],"product_cat":[221,291],"product_tag":[],"class_list":{"0":"post-29902","1":"product","2":"type-product","3":"status-publish","4":"has-post-thumbnail","6":"product_brand-ucar","7":"product_cat-igracke","8":"product_cat-igracke-za-djecu-221","10":"first","11":"outofstock","12":"shipping-taxable","13":"purchasable","14":"product-type-simple"},"_links":{"self":[{"href":"https:\/\/singuli.wpress.me\/index.php\/wp-json\/wp\/v2\/product\/29902","targetHints":{"allow":["GET"]}}],"collection":[{"href":"https:\/\/singuli.wpress.me\/index.php\/wp-json\/wp\/v2\/product"}],"about":[{"href":"https:\/\/singuli.wpress.me\/index.php\/wp-json\/wp\/v2\/types\/product"}],"version-history":[{"count":0,"href":"https:\/\/singuli.wpress.me\/index.php\/wp-json\/wp\/v2\/product\/29902\/revisions"}],"wp:featuredmedia":[{"embeddable":true,"href":"https:\/\/singuli.wpress.me\/index.php\/wp-json\/wp\/v2\/media\/29903"}],"wp:attachment":[{"href":"https:\/\/singuli.wpress.me\/index.php\/wp-json\/wp\/v2\/media?parent=29902"}],"wp:term":[{"taxonomy":"product_brand","embeddable":true,"href":"https:\/\/singuli.wpress.me\/index.php\/wp-json\/wp\/v2\/product_brand?post=29902"},{"taxonomy":"product_cat","embeddable":true,"href":"https:\/\/singuli.wpress.me\/index.php\/wp-json\/wp\/v2\/product_cat?post=29902"},{"taxonomy":"product_tag","embeddable":true,"href":"https:\/\/singuli.wpress.me\/index.php\/wp-json\/wp\/v2\/product_tag?post=29902"}],"curies":[{"name":"wp","href":"https:\/\/api.w.org\/{rel}","templated":true}]}}