{"id":29905,"date":"2026-04-17T00:19:22","date_gmt":"2026-04-17T00:19:22","guid":{"rendered":"https:\/\/singuli.wpress.me\/index.php\/proizvod\/matrax-drveni-stolni-nogomet-mali\/"},"modified":"2026-04-20T12:33:00","modified_gmt":"2026-04-20T12:33:00","slug":"matrax-drveni-stolni-nogomet-mali","status":"publish","type":"product","link":"https:\/\/singuli.wpress.me\/index.php\/proizvod\/matrax-drveni-stolni-nogomet-mali\/","title":{"rendered":"MATRAX drveni, stolni nogomet, mali"},"content":{"rendered":"<p>Do\u017eivite u\u017eitak prave nogometne utakmice u svom domu zahvaljuju\u0107i ovom setu za stolni nogomet, napravljenom od drveta. <\/p>\n<p>Ova igra\u010dka \u0107e na terenu ostvariti nogometa\u0161e o kojima sanjaju na\u0161a djeca. <\/p>\n<p>U setu se nalaze 3 loptice. <\/p>\n<p>Igra stolni nogomet, od drvenih materijala, prodaje se u nesastavljenom obliku. <br \/>\nNapravljena je od sigurnih i za djecu ne\u0161kodljivih materijala. <\/p>\n<p>Dob: 3+<\/p>\n","protected":false},"excerpt":{"rendered":"<p>Dolazi u nesastavljenom obliku<br \/>\nU setu se nalaze 3 loptice.<br \/>\nDob: 3+ god<\/p>\n","protected":false},"featured_media":29906,"template":"","meta":{"_seopress_robots_primary_cat":"","_seopress_titles_title":"","_seopress_titles_desc":"","_seopress_robots_index":"","iawp_total_views":0},"product_brand":[368],"product_cat":[274,238],"product_tag":[],"class_list":{"0":"post-29905","1":"product","2":"type-product","3":"status-publish","4":"has-post-thumbnail","6":"product_brand-matrax","7":"product_cat-kucanski-pribor-238","8":"product_cat-sve-za-dom","10":"first","11":"outofstock","12":"shipping-taxable","13":"purchasable","14":"product-type-simple"},"_links":{"self":[{"href":"https:\/\/singuli.wpress.me\/index.php\/wp-json\/wp\/v2\/product\/29905","targetHints":{"allow":["GET"]}}],"collection":[{"href":"https:\/\/singuli.wpress.me\/index.php\/wp-json\/wp\/v2\/product"}],"about":[{"href":"https:\/\/singuli.wpress.me\/index.php\/wp-json\/wp\/v2\/types\/product"}],"version-history":[{"count":0,"href":"https:\/\/singuli.wpress.me\/index.php\/wp-json\/wp\/v2\/product\/29905\/revisions"}],"wp:featuredmedia":[{"embeddable":true,"href":"https:\/\/singuli.wpress.me\/index.php\/wp-json\/wp\/v2\/media\/29906"}],"wp:attachment":[{"href":"https:\/\/singuli.wpress.me\/index.php\/wp-json\/wp\/v2\/media?parent=29905"}],"wp:term":[{"taxonomy":"product_brand","embeddable":true,"href":"https:\/\/singuli.wpress.me\/index.php\/wp-json\/wp\/v2\/product_brand?post=29905"},{"taxonomy":"product_cat","embeddable":true,"href":"https:\/\/singuli.wpress.me\/index.php\/wp-json\/wp\/v2\/product_cat?post=29905"},{"taxonomy":"product_tag","embeddable":true,"href":"https:\/\/singuli.wpress.me\/index.php\/wp-json\/wp\/v2\/product_tag?post=29905"}],"curies":[{"name":"wp","href":"https:\/\/api.w.org\/{rel}","templated":true}]}}