{"id":29911,"date":"2026-04-17T00:19:25","date_gmt":"2026-04-17T00:19:25","guid":{"rendered":"https:\/\/singuli.wpress.me\/index.php\/proizvod\/hexbug-robot-osa\/"},"modified":"2026-04-21T00:26:31","modified_gmt":"2026-04-21T00:26:31","slug":"hexbug-robot-osa","status":"publish","type":"product","link":"https:\/\/singuli.wpress.me\/index.php\/proizvod\/hexbug-robot-osa\/","title":{"rendered":"HEXBUG, robot, osa"},"content":{"rendered":"<p>Osa se pridru\u017euje redovima HEXBUG robotskih stvorenja! <\/p>\n<p>Poput ostalih nano robota, Osa ima proziran dizajn koji budi radoznalost kod djece koja \u017eele vidjeti unutra\u0161njost i na\u010din rada robota. <\/p>\n<p>Upotrijebite IR daljinski upravlja\u010d kako biste pokrenuli Osu! <\/p>\n<p>Vozite i driftajte po bilo kojoj tvrdoj povr\u0161ini i izazovite prijatelja na utrku! <\/p>\n<p>S 2-kanalnim IR daljinskim upravlja\u010dem mo\u017eete pokrenuti dvije Ose istovremeno! <\/p>\n<p>Mo\u017eete tr\u010dati s dvije Ose odjednom, utrkivati se sa svojim prijateljima! Osa je izrazito brza i ima bo\u010dno klizanje tijela i krila. <\/p>\n<p>Dob: 8+<\/p>\n","protected":false},"excerpt":{"rendered":"<p>Mo\u017eete pokrenuti dvije Ose istovremeno<br \/>\nOsa je izrazito brza<br \/>\nDob: 8+ god<\/p>\n","protected":false},"featured_media":29912,"template":"","meta":{"_seopress_robots_primary_cat":"","_seopress_titles_title":"","_seopress_titles_desc":"","_seopress_robots_index":"","iawp_total_views":0},"product_brand":[369],"product_cat":[221,291],"product_tag":[],"class_list":{"0":"post-29911","1":"product","2":"type-product","3":"status-publish","4":"has-post-thumbnail","6":"product_brand-hexbug","7":"product_cat-igracke","8":"product_cat-igracke-za-djecu-221","10":"first","11":"outofstock","12":"shipping-taxable","13":"purchasable","14":"product-type-simple"},"_links":{"self":[{"href":"https:\/\/singuli.wpress.me\/index.php\/wp-json\/wp\/v2\/product\/29911","targetHints":{"allow":["GET"]}}],"collection":[{"href":"https:\/\/singuli.wpress.me\/index.php\/wp-json\/wp\/v2\/product"}],"about":[{"href":"https:\/\/singuli.wpress.me\/index.php\/wp-json\/wp\/v2\/types\/product"}],"version-history":[{"count":0,"href":"https:\/\/singuli.wpress.me\/index.php\/wp-json\/wp\/v2\/product\/29911\/revisions"}],"wp:featuredmedia":[{"embeddable":true,"href":"https:\/\/singuli.wpress.me\/index.php\/wp-json\/wp\/v2\/media\/29912"}],"wp:attachment":[{"href":"https:\/\/singuli.wpress.me\/index.php\/wp-json\/wp\/v2\/media?parent=29911"}],"wp:term":[{"taxonomy":"product_brand","embeddable":true,"href":"https:\/\/singuli.wpress.me\/index.php\/wp-json\/wp\/v2\/product_brand?post=29911"},{"taxonomy":"product_cat","embeddable":true,"href":"https:\/\/singuli.wpress.me\/index.php\/wp-json\/wp\/v2\/product_cat?post=29911"},{"taxonomy":"product_tag","embeddable":true,"href":"https:\/\/singuli.wpress.me\/index.php\/wp-json\/wp\/v2\/product_tag?post=29911"}],"curies":[{"name":"wp","href":"https:\/\/api.w.org\/{rel}","templated":true}]}}