{"id":29927,"date":"2026-04-17T00:19:35","date_gmt":"2026-04-17T00:19:35","guid":{"rendered":"https:\/\/singuli.wpress.me\/index.php\/proizvod\/matrax-drveni-stolni-nogomet-veliki\/"},"modified":"2026-04-20T12:33:00","modified_gmt":"2026-04-20T12:33:00","slug":"matrax-drveni-stolni-nogomet-veliki","status":"publish","type":"product","link":"https:\/\/singuli.wpress.me\/index.php\/proizvod\/matrax-drveni-stolni-nogomet-veliki\/","title":{"rendered":"MATRAX drveni, stolni nogomet, veliki"},"content":{"rendered":"<p>Do\u017eivite uzbu\u0111enje i u\u017eitak u utakmicama stolnog nogometa u svom domu, s na\u0161om drvenom igrom stolnog nogometa s postoljem. <\/p>\n<p>Proizvedeno iz sigurnih i bezopasnih sirovina i boja koje ne utje\u010du na zdravlje djece. <\/p>\n<p>Prodaje se u nesastavljenom obliku. <\/p>\n<p>Dob: 3+<\/p>\n","protected":false},"excerpt":{"rendered":"<p>Dolazi u nesastavljenom obliku<br \/>\nProizvedeno iz sigurnih i bezopasnih sirovina<br \/>\nDob: 3+ god<\/p>\n","protected":false},"featured_media":29928,"template":"","meta":{"_seopress_robots_primary_cat":"","_seopress_titles_title":"","_seopress_titles_desc":"","_seopress_robots_index":"","iawp_total_views":0},"product_brand":[368],"product_cat":[274,238],"product_tag":[],"class_list":{"0":"post-29927","1":"product","2":"type-product","3":"status-publish","4":"has-post-thumbnail","6":"product_brand-matrax","7":"product_cat-kucanski-pribor-238","8":"product_cat-sve-za-dom","10":"first","11":"outofstock","12":"shipping-taxable","13":"purchasable","14":"product-type-simple"},"_links":{"self":[{"href":"https:\/\/singuli.wpress.me\/index.php\/wp-json\/wp\/v2\/product\/29927","targetHints":{"allow":["GET"]}}],"collection":[{"href":"https:\/\/singuli.wpress.me\/index.php\/wp-json\/wp\/v2\/product"}],"about":[{"href":"https:\/\/singuli.wpress.me\/index.php\/wp-json\/wp\/v2\/types\/product"}],"version-history":[{"count":0,"href":"https:\/\/singuli.wpress.me\/index.php\/wp-json\/wp\/v2\/product\/29927\/revisions"}],"wp:featuredmedia":[{"embeddable":true,"href":"https:\/\/singuli.wpress.me\/index.php\/wp-json\/wp\/v2\/media\/29928"}],"wp:attachment":[{"href":"https:\/\/singuli.wpress.me\/index.php\/wp-json\/wp\/v2\/media?parent=29927"}],"wp:term":[{"taxonomy":"product_brand","embeddable":true,"href":"https:\/\/singuli.wpress.me\/index.php\/wp-json\/wp\/v2\/product_brand?post=29927"},{"taxonomy":"product_cat","embeddable":true,"href":"https:\/\/singuli.wpress.me\/index.php\/wp-json\/wp\/v2\/product_cat?post=29927"},{"taxonomy":"product_tag","embeddable":true,"href":"https:\/\/singuli.wpress.me\/index.php\/wp-json\/wp\/v2\/product_tag?post=29927"}],"curies":[{"name":"wp","href":"https:\/\/api.w.org\/{rel}","templated":true}]}}