{"id":29930,"date":"2026-04-17T00:19:37","date_gmt":"2026-04-17T00:19:37","guid":{"rendered":"https:\/\/singuli.wpress.me\/index.php\/proizvod\/di-top-down-drustvena-igra\/"},"modified":"2026-04-20T12:33:00","modified_gmt":"2026-04-20T12:33:00","slug":"di-top-down-drustvena-igra","status":"publish","type":"product","link":"https:\/\/singuli.wpress.me\/index.php\/proizvod\/di-top-down-drustvena-igra\/","title":{"rendered":"DI Top Down, dru\u0161tvena igra"},"content":{"rendered":"<p><span style=\"font-weight: bold;color: #4472C4\">Top Down &#8211; manje zbroji i pobjedu osvoji!<\/span><span style=\"color: #4472C4\"><\/p>\n<p>Za pobjedu u ovoj igri prikupi \u0161to manje bodova. Nakon svake runde bodovi se zbrajaju i dodaju rezultatu sve dok jedan od igra\u010da ne dosegne 100 ili vi\u0161e bodova. <\/p>\n<p>Poku\u0161aj zamijeniti velike brojeve karata s malim brojevima i zbroji bodove nakon svake runde. Sve \u0161to ti je potrebno je osnovno znanje matematike uz malu dozu sre\u0107e i zabava mo\u017ee po\u010deti.<\/p>\n<p>Ova jednostavna i zabavna karta\u0161ka igra idealna je za obiteljska dru\u017eenja kao i za party dru\u017eenja s ekipom. <\/p>\n<p><\/span><span style=\"font-weight: bold;color: #4472C4\">Namjenjeno za 2-8 igra\u010da<\/span><span style=\"color: #4472C4\"><\/p>\n<p><\/span><span style=\"font-weight: bold;color: #4472C4\">Sadr\u017eaj<\/span><span style=\"color: #4472C4\">: <br \/>\n&#8211; 144 karata s brojevima od -2 do 12<br \/>\n&#8211; uputstvo za upotrebu<br \/>\nDob: 8+<\/span><\/p>\n","protected":false},"excerpt":{"rendered":"<p>Za pobjedu u ovoj igri prikupi \u0161to manje bodova<br \/>\nIgra je namijenjena za 2-8 igra\u010da<br \/>\nDob: 8+ god<\/p>\n","protected":false},"featured_media":29931,"template":"","meta":{"_seopress_robots_primary_cat":"","_seopress_titles_title":"","_seopress_titles_desc":"","_seopress_robots_index":"","iawp_total_views":0},"product_brand":[332],"product_cat":[290,221],"product_tag":[],"class_list":{"0":"post-29930","1":"product","2":"type-product","3":"status-publish","4":"has-post-thumbnail","6":"product_brand-di","7":"product_cat-drustvene-igre-221","8":"product_cat-igracke","10":"first","11":"outofstock","12":"shipping-taxable","13":"purchasable","14":"product-type-simple"},"_links":{"self":[{"href":"https:\/\/singuli.wpress.me\/index.php\/wp-json\/wp\/v2\/product\/29930","targetHints":{"allow":["GET"]}}],"collection":[{"href":"https:\/\/singuli.wpress.me\/index.php\/wp-json\/wp\/v2\/product"}],"about":[{"href":"https:\/\/singuli.wpress.me\/index.php\/wp-json\/wp\/v2\/types\/product"}],"version-history":[{"count":0,"href":"https:\/\/singuli.wpress.me\/index.php\/wp-json\/wp\/v2\/product\/29930\/revisions"}],"wp:featuredmedia":[{"embeddable":true,"href":"https:\/\/singuli.wpress.me\/index.php\/wp-json\/wp\/v2\/media\/29931"}],"wp:attachment":[{"href":"https:\/\/singuli.wpress.me\/index.php\/wp-json\/wp\/v2\/media?parent=29930"}],"wp:term":[{"taxonomy":"product_brand","embeddable":true,"href":"https:\/\/singuli.wpress.me\/index.php\/wp-json\/wp\/v2\/product_brand?post=29930"},{"taxonomy":"product_cat","embeddable":true,"href":"https:\/\/singuli.wpress.me\/index.php\/wp-json\/wp\/v2\/product_cat?post=29930"},{"taxonomy":"product_tag","embeddable":true,"href":"https:\/\/singuli.wpress.me\/index.php\/wp-json\/wp\/v2\/product_tag?post=29930"}],"curies":[{"name":"wp","href":"https:\/\/api.w.org\/{rel}","templated":true}]}}