{"id":29936,"date":"2026-04-17T00:19:42","date_gmt":"2026-04-17T00:19:42","guid":{"rendered":"https:\/\/singuli.wpress.me\/index.php\/proizvod\/spirax-s6-atf-vmplus-mjenjacko-ulje-209-l\/"},"modified":"2026-04-21T00:26:31","modified_gmt":"2026-04-21T00:26:31","slug":"spirax-s6-atf-vmplus-mjenjacko-ulje-209-l","status":"publish","type":"product","link":"https:\/\/singuli.wpress.me\/index.php\/proizvod\/spirax-s6-atf-vmplus-mjenjacko-ulje-209-l\/","title":{"rendered":"SPIRAX S6 ATF VMPLUS, mjenja\u010dko ulje, 209\u00a0l"},"content":{"rendered":"<p>Vrhunski ATF fluid za Voith automatske mjenja\u010de pri produljenim intrvalima zamjene ulja. Namijenjeno za \u0161irok raspon primjena, uklju\u010duju\u0107i javni prijevoz, autoceste i gradsku vo\u017enju. Preporu\u010da se za produljeni interval zamjene 180 000 km za DIWA.6 i DIWA 5 transmisije, dok je prikladan za DIWA.3E i starije DIWA transmisije za produljeni interval izmjene 120 000 km. To omogu\u0107ava flotama mogu\u0107nost kori\u0161tenja jednog proizvoda za sve Voith te\u0161ko optere\u0107ene automatske mjenja\u010de.  Vrhunska tehmologija aditiva i odabrano bazno ulje u suradnji s Voith-om, maksimalni potencijal tijekom cijelog intervala izmjene ulja.  <br \/>\n<span style=\"font-weight: bold\">Specifikacije, odobrenja:<\/span> ZF TE-ML 4 D, 14B, 16L, 17C, MAN 339 Type L1 i Type Z2 (Sach-Nr. 09. 11003-0540), MB-Odobrenje 236.9, 238.22, Voith H55.6336, Odjeljak 1.3, prikladan za ZF TE-ML 03D, 09. Za potpuni popis odobrenja i preporuka molimo kontaktirajte tehni\u010dku podr\u0161ku.<\/p>\n","protected":false},"excerpt":{"rendered":"<p>Za Voith automatske mjenja\u010de pri produljenim intrvalima zamjene ulja<br \/>\nNamijenjeno za \u0161irok raspon primjena, uklju\u010duju\u0107i javni prijevoz, autoceste i gradsku vo\u017enju<br \/>\nVrhunska tehmologija aditiva i odabrano bazno ulje<\/p>\n","protected":false},"featured_media":29937,"template":"","meta":{"_seopress_robots_primary_cat":"","_seopress_titles_title":"","_seopress_titles_desc":"","_seopress_robots_index":"","iawp_total_views":0},"product_brand":[371],"product_cat":[243,276],"product_tag":[],"class_list":{"0":"post-29936","1":"product","2":"type-product","3":"status-publish","4":"has-post-thumbnail","6":"product_brand-spirax","7":"product_cat-automobili-i-motori","8":"product_cat-industrijska-i-specijalna-ulja-243","10":"first","11":"outofstock","12":"shipping-taxable","13":"purchasable","14":"product-type-simple"},"_links":{"self":[{"href":"https:\/\/singuli.wpress.me\/index.php\/wp-json\/wp\/v2\/product\/29936","targetHints":{"allow":["GET"]}}],"collection":[{"href":"https:\/\/singuli.wpress.me\/index.php\/wp-json\/wp\/v2\/product"}],"about":[{"href":"https:\/\/singuli.wpress.me\/index.php\/wp-json\/wp\/v2\/types\/product"}],"version-history":[{"count":0,"href":"https:\/\/singuli.wpress.me\/index.php\/wp-json\/wp\/v2\/product\/29936\/revisions"}],"wp:featuredmedia":[{"embeddable":true,"href":"https:\/\/singuli.wpress.me\/index.php\/wp-json\/wp\/v2\/media\/29937"}],"wp:attachment":[{"href":"https:\/\/singuli.wpress.me\/index.php\/wp-json\/wp\/v2\/media?parent=29936"}],"wp:term":[{"taxonomy":"product_brand","embeddable":true,"href":"https:\/\/singuli.wpress.me\/index.php\/wp-json\/wp\/v2\/product_brand?post=29936"},{"taxonomy":"product_cat","embeddable":true,"href":"https:\/\/singuli.wpress.me\/index.php\/wp-json\/wp\/v2\/product_cat?post=29936"},{"taxonomy":"product_tag","embeddable":true,"href":"https:\/\/singuli.wpress.me\/index.php\/wp-json\/wp\/v2\/product_tag?post=29936"}],"curies":[{"name":"wp","href":"https:\/\/api.w.org\/{rel}","templated":true}]}}