{"id":29938,"date":"2026-04-17T00:19:42","date_gmt":"2026-04-17T00:19:42","guid":{"rendered":"https:\/\/singuli.wpress.me\/index.php\/proizvod\/matrax-stolni-nogomet-mali\/"},"modified":"2026-04-20T12:33:00","modified_gmt":"2026-04-20T12:33:00","slug":"matrax-stolni-nogomet-mali","status":"publish","type":"product","link":"https:\/\/singuli.wpress.me\/index.php\/proizvod\/matrax-stolni-nogomet-mali\/","title":{"rendered":"MATRAX, stolni nogomet, mali"},"content":{"rendered":"<p>U\u017eivajte u nogometu kod ku\u0107e uz na\u0161u malu nogometnu igru Svjetskih prvaka. <\/p>\n<p>U setu se nalaze 2 loptice. Namijenjeno za igru dva igra\u010da. <\/p>\n<p>Proizvedeno od visokokvalitetnih sirovina uz kori\u0161tenje bezopasnih boja, modernog i sigurnog dizajna, \u0161to omogu\u0107uju\u0107e sigurnu i bezbri\u017enu igru. <\/p>\n<p>Dob: 3+<\/p>\n","protected":false},"excerpt":{"rendered":"<p>Proizvedeno iz sigurnih i bezopasnih sirovina<br \/>\nU setu se nalaze 3 loptice.<br \/>\nDob: 3+ god<\/p>\n","protected":false},"featured_media":29939,"template":"","meta":{"_seopress_robots_primary_cat":"","_seopress_titles_title":"","_seopress_titles_desc":"","_seopress_robots_index":"","iawp_total_views":0},"product_brand":[368],"product_cat":[274,238],"product_tag":[],"class_list":{"0":"post-29938","1":"product","2":"type-product","3":"status-publish","4":"has-post-thumbnail","6":"product_brand-matrax","7":"product_cat-kucanski-pribor-238","8":"product_cat-sve-za-dom","10":"first","11":"outofstock","12":"shipping-taxable","13":"purchasable","14":"product-type-simple"},"_links":{"self":[{"href":"https:\/\/singuli.wpress.me\/index.php\/wp-json\/wp\/v2\/product\/29938","targetHints":{"allow":["GET"]}}],"collection":[{"href":"https:\/\/singuli.wpress.me\/index.php\/wp-json\/wp\/v2\/product"}],"about":[{"href":"https:\/\/singuli.wpress.me\/index.php\/wp-json\/wp\/v2\/types\/product"}],"version-history":[{"count":0,"href":"https:\/\/singuli.wpress.me\/index.php\/wp-json\/wp\/v2\/product\/29938\/revisions"}],"wp:featuredmedia":[{"embeddable":true,"href":"https:\/\/singuli.wpress.me\/index.php\/wp-json\/wp\/v2\/media\/29939"}],"wp:attachment":[{"href":"https:\/\/singuli.wpress.me\/index.php\/wp-json\/wp\/v2\/media?parent=29938"}],"wp:term":[{"taxonomy":"product_brand","embeddable":true,"href":"https:\/\/singuli.wpress.me\/index.php\/wp-json\/wp\/v2\/product_brand?post=29938"},{"taxonomy":"product_cat","embeddable":true,"href":"https:\/\/singuli.wpress.me\/index.php\/wp-json\/wp\/v2\/product_cat?post=29938"},{"taxonomy":"product_tag","embeddable":true,"href":"https:\/\/singuli.wpress.me\/index.php\/wp-json\/wp\/v2\/product_tag?post=29938"}],"curies":[{"name":"wp","href":"https:\/\/api.w.org\/{rel}","templated":true}]}}