{"id":29942,"date":"2026-04-17T00:19:44","date_gmt":"2026-04-17T00:19:44","guid":{"rendered":"https:\/\/singuli.wpress.me\/index.php\/proizvod\/heroes-kineticki-pijesak-s-kalupima-1000-g\/"},"modified":"2026-04-20T12:33:00","modified_gmt":"2026-04-20T12:33:00","slug":"heroes-kineticki-pijesak-s-kalupima-1000-g","status":"publish","type":"product","link":"https:\/\/singuli.wpress.me\/index.php\/proizvod\/heroes-kineticki-pijesak-s-kalupima-1000-g\/","title":{"rendered":"HEROES, kineti\u010dki pijesak, s kalupima , 1000\u00a0g"},"content":{"rendered":"<p>Ova kantica je prepuna \u010darobnog kineti\u010dkog pijeska, sadr\u017ei razli\u010dite boje i razli\u010dite kalupe. <\/p>\n<p>\nKineti\u010dki pijesak mo\u017eete modelirati rukama ili mo\u017eete koristiti kalupe. <\/p>\n<p>\nNapravljen je od ne\u0161kodljivog i 100% netoksi\u010dnog materijala vrhunske kvalitete. <\/p>\n<p><span style=\"font-weight: bold;color: #4472C4\"><br \/>\nDob: 3+<\/span><\/p>\n","protected":false},"excerpt":{"rendered":"<p>Kineti\u010dki pijesak mo\u017eete modelirati rukama ili mo\u017eete koristiti kalupe<br \/>\nNapravljen je od ne\u0161kodljivog i 100% netoksi\u010dnog materijala<br \/>\nDob: 3+ god<\/p>\n","protected":false},"featured_media":29943,"template":"","meta":{"_seopress_robots_primary_cat":"","_seopress_titles_title":"","_seopress_titles_desc":"","_seopress_robots_index":"","iawp_total_views":0},"product_brand":[342],"product_cat":[221,291],"product_tag":[],"class_list":{"0":"post-29942","1":"product","2":"type-product","3":"status-publish","4":"has-post-thumbnail","6":"product_brand-heroes","7":"product_cat-igracke","8":"product_cat-igracke-za-djecu-221","10":"first","11":"outofstock","12":"shipping-taxable","13":"purchasable","14":"product-type-simple"},"_links":{"self":[{"href":"https:\/\/singuli.wpress.me\/index.php\/wp-json\/wp\/v2\/product\/29942","targetHints":{"allow":["GET"]}}],"collection":[{"href":"https:\/\/singuli.wpress.me\/index.php\/wp-json\/wp\/v2\/product"}],"about":[{"href":"https:\/\/singuli.wpress.me\/index.php\/wp-json\/wp\/v2\/types\/product"}],"version-history":[{"count":0,"href":"https:\/\/singuli.wpress.me\/index.php\/wp-json\/wp\/v2\/product\/29942\/revisions"}],"wp:featuredmedia":[{"embeddable":true,"href":"https:\/\/singuli.wpress.me\/index.php\/wp-json\/wp\/v2\/media\/29943"}],"wp:attachment":[{"href":"https:\/\/singuli.wpress.me\/index.php\/wp-json\/wp\/v2\/media?parent=29942"}],"wp:term":[{"taxonomy":"product_brand","embeddable":true,"href":"https:\/\/singuli.wpress.me\/index.php\/wp-json\/wp\/v2\/product_brand?post=29942"},{"taxonomy":"product_cat","embeddable":true,"href":"https:\/\/singuli.wpress.me\/index.php\/wp-json\/wp\/v2\/product_cat?post=29942"},{"taxonomy":"product_tag","embeddable":true,"href":"https:\/\/singuli.wpress.me\/index.php\/wp-json\/wp\/v2\/product_tag?post=29942"}],"curies":[{"name":"wp","href":"https:\/\/api.w.org\/{rel}","templated":true}]}}