{"id":29950,"date":"2026-04-17T00:19:51","date_gmt":"2026-04-17T00:19:51","guid":{"rendered":"https:\/\/singuli.wpress.me\/index.php\/proizvod\/marionette-memo-drustvena-igra-zivotinje\/"},"modified":"2026-04-20T12:33:00","modified_gmt":"2026-04-20T12:33:00","slug":"marionette-memo-drustvena-igra-zivotinje","status":"publish","type":"product","link":"https:\/\/singuli.wpress.me\/index.php\/proizvod\/marionette-memo-drustvena-igra-zivotinje\/","title":{"rendered":"MARIONETTE MEMO , dru\u0161tvena igra, \u017eivotinje"},"content":{"rendered":"<p>U igri memo \u017eivotinje, svi dijelove slagalice se sla\u017eu licem prema dolje. <br \/>\nCilj je zatim okretati po dvije kartice i prona\u0107i dvije identi\u010dne. Onaj tko ima najvi\u0161e kombinacija je pobjednik. <\/p>\n<p>Ova igra poti\u010de razvoj razmi\u0161ljanja. <br \/>\n<span style=\"font-weight: bold;color: #4472C4\"><br \/>\nDob: 2+<\/span><\/p>\n","protected":false},"excerpt":{"rendered":"<p>Poti\u010de razvoj razmi\u0161ljanja<br \/>\nSadr\u017ei 52 drvene kartice<br \/>\nDob: 2+ god<\/p>\n","protected":false},"featured_media":29951,"template":"","meta":{"_seopress_robots_primary_cat":"","_seopress_titles_title":"","_seopress_titles_desc":"","_seopress_robots_index":"","iawp_total_views":0},"product_brand":[363],"product_cat":[221,291],"product_tag":[],"class_list":{"0":"post-29950","1":"product","2":"type-product","3":"status-publish","4":"has-post-thumbnail","6":"product_brand-marionette","7":"product_cat-igracke","8":"product_cat-igracke-za-djecu-221","10":"first","11":"outofstock","12":"shipping-taxable","13":"purchasable","14":"product-type-simple"},"_links":{"self":[{"href":"https:\/\/singuli.wpress.me\/index.php\/wp-json\/wp\/v2\/product\/29950","targetHints":{"allow":["GET"]}}],"collection":[{"href":"https:\/\/singuli.wpress.me\/index.php\/wp-json\/wp\/v2\/product"}],"about":[{"href":"https:\/\/singuli.wpress.me\/index.php\/wp-json\/wp\/v2\/types\/product"}],"version-history":[{"count":0,"href":"https:\/\/singuli.wpress.me\/index.php\/wp-json\/wp\/v2\/product\/29950\/revisions"}],"wp:featuredmedia":[{"embeddable":true,"href":"https:\/\/singuli.wpress.me\/index.php\/wp-json\/wp\/v2\/media\/29951"}],"wp:attachment":[{"href":"https:\/\/singuli.wpress.me\/index.php\/wp-json\/wp\/v2\/media?parent=29950"}],"wp:term":[{"taxonomy":"product_brand","embeddable":true,"href":"https:\/\/singuli.wpress.me\/index.php\/wp-json\/wp\/v2\/product_brand?post=29950"},{"taxonomy":"product_cat","embeddable":true,"href":"https:\/\/singuli.wpress.me\/index.php\/wp-json\/wp\/v2\/product_cat?post=29950"},{"taxonomy":"product_tag","embeddable":true,"href":"https:\/\/singuli.wpress.me\/index.php\/wp-json\/wp\/v2\/product_tag?post=29950"}],"curies":[{"name":"wp","href":"https:\/\/api.w.org\/{rel}","templated":true}]}}