{"id":29956,"date":"2026-04-17T00:19:54","date_gmt":"2026-04-17T00:19:54","guid":{"rendered":"https:\/\/singuli.wpress.me\/index.php\/proizvod\/robo-alive-figura-zmija\/"},"modified":"2026-04-20T12:33:00","modified_gmt":"2026-04-20T12:33:00","slug":"robo-alive-figura-zmija","status":"publish","type":"product","link":"https:\/\/singuli.wpress.me\/index.php\/proizvod\/robo-alive-figura-zmija\/","title":{"rendered":"ROBO ALIVE, figura, zmija"},"content":{"rendered":"<p>\u017divite \u017eivot kao da ste u divljini uz novu Robo Alive Zmiju S3.<\/p>\n<p>Gledajte kako tiho gmi\u017ee, dok palaca jezikom u potrazi za sljede\u0107im plijenom.<\/p>\n<p><span style=\"font-weight: bold;color: #4472C4\">REALISTI\u010cNO KRETANJE: <\/span><span style=\"color: #4472C4\">Zmija brzo gmi\u017ee, po svim ravnim povr\u0161inama. Gledajte kako gmi\u017ee i uvija se ba\u0161 kao prava zmija.<\/p>\n<p><\/span><span style=\"font-weight: bold;color: #4472C4\">LOV NA PLIJEN: <\/span><span style=\"color: #4472C4\">Jezik, koji stalno palaca, kao u prave zmije, u potrazi za sljede\u0107im obrokom!<\/p>\n<p><\/span><span style=\"font-weight: bold;color: #4472C4\">SVIJETLI U MRAKU: <\/span><span style=\"color: #4472C4\">S LED svjetlom u ustima, ova zmija mo\u017ee tra\u017eiti plijen i u mraku.<\/p>\n<p>Pazite, nitko ne\u0107e znati je li ovo prava zmija ili ne, jer ovo je ROBO ALIVE!<\/p>\n<p>Prikladno za djecu stariju od 3 godine.<\/span><\/p>\n","protected":false},"excerpt":{"rendered":"<p>Gmi\u017ee i uvija se ba\u0161 kao prava zmija<br \/>\nZmija svijetli u mraku<br \/>\nDob: 3+ god<\/p>\n","protected":false},"featured_media":29957,"template":"","meta":{"_seopress_robots_primary_cat":"","_seopress_titles_title":"","_seopress_titles_desc":"","_seopress_robots_index":"","iawp_total_views":0},"product_brand":[374],"product_cat":[221,263],"product_tag":[],"class_list":{"0":"post-29956","1":"product","2":"type-product","3":"status-publish","4":"has-post-thumbnail","6":"product_brand-robo-alive","7":"product_cat-igracke","8":"product_cat-tematske-igracke-221","10":"first","11":"instock","12":"shipping-taxable","13":"purchasable","14":"product-type-simple"},"_links":{"self":[{"href":"https:\/\/singuli.wpress.me\/index.php\/wp-json\/wp\/v2\/product\/29956","targetHints":{"allow":["GET"]}}],"collection":[{"href":"https:\/\/singuli.wpress.me\/index.php\/wp-json\/wp\/v2\/product"}],"about":[{"href":"https:\/\/singuli.wpress.me\/index.php\/wp-json\/wp\/v2\/types\/product"}],"version-history":[{"count":0,"href":"https:\/\/singuli.wpress.me\/index.php\/wp-json\/wp\/v2\/product\/29956\/revisions"}],"wp:featuredmedia":[{"embeddable":true,"href":"https:\/\/singuli.wpress.me\/index.php\/wp-json\/wp\/v2\/media\/29957"}],"wp:attachment":[{"href":"https:\/\/singuli.wpress.me\/index.php\/wp-json\/wp\/v2\/media?parent=29956"}],"wp:term":[{"taxonomy":"product_brand","embeddable":true,"href":"https:\/\/singuli.wpress.me\/index.php\/wp-json\/wp\/v2\/product_brand?post=29956"},{"taxonomy":"product_cat","embeddable":true,"href":"https:\/\/singuli.wpress.me\/index.php\/wp-json\/wp\/v2\/product_cat?post=29956"},{"taxonomy":"product_tag","embeddable":true,"href":"https:\/\/singuli.wpress.me\/index.php\/wp-json\/wp\/v2\/product_tag?post=29956"}],"curies":[{"name":"wp","href":"https:\/\/api.w.org\/{rel}","templated":true}]}}