{"id":29961,"date":"2026-04-17T00:19:58","date_gmt":"2026-04-17T00:19:58","guid":{"rendered":"https:\/\/singuli.wpress.me\/index.php\/proizvod\/quercetti-jumbo-peggy-3d-mozaik-s-gumbima-moj-prvi-mozaik\/"},"modified":"2026-04-20T12:33:00","modified_gmt":"2026-04-20T12:33:00","slug":"quercetti-jumbo-peggy-3d-mozaik-s-gumbima-moj-prvi-mozaik","status":"publish","type":"product","link":"https:\/\/singuli.wpress.me\/index.php\/proizvod\/quercetti-jumbo-peggy-3d-mozaik-s-gumbima-moj-prvi-mozaik\/","title":{"rendered":"QUERCETTI Jumbo Peggy, 3D mozaik s gumbima, Moj prvi mozaik"},"content":{"rendered":"<p><span style=\"font-weight: bold;color: #4472C4\">Ovaj set sadr\u017ei 2 igre u jednoj, kojima razvijate djetetove motori\u010dke sposobnosti i koordinaciju oko-ruka! <\/span><span style=\"color: #4472C4\"><\/p>\n<p>Uzmite plo\u010du s jednom od zabavnih, prepoznatljivih slika i stavite jumbo bockalicu za igru u pravoj boji na prava mjesta. <\/p>\n<p>Drugi na\u010din igranja s ovom igrom je, da uz pomo\u0107 plo\u010dica i jumbo bockalica, napravite strukturu koju \u017eelite! <\/p>\n<p><\/span><span style=\"font-weight: bold;color: #4472C4\">Dob: 2+<\/span><\/p>\n","protected":false},"excerpt":{"rendered":"<p>Set sadr\u017ei 2 igre u jednoj<br \/>\nRazvija djetetove motori\u010dke sposobnosti i koordinaciju oko-ruka<br \/>\nDob: 2+ god<\/p>\n","protected":false},"featured_media":29962,"template":"","meta":{"_seopress_robots_primary_cat":"","_seopress_titles_title":"","_seopress_titles_desc":"","_seopress_robots_index":"","iawp_total_views":0},"product_brand":[375],"product_cat":[221,291],"product_tag":[],"class_list":{"0":"post-29961","1":"product","2":"type-product","3":"status-publish","4":"has-post-thumbnail","6":"product_brand-quercetti","7":"product_cat-igracke","8":"product_cat-igracke-za-djecu-221","10":"first","11":"outofstock","12":"shipping-taxable","13":"purchasable","14":"product-type-simple"},"_links":{"self":[{"href":"https:\/\/singuli.wpress.me\/index.php\/wp-json\/wp\/v2\/product\/29961","targetHints":{"allow":["GET"]}}],"collection":[{"href":"https:\/\/singuli.wpress.me\/index.php\/wp-json\/wp\/v2\/product"}],"about":[{"href":"https:\/\/singuli.wpress.me\/index.php\/wp-json\/wp\/v2\/types\/product"}],"version-history":[{"count":0,"href":"https:\/\/singuli.wpress.me\/index.php\/wp-json\/wp\/v2\/product\/29961\/revisions"}],"wp:featuredmedia":[{"embeddable":true,"href":"https:\/\/singuli.wpress.me\/index.php\/wp-json\/wp\/v2\/media\/29962"}],"wp:attachment":[{"href":"https:\/\/singuli.wpress.me\/index.php\/wp-json\/wp\/v2\/media?parent=29961"}],"wp:term":[{"taxonomy":"product_brand","embeddable":true,"href":"https:\/\/singuli.wpress.me\/index.php\/wp-json\/wp\/v2\/product_brand?post=29961"},{"taxonomy":"product_cat","embeddable":true,"href":"https:\/\/singuli.wpress.me\/index.php\/wp-json\/wp\/v2\/product_cat?post=29961"},{"taxonomy":"product_tag","embeddable":true,"href":"https:\/\/singuli.wpress.me\/index.php\/wp-json\/wp\/v2\/product_tag?post=29961"}],"curies":[{"name":"wp","href":"https:\/\/api.w.org\/{rel}","templated":true}]}}