{"id":29969,"date":"2026-04-17T00:20:03","date_gmt":"2026-04-17T00:20:03","guid":{"rendered":"https:\/\/singuli.wpress.me\/index.php\/proizvod\/robo-alive-figura-raptor\/"},"modified":"2026-04-21T00:26:31","modified_gmt":"2026-04-21T00:26:31","slug":"robo-alive-figura-raptor","status":"publish","type":"product","link":"https:\/\/singuli.wpress.me\/index.php\/proizvod\/robo-alive-figura-raptor\/","title":{"rendered":"ROBO ALIVE, figura, raptor"},"content":{"rendered":"<p>Coool, najstvarnije roboti\u010dke \u017eivotinje ikad! <\/p>\n<p>Nova tehnologija omogu\u0107uje ovim bi\u0107ima da se kre\u0107u poput \u017eivih! <\/p>\n<p>Robo Alive Roboti\u010dki Raptor, kre\u0107e se poput pravog predatora. <br \/>\nU paketu sti\u017ee jaje iznena\u0111enja. Otvori Dino jaje iznena\u0111enja i otkrij Dino slajm, prepun nekih cool sitnica, skrivenih u slajmu! <br \/>\nDino slajm svijetli u mraku! <br \/>\nIzgleda tako stvarno, to je zasigurno Robo Alive!<\/p>\n<p>Dob: 4+<\/p>\n","protected":false},"excerpt":{"rendered":"<p>Krec\u0301u se i pona\u0161aju kao da su stvarni<br \/>\nDino slajm svijetli u mraku<br \/>\nDob: 4+ god<\/p>\n","protected":false},"featured_media":29970,"template":"","meta":{"_seopress_robots_primary_cat":"","_seopress_titles_title":"","_seopress_titles_desc":"","_seopress_robots_index":"","iawp_total_views":0},"product_brand":[374],"product_cat":[221,263],"product_tag":[],"class_list":{"0":"post-29969","1":"product","2":"type-product","3":"status-publish","4":"has-post-thumbnail","6":"product_brand-robo-alive","7":"product_cat-igracke","8":"product_cat-tematske-igracke-221","10":"first","11":"outofstock","12":"shipping-taxable","13":"purchasable","14":"product-type-simple"},"_links":{"self":[{"href":"https:\/\/singuli.wpress.me\/index.php\/wp-json\/wp\/v2\/product\/29969","targetHints":{"allow":["GET"]}}],"collection":[{"href":"https:\/\/singuli.wpress.me\/index.php\/wp-json\/wp\/v2\/product"}],"about":[{"href":"https:\/\/singuli.wpress.me\/index.php\/wp-json\/wp\/v2\/types\/product"}],"version-history":[{"count":0,"href":"https:\/\/singuli.wpress.me\/index.php\/wp-json\/wp\/v2\/product\/29969\/revisions"}],"wp:featuredmedia":[{"embeddable":true,"href":"https:\/\/singuli.wpress.me\/index.php\/wp-json\/wp\/v2\/media\/29970"}],"wp:attachment":[{"href":"https:\/\/singuli.wpress.me\/index.php\/wp-json\/wp\/v2\/media?parent=29969"}],"wp:term":[{"taxonomy":"product_brand","embeddable":true,"href":"https:\/\/singuli.wpress.me\/index.php\/wp-json\/wp\/v2\/product_brand?post=29969"},{"taxonomy":"product_cat","embeddable":true,"href":"https:\/\/singuli.wpress.me\/index.php\/wp-json\/wp\/v2\/product_cat?post=29969"},{"taxonomy":"product_tag","embeddable":true,"href":"https:\/\/singuli.wpress.me\/index.php\/wp-json\/wp\/v2\/product_tag?post=29969"}],"curies":[{"name":"wp","href":"https:\/\/api.w.org\/{rel}","templated":true}]}}