{"id":29975,"date":"2026-04-17T00:20:07","date_gmt":"2026-04-17T00:20:07","guid":{"rendered":"https:\/\/singuli.wpress.me\/index.php\/proizvod\/robo-alive-figura-guster\/"},"modified":"2026-04-20T12:33:00","modified_gmt":"2026-04-20T12:33:00","slug":"robo-alive-figura-guster","status":"publish","type":"product","link":"https:\/\/singuli.wpress.me\/index.php\/proizvod\/robo-alive-figura-guster\/","title":{"rendered":"ROBO ALIVE, figura, gu\u0161ter"},"content":{"rendered":"<p>Jeste li dovoljno hrabri da ukrotite novog Robo Alive Gu\u0161tera? Robotska tehnologija omogu\u0107uje mu nadma\u0161iti \u010dak i najbr\u017ee predatore. Nikad stra\u0161niji s o\u010dima koje sijaju, gumenim repom i glavom koja se mi\u010de!<\/p>\n<p><span style=\"font-weight: bold;color: #4472C4\">REALNO KRETANJE:<\/span><span style=\"color: #4472C4\"> Ovaj gu\u0161ter se kre\u0107e i tr\u010di kao pravi gu\u0161ter! Uz pobolj\u0161anu tehnologiju &#8211; ovaj gu\u0161ter je super brz!<br \/>\n<\/span><span style=\"font-weight: bold;color: #4472C4\">UGRA\u0110ENI SENZORI: <\/span><span style=\"color: #4472C4\">Novi gu\u0161ter dolazi s ugra\u0111enim senzorima, kada mu nagnete vrat, zaustavlja se i tra\u017ei plijen.<br \/>\n<\/span><span style=\"font-weight: bold;color: #4472C4\">REALNI OSJE\u0106AJ:<\/span><span style=\"color: #4472C4\"> Dodirnite mekanu gumenu glavu i rep, osjetit \u0107ete kao da dodirujete pravog gu\u0161tera!<\/p>\n<p>Dob: 3+<\/span><\/p>\n","protected":false},"excerpt":{"rendered":"<p>Kre\u0107e se i tr\u010di kao pravi gu\u0161ter<br \/>\nKao da dodirujete pravog gu\u0161tera<br \/>\nDob: 3+ god<\/p>\n","protected":false},"featured_media":29976,"template":"","meta":{"_seopress_robots_primary_cat":"","_seopress_titles_title":"","_seopress_titles_desc":"","_seopress_robots_index":"","iawp_total_views":0},"product_brand":[374],"product_cat":[221,263],"product_tag":[],"class_list":{"0":"post-29975","1":"product","2":"type-product","3":"status-publish","4":"has-post-thumbnail","6":"product_brand-robo-alive","7":"product_cat-igracke","8":"product_cat-tematske-igracke-221","10":"first","11":"outofstock","12":"shipping-taxable","13":"purchasable","14":"product-type-simple"},"_links":{"self":[{"href":"https:\/\/singuli.wpress.me\/index.php\/wp-json\/wp\/v2\/product\/29975","targetHints":{"allow":["GET"]}}],"collection":[{"href":"https:\/\/singuli.wpress.me\/index.php\/wp-json\/wp\/v2\/product"}],"about":[{"href":"https:\/\/singuli.wpress.me\/index.php\/wp-json\/wp\/v2\/types\/product"}],"version-history":[{"count":0,"href":"https:\/\/singuli.wpress.me\/index.php\/wp-json\/wp\/v2\/product\/29975\/revisions"}],"wp:featuredmedia":[{"embeddable":true,"href":"https:\/\/singuli.wpress.me\/index.php\/wp-json\/wp\/v2\/media\/29976"}],"wp:attachment":[{"href":"https:\/\/singuli.wpress.me\/index.php\/wp-json\/wp\/v2\/media?parent=29975"}],"wp:term":[{"taxonomy":"product_brand","embeddable":true,"href":"https:\/\/singuli.wpress.me\/index.php\/wp-json\/wp\/v2\/product_brand?post=29975"},{"taxonomy":"product_cat","embeddable":true,"href":"https:\/\/singuli.wpress.me\/index.php\/wp-json\/wp\/v2\/product_cat?post=29975"},{"taxonomy":"product_tag","embeddable":true,"href":"https:\/\/singuli.wpress.me\/index.php\/wp-json\/wp\/v2\/product_tag?post=29975"}],"curies":[{"name":"wp","href":"https:\/\/api.w.org\/{rel}","templated":true}]}}