{"id":29981,"date":"2026-04-17T00:20:10","date_gmt":"2026-04-17T00:20:10","guid":{"rendered":"https:\/\/singuli.wpress.me\/index.php\/proizvod\/quercetti-fantacolor-3d-mozaik-s-gumbima-prijenosni-set\/"},"modified":"2026-04-20T12:33:00","modified_gmt":"2026-04-20T12:33:00","slug":"quercetti-fantacolor-3d-mozaik-s-gumbima-prijenosni-set","status":"publish","type":"product","link":"https:\/\/singuli.wpress.me\/index.php\/proizvod\/quercetti-fantacolor-3d-mozaik-s-gumbima-prijenosni-set\/","title":{"rendered":"QUERCETTI Fantacolor, 3D mozaik s gumbima, prijenosni set"},"content":{"rendered":"<p><span style=\"font-weight: bold;color: #4472C4\">Fantacolor prijenosni set<\/span><span style=\"color: #4472C4\">, je set za igru koja je zabavljala generacije djece: umetanjem bockalica u za to namijenjenu plo\u010du, djeca slobodno izra\u017eavaju svoju kreativnost i treniraju koordinaciju ruku i o\u010diju. <\/p>\n<p>Mogu se zamisliti i napraviti prelijepi mozaici ili kopirati primjeri ilustrirani u albumu.<\/p>\n<p>Svi dijelovi su pohranjeni u jednoj torbici koja je laka za no\u0161enje i idealna za putovanja. Ru\u010dka ne slu\u017ei samo za no\u0161enje, ve\u0107 vam tako\u0111er omogu\u0107uje da objesite mozaik na zid, kako biste na originalan na\u010din ukrasili sobu. <\/p>\n<p>Set sadr\u017ei 280 bockalica. <\/p>\n<p><\/span><span style=\"font-weight: bold;color: #4472C4\">Dob: 3+<\/span><\/p>\n","protected":false},"excerpt":{"rendered":"<p>Djeca slobodno izra\u017eavaju svoju kreativnost i treniraju koordinaciju ruku i o\u010diju<br \/>\nSet sadr\u017ei 280 bockalica<br \/>\nDob: 3+ god<\/p>\n","protected":false},"featured_media":29982,"template":"","meta":{"_seopress_robots_primary_cat":"","_seopress_titles_title":"","_seopress_titles_desc":"","_seopress_robots_index":"","iawp_total_views":0},"product_brand":[375],"product_cat":[221,291],"product_tag":[],"class_list":{"0":"post-29981","1":"product","2":"type-product","3":"status-publish","4":"has-post-thumbnail","6":"product_brand-quercetti","7":"product_cat-igracke","8":"product_cat-igracke-za-djecu-221","10":"first","11":"outofstock","12":"shipping-taxable","13":"purchasable","14":"product-type-simple"},"_links":{"self":[{"href":"https:\/\/singuli.wpress.me\/index.php\/wp-json\/wp\/v2\/product\/29981","targetHints":{"allow":["GET"]}}],"collection":[{"href":"https:\/\/singuli.wpress.me\/index.php\/wp-json\/wp\/v2\/product"}],"about":[{"href":"https:\/\/singuli.wpress.me\/index.php\/wp-json\/wp\/v2\/types\/product"}],"version-history":[{"count":0,"href":"https:\/\/singuli.wpress.me\/index.php\/wp-json\/wp\/v2\/product\/29981\/revisions"}],"wp:featuredmedia":[{"embeddable":true,"href":"https:\/\/singuli.wpress.me\/index.php\/wp-json\/wp\/v2\/media\/29982"}],"wp:attachment":[{"href":"https:\/\/singuli.wpress.me\/index.php\/wp-json\/wp\/v2\/media?parent=29981"}],"wp:term":[{"taxonomy":"product_brand","embeddable":true,"href":"https:\/\/singuli.wpress.me\/index.php\/wp-json\/wp\/v2\/product_brand?post=29981"},{"taxonomy":"product_cat","embeddable":true,"href":"https:\/\/singuli.wpress.me\/index.php\/wp-json\/wp\/v2\/product_cat?post=29981"},{"taxonomy":"product_tag","embeddable":true,"href":"https:\/\/singuli.wpress.me\/index.php\/wp-json\/wp\/v2\/product_tag?post=29981"}],"curies":[{"name":"wp","href":"https:\/\/api.w.org\/{rel}","templated":true}]}}