{"id":29986,"date":"2026-04-17T00:20:14","date_gmt":"2026-04-17T00:20:14","guid":{"rendered":"https:\/\/singuli.wpress.me\/index.php\/proizvod\/roter-kafer-baby-foam-puzzle-zoo\/"},"modified":"2026-04-20T12:33:00","modified_gmt":"2026-04-20T12:33:00","slug":"roter-kafer-baby-foam-puzzle-zoo","status":"publish","type":"product","link":"https:\/\/singuli.wpress.me\/index.php\/proizvod\/roter-kafer-baby-foam-puzzle-zoo\/","title":{"rendered":"ROTER K\u00c4FER Baby Foam, puzzle, ZOO"},"content":{"rendered":"<p>Ovo su prve puzzle za va\u0161e najmla\u0111e. <\/p>\n<p>\nSet sadr\u017ei 4 slike omiljenih \u017eivotinja iz ZOO vrta. <\/p>\n<p>\nZadatak djeteta je da sastavi dijelove puzzli i napravi svaku \u017eivotinju pojedina\u010dno. <\/p>\n<p>Puzzle s razli\u010ditim brojem elemenata (3.4.5), \u0107e pomo\u0107i va\u0161em djetetu da nau\u010di kako kombinirati razli\u010dite dijelove u cjelinu, koriste\u0107i logiku. <\/p>\n<p>\nIgra razvija motoriku, logiku, koncentraciju i pa\u017enju. <\/p>\n<p>\n<span style=\"font-weight: bold;color: #4472C4\">Sadr\u017eaj<\/span><span style=\"color: #4472C4\">: 4 slike,16 dijelova. <\/p>\n<p><\/span><span style=\"font-weight: bold;color: #4472C4\"><br \/>\nDob: 3+<\/span><\/p>\n","protected":false},"excerpt":{"rendered":"<p>Razvija motoriku, logiku, koncentraciju i pa\u017enju<br \/>\nSadr\u017ei 16 dijelova<br \/>\nDob: 3+ god<\/p>\n","protected":false},"featured_media":29987,"template":"","meta":{"_seopress_robots_primary_cat":"","_seopress_titles_title":"","_seopress_titles_desc":"","_seopress_robots_index":"","iawp_total_views":0},"product_brand":[372],"product_cat":[290,221],"product_tag":[],"class_list":{"0":"post-29986","1":"product","2":"type-product","3":"status-publish","4":"has-post-thumbnail","6":"product_brand-roter-kafer","7":"product_cat-drustvene-igre-221","8":"product_cat-igracke","10":"first","11":"outofstock","12":"shipping-taxable","13":"purchasable","14":"product-type-simple"},"_links":{"self":[{"href":"https:\/\/singuli.wpress.me\/index.php\/wp-json\/wp\/v2\/product\/29986","targetHints":{"allow":["GET"]}}],"collection":[{"href":"https:\/\/singuli.wpress.me\/index.php\/wp-json\/wp\/v2\/product"}],"about":[{"href":"https:\/\/singuli.wpress.me\/index.php\/wp-json\/wp\/v2\/types\/product"}],"version-history":[{"count":0,"href":"https:\/\/singuli.wpress.me\/index.php\/wp-json\/wp\/v2\/product\/29986\/revisions"}],"wp:featuredmedia":[{"embeddable":true,"href":"https:\/\/singuli.wpress.me\/index.php\/wp-json\/wp\/v2\/media\/29987"}],"wp:attachment":[{"href":"https:\/\/singuli.wpress.me\/index.php\/wp-json\/wp\/v2\/media?parent=29986"}],"wp:term":[{"taxonomy":"product_brand","embeddable":true,"href":"https:\/\/singuli.wpress.me\/index.php\/wp-json\/wp\/v2\/product_brand?post=29986"},{"taxonomy":"product_cat","embeddable":true,"href":"https:\/\/singuli.wpress.me\/index.php\/wp-json\/wp\/v2\/product_cat?post=29986"},{"taxonomy":"product_tag","embeddable":true,"href":"https:\/\/singuli.wpress.me\/index.php\/wp-json\/wp\/v2\/product_tag?post=29986"}],"curies":[{"name":"wp","href":"https:\/\/api.w.org\/{rel}","templated":true}]}}