{"id":29988,"date":"2026-04-17T00:20:15","date_gmt":"2026-04-17T00:20:15","guid":{"rendered":"https:\/\/singuli.wpress.me\/index.php\/proizvod\/robo-alive-figura-robotska-ribica\/"},"modified":"2026-04-20T12:33:00","modified_gmt":"2026-04-20T12:33:00","slug":"robo-alive-figura-robotska-ribica","status":"publish","type":"product","link":"https:\/\/singuli.wpress.me\/index.php\/proizvod\/robo-alive-figura-robotska-ribica\/","title":{"rendered":"ROBO ALIVE, figura, robotska ribica"},"content":{"rendered":"<p>Ubacite Roboti\u010dku ribicu u vodu i gledajte kako o\u017eivljava pomoc\u0301u napredne tehnologije &#8211; aktivacija vodom! <\/p>\n<p>Ove ribe plivaju u 5 razli\u010ditih pravaca i rone do \u010dak 1,8 metara! Gledajte kako va\u0161a Roboti\u010dka ribica \u010darobno mijenja boju u kontaktu s vodom!Kada izvadite ribu iz vode, mo\u017eete nje\u017eno pritisnuti dlan na njene ljuske i vratiti joj originalnu boju! <\/p>\n<p>Roboti\u010dka ribica izgleda i krec\u0301e se ba\u0161 kao prava riba, omoguc\u0301uje vam da se na\u0161alite s prijateljima i obitelji s vremena na vrijeme! <\/p>\n<p>U asortimanu mo\u017eete prona\u0107i 6 razli\u010ditih ljubimaca &#8211; sakupi ih sve! <\/p>\n<p>Prikladno za djecu stariju od 3 godine.<\/p>\n","protected":false},"excerpt":{"rendered":"<p>Rone do \u010dak 1,8 metara<br \/>\nMijenja boju u kontaktu s vodom<br \/>\nDob: 3+ god<\/p>\n","protected":false},"featured_media":29989,"template":"","meta":{"_seopress_robots_primary_cat":"","_seopress_titles_title":"","_seopress_titles_desc":"","_seopress_robots_index":"","iawp_total_views":0},"product_brand":[374],"product_cat":[221,263],"product_tag":[],"class_list":{"0":"post-29988","1":"product","2":"type-product","3":"status-publish","4":"has-post-thumbnail","6":"product_brand-robo-alive","7":"product_cat-igracke","8":"product_cat-tematske-igracke-221","10":"first","11":"instock","12":"shipping-taxable","13":"purchasable","14":"product-type-simple"},"_links":{"self":[{"href":"https:\/\/singuli.wpress.me\/index.php\/wp-json\/wp\/v2\/product\/29988","targetHints":{"allow":["GET"]}}],"collection":[{"href":"https:\/\/singuli.wpress.me\/index.php\/wp-json\/wp\/v2\/product"}],"about":[{"href":"https:\/\/singuli.wpress.me\/index.php\/wp-json\/wp\/v2\/types\/product"}],"version-history":[{"count":0,"href":"https:\/\/singuli.wpress.me\/index.php\/wp-json\/wp\/v2\/product\/29988\/revisions"}],"wp:featuredmedia":[{"embeddable":true,"href":"https:\/\/singuli.wpress.me\/index.php\/wp-json\/wp\/v2\/media\/29989"}],"wp:attachment":[{"href":"https:\/\/singuli.wpress.me\/index.php\/wp-json\/wp\/v2\/media?parent=29988"}],"wp:term":[{"taxonomy":"product_brand","embeddable":true,"href":"https:\/\/singuli.wpress.me\/index.php\/wp-json\/wp\/v2\/product_brand?post=29988"},{"taxonomy":"product_cat","embeddable":true,"href":"https:\/\/singuli.wpress.me\/index.php\/wp-json\/wp\/v2\/product_cat?post=29988"},{"taxonomy":"product_tag","embeddable":true,"href":"https:\/\/singuli.wpress.me\/index.php\/wp-json\/wp\/v2\/product_tag?post=29988"}],"curies":[{"name":"wp","href":"https:\/\/api.w.org\/{rel}","templated":true}]}}