{"id":29999,"date":"2026-04-17T00:20:23","date_gmt":"2026-04-17T00:20:23","guid":{"rendered":"https:\/\/singuli.wpress.me\/index.php\/proizvod\/star-ride-jungle-ride-romobil-na-3-kotaca-zeleni\/"},"modified":"2026-04-20T12:33:00","modified_gmt":"2026-04-20T12:33:00","slug":"star-ride-jungle-ride-romobil-na-3-kotaca-zeleni","status":"publish","type":"product","link":"https:\/\/singuli.wpress.me\/index.php\/proizvod\/star-ride-jungle-ride-romobil-na-3-kotaca-zeleni\/","title":{"rendered":"STAR RIDE Jungle Ride, romobil, na 3 kota\u010da &#8211; zeleni"},"content":{"rendered":"<p>Romobil je dizajniran kako bi pru\u017eio vrhunsku stabilnost i sigurnost. Njegova jedinstvena konfiguracija s tri kota\u010da omogu\u0107uje bolju ravnote\u017eu, idealno za po\u010detnike ili one koji tra\u017ee dodatnu potporu tijekom vo\u017enje.<\/p>\n<p>Idealan za vo\u017enju po parkovima, trotoarima i drugim urbanim podru\u010djima. Ovaj romobil izvrstan je izbor za kratke dnevne izlete ili kao zabavnu rekreacijsku aktivnost. Moderan i estetski atraktivan dizajn zabavit \u0107e dijete.<\/p>\n<p>Glavne zna\u010dajke:<br \/>\n&#8211; dimenzije: 56x36x68 cm<br \/>\n&#8211; dob: od 2 godine<br \/>\n&#8211; maksimalno optere\u0107enje: 20 kg<br \/>\n&#8211; ergonomske ru\u010dke<br \/>\n&#8211; \u0161irok oslonac za noge<br \/>\n&#8211; boja: zeleni<\/p>\n","protected":false},"excerpt":{"rendered":"<p>pru\u017eio vrhunsku stabilnost i sigurnost<br \/>\nDimenzije: 56x36x68 cm<br \/>\nDob: 2+ god<\/p>\n","protected":false},"featured_media":30000,"template":"","meta":{"_seopress_robots_primary_cat":"","_seopress_titles_title":"","_seopress_titles_desc":"","_seopress_robots_index":"","iawp_total_views":0},"product_brand":[377],"product_cat":[274,238],"product_tag":[],"class_list":{"0":"post-29999","1":"product","2":"type-product","3":"status-publish","4":"has-post-thumbnail","6":"product_brand-star-ride","7":"product_cat-kucanski-pribor-238","8":"product_cat-sve-za-dom","10":"first","11":"outofstock","12":"shipping-taxable","13":"purchasable","14":"product-type-simple"},"_links":{"self":[{"href":"https:\/\/singuli.wpress.me\/index.php\/wp-json\/wp\/v2\/product\/29999","targetHints":{"allow":["GET"]}}],"collection":[{"href":"https:\/\/singuli.wpress.me\/index.php\/wp-json\/wp\/v2\/product"}],"about":[{"href":"https:\/\/singuli.wpress.me\/index.php\/wp-json\/wp\/v2\/types\/product"}],"version-history":[{"count":0,"href":"https:\/\/singuli.wpress.me\/index.php\/wp-json\/wp\/v2\/product\/29999\/revisions"}],"wp:featuredmedia":[{"embeddable":true,"href":"https:\/\/singuli.wpress.me\/index.php\/wp-json\/wp\/v2\/media\/30000"}],"wp:attachment":[{"href":"https:\/\/singuli.wpress.me\/index.php\/wp-json\/wp\/v2\/media?parent=29999"}],"wp:term":[{"taxonomy":"product_brand","embeddable":true,"href":"https:\/\/singuli.wpress.me\/index.php\/wp-json\/wp\/v2\/product_brand?post=29999"},{"taxonomy":"product_cat","embeddable":true,"href":"https:\/\/singuli.wpress.me\/index.php\/wp-json\/wp\/v2\/product_cat?post=29999"},{"taxonomy":"product_tag","embeddable":true,"href":"https:\/\/singuli.wpress.me\/index.php\/wp-json\/wp\/v2\/product_tag?post=29999"}],"curies":[{"name":"wp","href":"https:\/\/api.w.org\/{rel}","templated":true}]}}