{"id":30005,"date":"2026-04-17T00:20:27","date_gmt":"2026-04-17T00:20:27","guid":{"rendered":"https:\/\/singuli.wpress.me\/index.php\/proizvod\/roter-kafer-set-s-magnetima-farma\/"},"modified":"2026-04-21T00:26:31","modified_gmt":"2026-04-21T00:26:31","slug":"roter-kafer-set-s-magnetima-farma","status":"publish","type":"product","link":"https:\/\/singuli.wpress.me\/index.php\/proizvod\/roter-kafer-set-s-magnetima-farma\/","title":{"rendered":"ROTER K\u00c4FER, set s magnetima, farma"},"content":{"rendered":"<p>Ova magnetna igra \u0107e upoznati svako dijete s razli\u010ditim doma\u0107im \u017eivotinjama. <br \/>\nMogu nau\u010diti njihova imena i saznati \u0161to jedu. <\/p>\n<p>Set sadr\u017ei magnetnu plo\u010du sa slikom farme. <br \/>\nMagneti se mogu koristiti na plo\u010di, ili na nekoj drugoj magnetnoj povr\u0161ini. <\/p>\n<p>Ova magnetna igra razvija logiku, ma\u0161tu, memoriju i motoriku. Sadr\u017eaj: 21 magneta, magnetna plo\u010da. <\/p>\n<p>Dob: 3+<\/p>\n","protected":false},"excerpt":{"rendered":"<p>Razvija logiku, ma\u0161tu, memoriju i motoriku<br \/>\nSadr\u017eaj: 21 magnet, magnetna plo\u010da<br \/>\nDob: 3+ god<\/p>\n","protected":false},"featured_media":30006,"template":"","meta":{"_seopress_robots_primary_cat":"","_seopress_titles_title":"","_seopress_titles_desc":"","_seopress_robots_index":"","iawp_total_views":0},"product_brand":[372],"product_cat":[221,291],"product_tag":[],"class_list":{"0":"post-30005","1":"product","2":"type-product","3":"status-publish","4":"has-post-thumbnail","6":"product_brand-roter-kafer","7":"product_cat-igracke","8":"product_cat-igracke-za-djecu-221","10":"first","11":"outofstock","12":"shipping-taxable","13":"purchasable","14":"product-type-simple"},"_links":{"self":[{"href":"https:\/\/singuli.wpress.me\/index.php\/wp-json\/wp\/v2\/product\/30005","targetHints":{"allow":["GET"]}}],"collection":[{"href":"https:\/\/singuli.wpress.me\/index.php\/wp-json\/wp\/v2\/product"}],"about":[{"href":"https:\/\/singuli.wpress.me\/index.php\/wp-json\/wp\/v2\/types\/product"}],"version-history":[{"count":0,"href":"https:\/\/singuli.wpress.me\/index.php\/wp-json\/wp\/v2\/product\/30005\/revisions"}],"wp:featuredmedia":[{"embeddable":true,"href":"https:\/\/singuli.wpress.me\/index.php\/wp-json\/wp\/v2\/media\/30006"}],"wp:attachment":[{"href":"https:\/\/singuli.wpress.me\/index.php\/wp-json\/wp\/v2\/media?parent=30005"}],"wp:term":[{"taxonomy":"product_brand","embeddable":true,"href":"https:\/\/singuli.wpress.me\/index.php\/wp-json\/wp\/v2\/product_brand?post=30005"},{"taxonomy":"product_cat","embeddable":true,"href":"https:\/\/singuli.wpress.me\/index.php\/wp-json\/wp\/v2\/product_cat?post=30005"},{"taxonomy":"product_tag","embeddable":true,"href":"https:\/\/singuli.wpress.me\/index.php\/wp-json\/wp\/v2\/product_tag?post=30005"}],"curies":[{"name":"wp","href":"https:\/\/api.w.org\/{rel}","templated":true}]}}