{"id":30008,"date":"2026-04-17T00:20:28","date_gmt":"2026-04-17T00:20:28","guid":{"rendered":"https:\/\/singuli.wpress.me\/index.php\/proizvod\/speedx-autic\/"},"modified":"2026-04-20T12:33:00","modified_gmt":"2026-04-20T12:33:00","slug":"speedx-autic","status":"publish","type":"product","link":"https:\/\/singuli.wpress.me\/index.php\/proizvod\/speedx-autic\/","title":{"rendered":"SPEEDX, auti\u0107"},"content":{"rendered":"<p>SpeedX je nova linija metalnih auti\u0107a, omjera 1:64. <\/p>\n<p>Asrtiman od 12 razli\u010ditih modela, u blister pakiranju. <\/p>\n<p>Detaljno napravljeni auti\u0107i, metalnog tijela, autenti\u010dnog dizajna, pristupa\u010dne cijene, pravi je izbor za svakog dje\u010daka. <\/p>\n<p><span style=\"font-weight: bold;color: #4472C4\">Dob: 3+<\/span><\/p>\n","protected":false},"excerpt":{"rendered":"<p>Detaljno napravljeni auti\u0107i, metalnog tijela, autenti\u010dnog dizajna i pristupa\u010dne cijene<br \/>\n12 razli\u010ditih modela<br \/>\nDob: 3+ god<\/p>\n","protected":false},"featured_media":30009,"template":"","meta":{"_seopress_robots_primary_cat":"","_seopress_titles_title":"","_seopress_titles_desc":"","_seopress_robots_index":"","iawp_total_views":0},"product_brand":[378],"product_cat":[243,273],"product_tag":[],"class_list":{"0":"post-30008","1":"product","2":"type-product","3":"status-publish","4":"has-post-thumbnail","6":"product_brand-speedx","7":"product_cat-automobili-i-motori","8":"product_cat-njega-vozila-243","10":"first","11":"instock","12":"shipping-taxable","13":"purchasable","14":"product-type-simple"},"_links":{"self":[{"href":"https:\/\/singuli.wpress.me\/index.php\/wp-json\/wp\/v2\/product\/30008","targetHints":{"allow":["GET"]}}],"collection":[{"href":"https:\/\/singuli.wpress.me\/index.php\/wp-json\/wp\/v2\/product"}],"about":[{"href":"https:\/\/singuli.wpress.me\/index.php\/wp-json\/wp\/v2\/types\/product"}],"version-history":[{"count":0,"href":"https:\/\/singuli.wpress.me\/index.php\/wp-json\/wp\/v2\/product\/30008\/revisions"}],"wp:featuredmedia":[{"embeddable":true,"href":"https:\/\/singuli.wpress.me\/index.php\/wp-json\/wp\/v2\/media\/30009"}],"wp:attachment":[{"href":"https:\/\/singuli.wpress.me\/index.php\/wp-json\/wp\/v2\/media?parent=30008"}],"wp:term":[{"taxonomy":"product_brand","embeddable":true,"href":"https:\/\/singuli.wpress.me\/index.php\/wp-json\/wp\/v2\/product_brand?post=30008"},{"taxonomy":"product_cat","embeddable":true,"href":"https:\/\/singuli.wpress.me\/index.php\/wp-json\/wp\/v2\/product_cat?post=30008"},{"taxonomy":"product_tag","embeddable":true,"href":"https:\/\/singuli.wpress.me\/index.php\/wp-json\/wp\/v2\/product_tag?post=30008"}],"curies":[{"name":"wp","href":"https:\/\/api.w.org\/{rel}","templated":true}]}}