{"id":30024,"date":"2026-04-17T00:20:37","date_gmt":"2026-04-17T00:20:37","guid":{"rendered":"https:\/\/singuli.wpress.me\/index.php\/proizvod\/toshiba-alkalne-baterije-lr03-aaa-44-pakiranje-8-kom\/"},"modified":"2026-04-20T12:33:01","modified_gmt":"2026-04-20T12:33:01","slug":"toshiba-alkalne-baterije-lr03-aaa-44-pakiranje-8-kom","status":"publish","type":"product","link":"https:\/\/singuli.wpress.me\/index.php\/proizvod\/toshiba-alkalne-baterije-lr03-aaa-44-pakiranje-8-kom\/","title":{"rendered":"TOSHIBA, alkalne baterije, LR03 AAA, 4+4 pakiranje, 8\u00a0kom"},"content":{"rendered":"<p><span style=\"font-weight: bold\">Toshiba alkalne High Power<\/span> baterije me\u0111u najboljima su na tr\u017ei\u0161tu, dizajnirane tako da daju odli\u010dnu izvedbu te imaju duga\u010dak vijek trajanja. <br \/>\nBaterije se odlikuju jedinstvenim karakteristikama kao \u0161to su veliki kapacitet u odnosu na omjer te\u017eine te mali broj toksi\u010dnih komponenti. Toshiba baterije kompatibilne su sa svim ure\u0111ajima pa \u010dak i onim najzahtjevnijim digitalnim.<br \/>\nSve Toshiba baterije su u potpunosti napunjene i spremne za upotrebu. Ne sadr\u017ee \u017eivu, kadmij ni olovo, pru\u017eaju\u0107i na taj na\u010din pouzdan izvor energije.<\/p>\n<p>Za sve ure\u0111aje: daljinske upravlja\u010de, kamere, mi\u0161eve za laptope i kompjutore, ru\u010dne lampe, satove, zdravstvenu opremu, igra\u010dke, tipkovnice, igrice, radio ure\u0111aje, brija\u010de, uredske ure\u0111aje, svjetiljke, mjerne instrumente, detektore dima, za\u0161titne(gra\u0111evinske) kacige, kacige za bicikliste te biciklisti\u010dka svjetla.  <\/p>\n","protected":false},"excerpt":{"rendered":"<p>Dugi vijek trajanja<br \/>\nKompatibilne sa svim ure\u0111ajima<br \/>\nMali broj toksi\u010dnih komponenti<\/p>\n","protected":false},"featured_media":30025,"template":"","meta":{"_seopress_robots_primary_cat":"","_seopress_titles_title":"","_seopress_titles_desc":"","_seopress_robots_index":"","iawp_total_views":0},"product_brand":[379],"product_cat":[274,238],"product_tag":[],"class_list":{"0":"post-30024","1":"product","2":"type-product","3":"status-publish","4":"has-post-thumbnail","6":"product_brand-toshiba","7":"product_cat-kucanski-pribor-238","8":"product_cat-sve-za-dom","10":"first","11":"outofstock","12":"shipping-taxable","13":"purchasable","14":"product-type-simple"},"_links":{"self":[{"href":"https:\/\/singuli.wpress.me\/index.php\/wp-json\/wp\/v2\/product\/30024","targetHints":{"allow":["GET"]}}],"collection":[{"href":"https:\/\/singuli.wpress.me\/index.php\/wp-json\/wp\/v2\/product"}],"about":[{"href":"https:\/\/singuli.wpress.me\/index.php\/wp-json\/wp\/v2\/types\/product"}],"version-history":[{"count":0,"href":"https:\/\/singuli.wpress.me\/index.php\/wp-json\/wp\/v2\/product\/30024\/revisions"}],"wp:featuredmedia":[{"embeddable":true,"href":"https:\/\/singuli.wpress.me\/index.php\/wp-json\/wp\/v2\/media\/30025"}],"wp:attachment":[{"href":"https:\/\/singuli.wpress.me\/index.php\/wp-json\/wp\/v2\/media?parent=30024"}],"wp:term":[{"taxonomy":"product_brand","embeddable":true,"href":"https:\/\/singuli.wpress.me\/index.php\/wp-json\/wp\/v2\/product_brand?post=30024"},{"taxonomy":"product_cat","embeddable":true,"href":"https:\/\/singuli.wpress.me\/index.php\/wp-json\/wp\/v2\/product_cat?post=30024"},{"taxonomy":"product_tag","embeddable":true,"href":"https:\/\/singuli.wpress.me\/index.php\/wp-json\/wp\/v2\/product_tag?post=30024"}],"curies":[{"name":"wp","href":"https:\/\/api.w.org\/{rel}","templated":true}]}}