{"id":30036,"date":"2026-04-17T00:20:46","date_gmt":"2026-04-17T00:20:46","guid":{"rendered":"https:\/\/singuli.wpress.me\/index.php\/proizvod\/star-ride-kick-ride-romobil-na-2-kotaca-rozi\/"},"modified":"2026-04-20T12:33:01","modified_gmt":"2026-04-20T12:33:01","slug":"star-ride-kick-ride-romobil-na-2-kotaca-rozi","status":"publish","type":"product","link":"https:\/\/singuli.wpress.me\/index.php\/proizvod\/star-ride-kick-ride-romobil-na-2-kotaca-rozi\/","title":{"rendered":"STAR RIDE Kick &amp; Ride, romobil, na 2 kota\u010da &#8211; rozi"},"content":{"rendered":"<p>Aluminijski romobil na dva kota\u010da idealan je izbor za aktivnu djecu i tinejd\u017eere koji cijene brzinu, udobnost i stil. Idete li u \u0161kolu, park ili samo na kra\u0107i izlet, ovaj \u0107e romobil postati va\u0161 pouzdan suputnik na bilo kojem putu avantura .<\/p>\n<p>Izra\u0111en od visokokvalitetnog aluminija, ovaj romobil pru\u017eaizdr\u017eljivost, a istovremeno ima malu te\u017einu za jednostavno rukovanje.<\/p>\n<p>Romobil se mo\u017ee pohvaliti jednostavnim mehanizmom za sklapanje, koji \u010dini sklapanje i rasklapanje brzim i lakim. Idealan za no\u0161enje u javnom prijevozu ili skladi\u0161tenje u malim prostorima.<\/p>\n<p>Upravlja\u010d se mo\u017ee podesiti prema visini korisnika, osiguravaju\u0107i udobnu vo\u017enju za sve uzraste. Dizajniran za udobnu vo\u017enju na razli\u010ditim povr\u0161inama, od gradskih plo\u010dnika do parkova.<\/p>\n<p>Glavne zna\u010dajke:<br \/>\n&#8211; materijal: aluminij<br \/>\n&#8211; dimenzije: 67 x 32 x 77 cm<br \/>\n&#8211; dob: od 5 godina<br \/>\n&#8211; maksimalno optere\u0107enje: 50 kg<br \/>\n&#8211; preklapanje<br \/>\n&#8211; boja: roza<\/p>\n","protected":false},"excerpt":{"rendered":"<p>Izra\u0111en od visokokvalitetnog aluminija<br \/>\nDimenzije: 67 x 32 x 77 cm<br \/>\nDob: 5+ god<\/p>\n","protected":false},"featured_media":30037,"template":"","meta":{"_seopress_robots_primary_cat":"","_seopress_titles_title":"","_seopress_titles_desc":"","_seopress_robots_index":"","iawp_total_views":0},"product_brand":[377],"product_cat":[274,238],"product_tag":[],"class_list":{"0":"post-30036","1":"product","2":"type-product","3":"status-publish","4":"has-post-thumbnail","6":"product_brand-star-ride","7":"product_cat-kucanski-pribor-238","8":"product_cat-sve-za-dom","10":"first","11":"outofstock","12":"shipping-taxable","13":"purchasable","14":"product-type-simple"},"_links":{"self":[{"href":"https:\/\/singuli.wpress.me\/index.php\/wp-json\/wp\/v2\/product\/30036","targetHints":{"allow":["GET"]}}],"collection":[{"href":"https:\/\/singuli.wpress.me\/index.php\/wp-json\/wp\/v2\/product"}],"about":[{"href":"https:\/\/singuli.wpress.me\/index.php\/wp-json\/wp\/v2\/types\/product"}],"version-history":[{"count":0,"href":"https:\/\/singuli.wpress.me\/index.php\/wp-json\/wp\/v2\/product\/30036\/revisions"}],"wp:featuredmedia":[{"embeddable":true,"href":"https:\/\/singuli.wpress.me\/index.php\/wp-json\/wp\/v2\/media\/30037"}],"wp:attachment":[{"href":"https:\/\/singuli.wpress.me\/index.php\/wp-json\/wp\/v2\/media?parent=30036"}],"wp:term":[{"taxonomy":"product_brand","embeddable":true,"href":"https:\/\/singuli.wpress.me\/index.php\/wp-json\/wp\/v2\/product_brand?post=30036"},{"taxonomy":"product_cat","embeddable":true,"href":"https:\/\/singuli.wpress.me\/index.php\/wp-json\/wp\/v2\/product_cat?post=30036"},{"taxonomy":"product_tag","embeddable":true,"href":"https:\/\/singuli.wpress.me\/index.php\/wp-json\/wp\/v2\/product_tag?post=30036"}],"curies":[{"name":"wp","href":"https:\/\/api.w.org\/{rel}","templated":true}]}}