{"id":30042,"date":"2026-04-17T00:20:49","date_gmt":"2026-04-17T00:20:49","guid":{"rendered":"https:\/\/singuli.wpress.me\/index.php\/proizvod\/roter-kafer-dress-up-magnetna-igra-snappy-dressers\/"},"modified":"2026-04-20T12:33:01","modified_gmt":"2026-04-20T12:33:01","slug":"roter-kafer-dress-up-magnetna-igra-snappy-dressers","status":"publish","type":"product","link":"https:\/\/singuli.wpress.me\/index.php\/proizvod\/roter-kafer-dress-up-magnetna-igra-snappy-dressers\/","title":{"rendered":"ROTER K\u00c4FER Dress up, magnetna igra, Snappy Dressers"},"content":{"rendered":"<p>Magnetna igra dress-up pomo\u0107i \u0107e djetetu da shvati \u0161to \u0107e i kada nositi.<\/p>\n<p>U knji\u017eici s uputama prona\u0107i \u0107ete savjet kako kombinirati odje\u0107u. Ali to nije sve!<br \/>\nNa stranicama bro\u0161ure nalaze se i tematski zadaci za razvoj pa\u017enje, pam\u0107enja i logi\u010dkog mi\u0161ljenja. <\/p>\n<p>Dob: 3+<\/p>\n","protected":false},"excerpt":{"rendered":"<p>Razvija pa\u017enju, pam\u0107enje i logi\u010dko mi\u0161ljenje.<br \/>\nPoma\u017ee djetetu da shvati \u0161to \u0107e i kada nositi<br \/>\nDob: 3+ god<\/p>\n","protected":false},"featured_media":30043,"template":"","meta":{"_seopress_robots_primary_cat":"","_seopress_titles_title":"","_seopress_titles_desc":"","_seopress_robots_index":"","iawp_total_views":0},"product_brand":[372],"product_cat":[221,291],"product_tag":[],"class_list":{"0":"post-30042","1":"product","2":"type-product","3":"status-publish","4":"has-post-thumbnail","6":"product_brand-roter-kafer","7":"product_cat-igracke","8":"product_cat-igracke-za-djecu-221","10":"first","11":"instock","12":"shipping-taxable","13":"purchasable","14":"product-type-simple"},"_links":{"self":[{"href":"https:\/\/singuli.wpress.me\/index.php\/wp-json\/wp\/v2\/product\/30042","targetHints":{"allow":["GET"]}}],"collection":[{"href":"https:\/\/singuli.wpress.me\/index.php\/wp-json\/wp\/v2\/product"}],"about":[{"href":"https:\/\/singuli.wpress.me\/index.php\/wp-json\/wp\/v2\/types\/product"}],"version-history":[{"count":0,"href":"https:\/\/singuli.wpress.me\/index.php\/wp-json\/wp\/v2\/product\/30042\/revisions"}],"wp:featuredmedia":[{"embeddable":true,"href":"https:\/\/singuli.wpress.me\/index.php\/wp-json\/wp\/v2\/media\/30043"}],"wp:attachment":[{"href":"https:\/\/singuli.wpress.me\/index.php\/wp-json\/wp\/v2\/media?parent=30042"}],"wp:term":[{"taxonomy":"product_brand","embeddable":true,"href":"https:\/\/singuli.wpress.me\/index.php\/wp-json\/wp\/v2\/product_brand?post=30042"},{"taxonomy":"product_cat","embeddable":true,"href":"https:\/\/singuli.wpress.me\/index.php\/wp-json\/wp\/v2\/product_cat?post=30042"},{"taxonomy":"product_tag","embeddable":true,"href":"https:\/\/singuli.wpress.me\/index.php\/wp-json\/wp\/v2\/product_tag?post=30042"}],"curies":[{"name":"wp","href":"https:\/\/api.w.org\/{rel}","templated":true}]}}