{"id":30046,"date":"2026-04-17T00:20:51","date_gmt":"2026-04-17T00:20:51","guid":{"rendered":"https:\/\/singuli.wpress.me\/index.php\/proizvod\/superthings-rescue-force-set-za-igru-blister-force-jet\/"},"modified":"2026-04-23T00:27:19","modified_gmt":"2026-04-23T00:27:19","slug":"superthings-rescue-force-set-za-igru-blister-force-jet","status":"publish","type":"product","link":"https:\/\/singuli.wpress.me\/proizvod\/superthings-rescue-force-set-za-igru-blister-force-jet\/","title":{"rendered":"SUPERTHINGS Rescue Force, set za igru, Blister Force Jet"},"content":{"rendered":"<p>Novi Rescue Jets su spremni uzletjeti iznad grada do mjesta akcije prije svih drugih. Oslobodite im krila&#8230; i pripremite se za let iznad Kaboom Cityja s jednom od ovih 6 letjelica!<\/p>\n<p>U asortimanu mo\u017eete prona\u0107i 6 razli\u010ditih kompleta figurica &#8211; sakupite ih sve. Ambala\u017ea je sortirana i izbor kompleta figurica nije mogu\u0107.<\/p>\n<p>Prikladno za djecu stariju od 3 godine.<\/p>\n","protected":false},"excerpt":{"rendered":"<p>6 razli\u010ditih kompleta figurica<br \/>\nIzbor kompleta figurica nije mogu\u0107<br \/>\nDob: 3+ god<\/p>\n","protected":false},"featured_media":30047,"template":"","meta":{"_seopress_robots_primary_cat":"","_seopress_titles_title":"","_seopress_titles_desc":"","_seopress_robots_index":"","iawp_total_views":0},"product_brand":[383],"product_cat":[221,263],"product_tag":[],"class_list":{"0":"post-30046","1":"product","2":"type-product","3":"status-publish","4":"has-post-thumbnail","6":"product_brand-superthings","7":"product_cat-igracke","8":"product_cat-tematske-igracke-221","10":"first","11":"outofstock","12":"shipping-taxable","13":"purchasable","14":"product-type-simple"},"_links":{"self":[{"href":"https:\/\/singuli.wpress.me\/wp-json\/wp\/v2\/product\/30046","targetHints":{"allow":["GET"]}}],"collection":[{"href":"https:\/\/singuli.wpress.me\/wp-json\/wp\/v2\/product"}],"about":[{"href":"https:\/\/singuli.wpress.me\/wp-json\/wp\/v2\/types\/product"}],"version-history":[{"count":0,"href":"https:\/\/singuli.wpress.me\/wp-json\/wp\/v2\/product\/30046\/revisions"}],"wp:featuredmedia":[{"embeddable":true,"href":"https:\/\/singuli.wpress.me\/wp-json\/wp\/v2\/media\/30047"}],"wp:attachment":[{"href":"https:\/\/singuli.wpress.me\/wp-json\/wp\/v2\/media?parent=30046"}],"wp:term":[{"taxonomy":"product_brand","embeddable":true,"href":"https:\/\/singuli.wpress.me\/wp-json\/wp\/v2\/product_brand?post=30046"},{"taxonomy":"product_cat","embeddable":true,"href":"https:\/\/singuli.wpress.me\/wp-json\/wp\/v2\/product_cat?post=30046"},{"taxonomy":"product_tag","embeddable":true,"href":"https:\/\/singuli.wpress.me\/wp-json\/wp\/v2\/product_tag?post=30046"}],"curies":[{"name":"wp","href":"https:\/\/api.w.org\/{rel}","templated":true}]}}