{"id":30053,"date":"2026-04-17T00:20:55","date_gmt":"2026-04-17T00:20:55","guid":{"rendered":"https:\/\/singuli.wpress.me\/index.php\/proizvod\/superthings-toranj-za-trening-set-za-igru\/"},"modified":"2026-04-20T12:33:01","modified_gmt":"2026-04-20T12:33:01","slug":"superthings-toranj-za-trening-set-za-igru","status":"publish","type":"product","link":"https:\/\/singuli.wpress.me\/index.php\/proizvod\/superthings-toranj-za-trening-set-za-igru\/","title":{"rendered":"SUPERTHINGS Toranj za trening, set za igru"},"content":{"rendered":"<p>Kako \u0107e Kazoom Kids za\u0161tititi Kaboom City? Zahvaljuju\u0107i Training Toweru! Ima zvu\u010dne i svjetlosne efekte koji ga \u010dine stvarno zabavnim! Bit \u0107e spreman za let iznad grada tek kada mo\u017ee sletjeti bez ikakvih problema. Koliko puta mo\u017ee pasti na noge? Ako mu se ne vrti u glavi, mo\u017ee vje\u017ebati ciljanje u jednom od dodatnih zabavnih podru\u010dja: ciljajte, pucajte&#8230; i poku\u0161ajte pogoditi mete! Zamislite da su oni negativci i sigurno \u0107ete ih pogoditi! Tako\u0111er mo\u017eete vje\u017ebati borbu tijelom uz tijelo s hologramom negativca! Dakle, va\u0161i Kazoom Kids \u0107e sigurno biti dobro pripremljeni za borbu u Kaboom Cityju. Budite najbolji u gradu!<\/p>\n<p>Dob: 3+<\/p>\n","protected":false},"excerpt":{"rendered":"<p>Ima zvu\u010dne i svjetlosne efekte<br \/>\nGa\u0111aj mete s topom<br \/>\nDob: 3+ god<\/p>\n","protected":false},"featured_media":30054,"template":"","meta":{"_seopress_robots_primary_cat":"","_seopress_titles_title":"","_seopress_titles_desc":"","_seopress_robots_index":"","iawp_total_views":0},"product_brand":[383],"product_cat":[221,263],"product_tag":[],"class_list":{"0":"post-30053","1":"product","2":"type-product","3":"status-publish","4":"has-post-thumbnail","6":"product_brand-superthings","7":"product_cat-igracke","8":"product_cat-tematske-igracke-221","10":"first","11":"outofstock","12":"shipping-taxable","13":"purchasable","14":"product-type-simple"},"_links":{"self":[{"href":"https:\/\/singuli.wpress.me\/index.php\/wp-json\/wp\/v2\/product\/30053","targetHints":{"allow":["GET"]}}],"collection":[{"href":"https:\/\/singuli.wpress.me\/index.php\/wp-json\/wp\/v2\/product"}],"about":[{"href":"https:\/\/singuli.wpress.me\/index.php\/wp-json\/wp\/v2\/types\/product"}],"version-history":[{"count":0,"href":"https:\/\/singuli.wpress.me\/index.php\/wp-json\/wp\/v2\/product\/30053\/revisions"}],"wp:featuredmedia":[{"embeddable":true,"href":"https:\/\/singuli.wpress.me\/index.php\/wp-json\/wp\/v2\/media\/30054"}],"wp:attachment":[{"href":"https:\/\/singuli.wpress.me\/index.php\/wp-json\/wp\/v2\/media?parent=30053"}],"wp:term":[{"taxonomy":"product_brand","embeddable":true,"href":"https:\/\/singuli.wpress.me\/index.php\/wp-json\/wp\/v2\/product_brand?post=30053"},{"taxonomy":"product_cat","embeddable":true,"href":"https:\/\/singuli.wpress.me\/index.php\/wp-json\/wp\/v2\/product_cat?post=30053"},{"taxonomy":"product_tag","embeddable":true,"href":"https:\/\/singuli.wpress.me\/index.php\/wp-json\/wp\/v2\/product_tag?post=30053"}],"curies":[{"name":"wp","href":"https:\/\/api.w.org\/{rel}","templated":true}]}}