{"id":30059,"date":"2026-04-17T00:20:58","date_gmt":"2026-04-17T00:20:58","guid":{"rendered":"https:\/\/singuli.wpress.me\/index.php\/proizvod\/superthings-roller-cactus-set-za-igru-vozilo-s-figurama\/"},"modified":"2026-04-20T12:33:01","modified_gmt":"2026-04-20T12:33:01","slug":"superthings-roller-cactus-set-za-igru-vozilo-s-figurama","status":"publish","type":"product","link":"https:\/\/singuli.wpress.me\/index.php\/proizvod\/superthings-roller-cactus-set-za-igru-vozilo-s-figurama\/","title":{"rendered":"SUPERTHINGS Roller Cactus, set za igru, vozilo s figurama"},"content":{"rendered":"<p>Spike Roller iz dje\u010dje serije SuperThings Kazooma je ovdje sa svojim timom &#8211; Spike Power Teamom kako bi napravio kaos u Kaboomu! Sa svojim ogromnim, zlatom ukra\u0161enim vozilom, spreman je zdrobiti sve \u0161to mu se na\u0111e na putu&#8230; a u ovome nije sam u misiji! Tu su i 3 ekskluzivna SuperThings heroja, zajedno s 2 mala zlikovska vozila koja bacaju diskove i pri\u010dvr\u0161\u0107uju se na glavno vozilo za maksimalnu zlikovsku snagu!<\/p>\n<p>Najnovija tajna zlikovaca je fleksibilni dio na stra\u017enjem dijelu vozila koji im omogu\u0107uje da sko\u010de s tla, iznenade heroje i napadnu ih! Ho\u0107e li mo\u0107i preuzeti kontrolu nad gradom Kaboom?<\/p>\n<p>Snaga SuperThings sada je u va\u0161im rukama!<\/p>\n<p>Prikladno za djecu stariju od 3 godine.<\/p>\n","protected":false},"excerpt":{"rendered":"<p>Sadr\u017ei 3 ekskluzivna SuperThings heroja i 2 mala zlikovska vozila<br \/>\nFleksibilni dio na stra\u017enjem dijelu vozila koji im omogu\u0107uje da sko\u010de s tla<br \/>\nDob: 3+ god<\/p>\n","protected":false},"featured_media":30060,"template":"","meta":{"_seopress_robots_primary_cat":"","_seopress_titles_title":"","_seopress_titles_desc":"","_seopress_robots_index":"","iawp_total_views":0},"product_brand":[383],"product_cat":[221,263],"product_tag":[],"class_list":{"0":"post-30059","1":"product","2":"type-product","3":"status-publish","4":"has-post-thumbnail","6":"product_brand-superthings","7":"product_cat-igracke","8":"product_cat-tematske-igracke-221","10":"first","11":"outofstock","12":"shipping-taxable","13":"purchasable","14":"product-type-simple"},"_links":{"self":[{"href":"https:\/\/singuli.wpress.me\/index.php\/wp-json\/wp\/v2\/product\/30059","targetHints":{"allow":["GET"]}}],"collection":[{"href":"https:\/\/singuli.wpress.me\/index.php\/wp-json\/wp\/v2\/product"}],"about":[{"href":"https:\/\/singuli.wpress.me\/index.php\/wp-json\/wp\/v2\/types\/product"}],"version-history":[{"count":0,"href":"https:\/\/singuli.wpress.me\/index.php\/wp-json\/wp\/v2\/product\/30059\/revisions"}],"wp:featuredmedia":[{"embeddable":true,"href":"https:\/\/singuli.wpress.me\/index.php\/wp-json\/wp\/v2\/media\/30060"}],"wp:attachment":[{"href":"https:\/\/singuli.wpress.me\/index.php\/wp-json\/wp\/v2\/media?parent=30059"}],"wp:term":[{"taxonomy":"product_brand","embeddable":true,"href":"https:\/\/singuli.wpress.me\/index.php\/wp-json\/wp\/v2\/product_brand?post=30059"},{"taxonomy":"product_cat","embeddable":true,"href":"https:\/\/singuli.wpress.me\/index.php\/wp-json\/wp\/v2\/product_cat?post=30059"},{"taxonomy":"product_tag","embeddable":true,"href":"https:\/\/singuli.wpress.me\/index.php\/wp-json\/wp\/v2\/product_tag?post=30059"}],"curies":[{"name":"wp","href":"https:\/\/api.w.org\/{rel}","templated":true}]}}