{"id":30065,"date":"2026-04-17T00:21:03","date_gmt":"2026-04-17T00:21:03","guid":{"rendered":"https:\/\/singuli.wpress.me\/index.php\/proizvod\/superzings-set-za-igru-toranj\/"},"modified":"2026-04-20T12:33:01","modified_gmt":"2026-04-20T12:33:01","slug":"superzings-set-za-igru-toranj","status":"publish","type":"product","link":"https:\/\/singuli.wpress.me\/index.php\/proizvod\/superzings-set-za-igru-toranj\/","title":{"rendered":"SUPERZINGS, set za igru, toranj"},"content":{"rendered":"<p>Izvr\u0161ite napad na utvrdu super-negativaca, Super-herojem Skateboyom. Stavite Skateboya na rampu, nani\u0161anite ka Tornju, i lansirajte ga maksimalnom precizno\u0161\u0107u. Ako budete dovoljno precizni, aktivirat \u0107ete izbaciva\u010d i Metalhead \u0107e biti izba\u010den s Tornja. Budite spretni ako ne \u017eelite da Skateboy zavr\u0161i u zatvoru Tornja.<br \/>\nPrikladno za djecu stariju od 3 godine.<\/p>\n","protected":false},"excerpt":{"rendered":"<p>Izvr\u0161ite napad na utvrdu super-negativaca<br \/>\nPakiranje sadr\u017ei toranj, 2 Superzings figurice i rampu za lansiranje<br \/>\nDob: 3+ god<\/p>\n","protected":false},"featured_media":30066,"template":"","meta":{"_seopress_robots_primary_cat":"","_seopress_titles_title":"","_seopress_titles_desc":"","_seopress_robots_index":"","iawp_total_views":0},"product_brand":[385],"product_cat":[221,263],"product_tag":[],"class_list":{"0":"post-30065","1":"product","2":"type-product","3":"status-publish","4":"has-post-thumbnail","6":"product_brand-superzings","7":"product_cat-igracke","8":"product_cat-tematske-igracke-221","10":"first","11":"outofstock","12":"shipping-taxable","13":"purchasable","14":"product-type-simple"},"_links":{"self":[{"href":"https:\/\/singuli.wpress.me\/index.php\/wp-json\/wp\/v2\/product\/30065","targetHints":{"allow":["GET"]}}],"collection":[{"href":"https:\/\/singuli.wpress.me\/index.php\/wp-json\/wp\/v2\/product"}],"about":[{"href":"https:\/\/singuli.wpress.me\/index.php\/wp-json\/wp\/v2\/types\/product"}],"version-history":[{"count":0,"href":"https:\/\/singuli.wpress.me\/index.php\/wp-json\/wp\/v2\/product\/30065\/revisions"}],"wp:featuredmedia":[{"embeddable":true,"href":"https:\/\/singuli.wpress.me\/index.php\/wp-json\/wp\/v2\/media\/30066"}],"wp:attachment":[{"href":"https:\/\/singuli.wpress.me\/index.php\/wp-json\/wp\/v2\/media?parent=30065"}],"wp:term":[{"taxonomy":"product_brand","embeddable":true,"href":"https:\/\/singuli.wpress.me\/index.php\/wp-json\/wp\/v2\/product_brand?post=30065"},{"taxonomy":"product_cat","embeddable":true,"href":"https:\/\/singuli.wpress.me\/index.php\/wp-json\/wp\/v2\/product_cat?post=30065"},{"taxonomy":"product_tag","embeddable":true,"href":"https:\/\/singuli.wpress.me\/index.php\/wp-json\/wp\/v2\/product_tag?post=30065"}],"curies":[{"name":"wp","href":"https:\/\/api.w.org\/{rel}","templated":true}]}}