{"id":30071,"date":"2026-04-17T00:21:12","date_gmt":"2026-04-17T00:21:12","guid":{"rendered":"https:\/\/singuli.wpress.me\/index.php\/proizvod\/superthings-ballon-boxer-set-za-igru-vozilo-s-figuricama\/"},"modified":"2026-04-20T12:33:01","modified_gmt":"2026-04-20T12:33:01","slug":"superthings-ballon-boxer-set-za-igru-vozilo-s-figuricama","status":"publish","type":"product","link":"https:\/\/singuli.wpress.me\/index.php\/proizvod\/superthings-ballon-boxer-set-za-igru-vozilo-s-figuricama\/","title":{"rendered":"SUPERTHINGS Ballon Boxer, set za igru, vozilo s figuricama"},"content":{"rendered":"<p>Kazoom Kids u novoj seriji SuperThingsa stigli su velikom brzinom! Heroj, Balloon Boxer, u\u0107i \u0107e u bitku sa svojim zlatnim, blistavim vozilom i pokretnim \u0161akama koje otvaraju put u svakoj situaciji. Ho\u0107e li mo\u0107i pobijediti u borbi? Naravno da ho\u0107e, jer nije sam! Prati ga njegov tim, Air Action Team: 3 ekskluzivna SuperThingsa, zajedno s dva mala vozila koja bacaju diskove! Tako\u0111er, zahvaljuju\u0107i fleksibilnom dijelu na stra\u017enjoj strani glavnog vozila mo\u017ee sko\u010diti s tla za dodatnu &quot;snagu&quot;! Mega vozilo Balloon Boxera bit \u0107e spremno prevesti svu djecu i obraniti Kaboom City! Ho\u0107e li oni to mo\u0107i? Vi odlu\u010dujete kako \u0107e se avantura nastaviti!<\/p>\n<p>Dob:3+<\/p>\n","protected":false},"excerpt":{"rendered":"<p>Vozilo mo\u017ee sko\u010diti s tla za dodatnu &#8220;snagu&#8221;<br \/>\nUz glavno vozilo i figuricu dolaze jo\u0161 2 dodatna mala vozila i 3 Supertinga<br \/>\nDob: 3+ god<\/p>\n","protected":false},"featured_media":30072,"template":"","meta":{"_seopress_robots_primary_cat":"","_seopress_titles_title":"","_seopress_titles_desc":"","_seopress_robots_index":"","iawp_total_views":0},"product_brand":[383],"product_cat":[221,263],"product_tag":[],"class_list":{"0":"post-30071","1":"product","2":"type-product","3":"status-publish","4":"has-post-thumbnail","6":"product_brand-superthings","7":"product_cat-igracke","8":"product_cat-tematske-igracke-221","10":"first","11":"outofstock","12":"shipping-taxable","13":"purchasable","14":"product-type-simple"},"_links":{"self":[{"href":"https:\/\/singuli.wpress.me\/index.php\/wp-json\/wp\/v2\/product\/30071","targetHints":{"allow":["GET"]}}],"collection":[{"href":"https:\/\/singuli.wpress.me\/index.php\/wp-json\/wp\/v2\/product"}],"about":[{"href":"https:\/\/singuli.wpress.me\/index.php\/wp-json\/wp\/v2\/types\/product"}],"version-history":[{"count":0,"href":"https:\/\/singuli.wpress.me\/index.php\/wp-json\/wp\/v2\/product\/30071\/revisions"}],"wp:featuredmedia":[{"embeddable":true,"href":"https:\/\/singuli.wpress.me\/index.php\/wp-json\/wp\/v2\/media\/30072"}],"wp:attachment":[{"href":"https:\/\/singuli.wpress.me\/index.php\/wp-json\/wp\/v2\/media?parent=30071"}],"wp:term":[{"taxonomy":"product_brand","embeddable":true,"href":"https:\/\/singuli.wpress.me\/index.php\/wp-json\/wp\/v2\/product_brand?post=30071"},{"taxonomy":"product_cat","embeddable":true,"href":"https:\/\/singuli.wpress.me\/index.php\/wp-json\/wp\/v2\/product_cat?post=30071"},{"taxonomy":"product_tag","embeddable":true,"href":"https:\/\/singuli.wpress.me\/index.php\/wp-json\/wp\/v2\/product_tag?post=30071"}],"curies":[{"name":"wp","href":"https:\/\/api.w.org\/{rel}","templated":true}]}}