{"id":30077,"date":"2026-04-17T00:21:18","date_gmt":"2026-04-17T00:21:18","guid":{"rendered":"https:\/\/singuli.wpress.me\/index.php\/proizvod\/superthings-speed-fury-set-za-igru-vozilo-i-figurica\/"},"modified":"2026-04-20T12:33:01","modified_gmt":"2026-04-20T12:33:01","slug":"superthings-speed-fury-set-za-igru-vozilo-i-figurica","status":"publish","type":"product","link":"https:\/\/singuli.wpress.me\/index.php\/proizvod\/superthings-speed-fury-set-za-igru-vozilo-i-figurica\/","title":{"rendered":"SUPERTHINGS Speed Fury, set za igru, vozilo i figurica"},"content":{"rendered":"<p>Kid Kazoom i Kid Fury su\u010deljavaju se sa svojim novim vozilima! Ho\u0107e li odmjeriti snage na kopnu ili u zraku? Stavite ih u &quot;&quot;lete\u0107i\u201c mod ili dopustite da odmjere snage na cesti &#8230; vi odlu\u010dujete kako \u0107e se avantura nastaviti! A kada za to do\u0111e vrijeme, dok lete iznad grada, upotrijebite &quot;&quot;bojni\u201c mod, pucajte iz vozila ili iz kabine i pustite ih da se vrte, sklanjaju\u0107i sve \u0161to im se na\u0111e na putu. Tko \u0107e pobijediti? Ni\u0161ta nije odlu\u010deno &#8230;<\/p>\n<p>Sadr\u017ei:<br \/>\nVozilo Speed Fury<br \/>\nEkskluzivna figurica Kid Fury<br \/>\nDob: 3+<\/p>\n","protected":false},"excerpt":{"rendered":"<p>Pakiranje sadr\u017ei vozilo Speed Fury i figuricu Kid Fury<br \/>\nStavite ih u lete\u0107i ili bojni mod<br \/>\nDob: 3+ god<\/p>\n","protected":false},"featured_media":30078,"template":"","meta":{"_seopress_robots_primary_cat":"","_seopress_titles_title":"","_seopress_titles_desc":"","_seopress_robots_index":"","iawp_total_views":0},"product_brand":[383],"product_cat":[221,263],"product_tag":[],"class_list":{"0":"post-30077","1":"product","2":"type-product","3":"status-publish","4":"has-post-thumbnail","6":"product_brand-superthings","7":"product_cat-igracke","8":"product_cat-tematske-igracke-221","10":"first","11":"outofstock","12":"shipping-taxable","13":"purchasable","14":"product-type-simple"},"_links":{"self":[{"href":"https:\/\/singuli.wpress.me\/index.php\/wp-json\/wp\/v2\/product\/30077","targetHints":{"allow":["GET"]}}],"collection":[{"href":"https:\/\/singuli.wpress.me\/index.php\/wp-json\/wp\/v2\/product"}],"about":[{"href":"https:\/\/singuli.wpress.me\/index.php\/wp-json\/wp\/v2\/types\/product"}],"version-history":[{"count":0,"href":"https:\/\/singuli.wpress.me\/index.php\/wp-json\/wp\/v2\/product\/30077\/revisions"}],"wp:featuredmedia":[{"embeddable":true,"href":"https:\/\/singuli.wpress.me\/index.php\/wp-json\/wp\/v2\/media\/30078"}],"wp:attachment":[{"href":"https:\/\/singuli.wpress.me\/index.php\/wp-json\/wp\/v2\/media?parent=30077"}],"wp:term":[{"taxonomy":"product_brand","embeddable":true,"href":"https:\/\/singuli.wpress.me\/index.php\/wp-json\/wp\/v2\/product_brand?post=30077"},{"taxonomy":"product_cat","embeddable":true,"href":"https:\/\/singuli.wpress.me\/index.php\/wp-json\/wp\/v2\/product_cat?post=30077"},{"taxonomy":"product_tag","embeddable":true,"href":"https:\/\/singuli.wpress.me\/index.php\/wp-json\/wp\/v2\/product_tag?post=30077"}],"curies":[{"name":"wp","href":"https:\/\/api.w.org\/{rel}","templated":true}]}}