{"id":30087,"date":"2026-04-17T00:21:21","date_gmt":"2026-04-17T00:21:21","guid":{"rendered":"https:\/\/singuli.wpress.me\/index.php\/proizvod\/robo-alive-figura-pauk\/"},"modified":"2026-04-20T12:33:01","modified_gmt":"2026-04-20T12:33:01","slug":"robo-alive-figura-pauk","status":"publish","type":"product","link":"https:\/\/singuli.wpress.me\/index.php\/proizvod\/robo-alive-figura-pauk\/","title":{"rendered":"ROBO ALIVE, figura, pauk"},"content":{"rendered":"<p>NOVI ROBO ALIVE PAUK: Ovaj pauk je najstra\u0161niji ljubimac ikad! Uzmite ga u ruke, ako ste dovoljno hrabri!<\/p>\n<p><span style=\"font-weight: bold;color: #4472C4\">SUPER-BRZO KRETANJE:<\/span><span style=\"color: #4472C4\"> Pustite ovog pauka na slobodu i gledajte kako \u0107e upla\u0161iti va\u0161e prijatelje pravim, super brzim kretanjem i sijanjem u mraku!<br \/>\n<\/span><span style=\"font-weight: bold;color: #4472C4\">REALISTI\u010cNI DIZAJN: <\/span><span style=\"color: #4472C4\">Pauk ima \u010dudno, krzneno tijelo, ba\u0161 kao pravi pauk! <\/p>\n<p>Pazite, nitko ne\u0107e znati je li ovo pravi pauk ili ne, jer ovo je ROBO ALIVE!<\/p>\n<p>Dob: 3+<\/span><\/p>\n","protected":false},"excerpt":{"rendered":"<p>\u010cudno, krzneno tijelo, ba\u0161 kao pravi pauk<br \/>\nPauk svijetli u mraku<br \/>\nDob: 3+ god<\/p>\n","protected":false},"featured_media":30088,"template":"","meta":{"_seopress_robots_primary_cat":"","_seopress_titles_title":"","_seopress_titles_desc":"","_seopress_robots_index":"","iawp_total_views":0},"product_brand":[374],"product_cat":[221,263],"product_tag":[],"class_list":{"0":"post-30087","1":"product","2":"type-product","3":"status-publish","4":"has-post-thumbnail","6":"product_brand-robo-alive","7":"product_cat-igracke","8":"product_cat-tematske-igracke-221","10":"first","11":"instock","12":"shipping-taxable","13":"purchasable","14":"product-type-simple"},"_links":{"self":[{"href":"https:\/\/singuli.wpress.me\/index.php\/wp-json\/wp\/v2\/product\/30087","targetHints":{"allow":["GET"]}}],"collection":[{"href":"https:\/\/singuli.wpress.me\/index.php\/wp-json\/wp\/v2\/product"}],"about":[{"href":"https:\/\/singuli.wpress.me\/index.php\/wp-json\/wp\/v2\/types\/product"}],"version-history":[{"count":0,"href":"https:\/\/singuli.wpress.me\/index.php\/wp-json\/wp\/v2\/product\/30087\/revisions"}],"wp:featuredmedia":[{"embeddable":true,"href":"https:\/\/singuli.wpress.me\/index.php\/wp-json\/wp\/v2\/media\/30088"}],"wp:attachment":[{"href":"https:\/\/singuli.wpress.me\/index.php\/wp-json\/wp\/v2\/media?parent=30087"}],"wp:term":[{"taxonomy":"product_brand","embeddable":true,"href":"https:\/\/singuli.wpress.me\/index.php\/wp-json\/wp\/v2\/product_brand?post=30087"},{"taxonomy":"product_cat","embeddable":true,"href":"https:\/\/singuli.wpress.me\/index.php\/wp-json\/wp\/v2\/product_cat?post=30087"},{"taxonomy":"product_tag","embeddable":true,"href":"https:\/\/singuli.wpress.me\/index.php\/wp-json\/wp\/v2\/product_tag?post=30087"}],"curies":[{"name":"wp","href":"https:\/\/api.w.org\/{rel}","templated":true}]}}