{"id":30093,"date":"2026-04-17T00:21:25","date_gmt":"2026-04-17T00:21:25","guid":{"rendered":"https:\/\/singuli.wpress.me\/index.php\/proizvod\/igrandia-uci-engleski-puzzle-abeceda\/"},"modified":"2026-04-20T12:33:01","modified_gmt":"2026-04-20T12:33:01","slug":"igrandia-uci-engleski-puzzle-abeceda","status":"publish","type":"product","link":"https:\/\/singuli.wpress.me\/index.php\/proizvod\/igrandia-uci-engleski-puzzle-abeceda\/","title":{"rendered":"IGRANDIA U\u010di engleski, puzzle, abeceda"},"content":{"rendered":"<p><span style=\"font-weight: bold;color: #4472C4\">U\u010denje kroz igru je najlak\u0161e i najljep\u0161e! <\/span><span style=\"color: #4472C4\"><\/p>\n<p>Nau\u010di englesku abecedu i neke osnovne engleske rije\u010di pravilnim slaganjem slova i slike! <\/p>\n<p>Set sadr\u017ei 52 kartice. <\/p>\n<p><\/span><span style=\"font-weight: bold;color: #4472C4\">Dob: 3+<\/span><\/p>\n","protected":false},"excerpt":{"rendered":"<p>Nau\u010di englesku abecedu i neke osnovne engleske rije\u010di<br \/>\nSet sadr\u017ei 52 kartice<br \/>\nDob: 3+ god<\/p>\n","protected":false},"featured_media":30094,"template":"","meta":{"_seopress_robots_primary_cat":"","_seopress_titles_title":"","_seopress_titles_desc":"","_seopress_robots_index":"","iawp_total_views":0},"product_brand":[386],"product_cat":[290,221],"product_tag":[],"class_list":{"0":"post-30093","1":"product","2":"type-product","3":"status-publish","4":"has-post-thumbnail","6":"product_brand-igrandia","7":"product_cat-drustvene-igre-221","8":"product_cat-igracke","10":"first","11":"outofstock","12":"shipping-taxable","13":"purchasable","14":"product-type-simple"},"_links":{"self":[{"href":"https:\/\/singuli.wpress.me\/index.php\/wp-json\/wp\/v2\/product\/30093","targetHints":{"allow":["GET"]}}],"collection":[{"href":"https:\/\/singuli.wpress.me\/index.php\/wp-json\/wp\/v2\/product"}],"about":[{"href":"https:\/\/singuli.wpress.me\/index.php\/wp-json\/wp\/v2\/types\/product"}],"version-history":[{"count":0,"href":"https:\/\/singuli.wpress.me\/index.php\/wp-json\/wp\/v2\/product\/30093\/revisions"}],"wp:featuredmedia":[{"embeddable":true,"href":"https:\/\/singuli.wpress.me\/index.php\/wp-json\/wp\/v2\/media\/30094"}],"wp:attachment":[{"href":"https:\/\/singuli.wpress.me\/index.php\/wp-json\/wp\/v2\/media?parent=30093"}],"wp:term":[{"taxonomy":"product_brand","embeddable":true,"href":"https:\/\/singuli.wpress.me\/index.php\/wp-json\/wp\/v2\/product_brand?post=30093"},{"taxonomy":"product_cat","embeddable":true,"href":"https:\/\/singuli.wpress.me\/index.php\/wp-json\/wp\/v2\/product_cat?post=30093"},{"taxonomy":"product_tag","embeddable":true,"href":"https:\/\/singuli.wpress.me\/index.php\/wp-json\/wp\/v2\/product_tag?post=30093"}],"curies":[{"name":"wp","href":"https:\/\/api.w.org\/{rel}","templated":true}]}}