{"id":30097,"date":"2026-04-17T00:21:26","date_gmt":"2026-04-17T00:21:26","guid":{"rendered":"https:\/\/singuli.wpress.me\/index.php\/proizvod\/quercetti-quack-flap-guralica-patka\/"},"modified":"2026-04-20T12:33:01","modified_gmt":"2026-04-20T12:33:01","slug":"quercetti-quack-flap-guralica-patka","status":"publish","type":"product","link":"https:\/\/singuli.wpress.me\/index.php\/proizvod\/quercetti-quack-flap-guralica-patka\/","title":{"rendered":"QUERCETTI Quack &amp; Flap, guralica, patka"},"content":{"rendered":"<p><span style=\"font-weight: bold;color: #4472C4\">Geganje je u modi! <br \/>\n<\/span><span style=\"color: #4472C4\"><br \/>\nGledajte svog mali\u0161ana u pokretu, kako prati ovu prezabavnu igra\u010dku za guranje, s velikim stopalima i koja ma\u0161e krilima tijekom kretanja. <\/p>\n<p>\u010cut \u0107ete: &quot;Quack, quack, quack&quot; cijelim putem! <\/p>\n<p>Potaknite ljubav prema prirodi i vodenim pticama s ovom malom patkicom i u\u010dinite da va\u0161e dijete u\u017eiva u dugim \u0161etnjama.<\/p>\n<p><\/span><span style=\"font-weight: bold;color: #4472C4\">Dob: 12m+<\/span><\/p>\n","protected":false},"excerpt":{"rendered":"<p>Ma\u0161e krilima tijekom kretanja<br \/>\nPoti\u010de ljubav prema prirodi i vodenim pticama<br \/>\nDob: 12+m<\/p>\n","protected":false},"featured_media":30098,"template":"","meta":{"_seopress_robots_primary_cat":"","_seopress_titles_title":"","_seopress_titles_desc":"","_seopress_robots_index":"","iawp_total_views":0},"product_brand":[375],"product_cat":[221,291],"product_tag":[],"class_list":{"0":"post-30097","1":"product","2":"type-product","3":"status-publish","4":"has-post-thumbnail","6":"product_brand-quercetti","7":"product_cat-igracke","8":"product_cat-igracke-za-djecu-221","10":"first","11":"instock","12":"shipping-taxable","13":"purchasable","14":"product-type-simple"},"_links":{"self":[{"href":"https:\/\/singuli.wpress.me\/index.php\/wp-json\/wp\/v2\/product\/30097","targetHints":{"allow":["GET"]}}],"collection":[{"href":"https:\/\/singuli.wpress.me\/index.php\/wp-json\/wp\/v2\/product"}],"about":[{"href":"https:\/\/singuli.wpress.me\/index.php\/wp-json\/wp\/v2\/types\/product"}],"version-history":[{"count":0,"href":"https:\/\/singuli.wpress.me\/index.php\/wp-json\/wp\/v2\/product\/30097\/revisions"}],"wp:featuredmedia":[{"embeddable":true,"href":"https:\/\/singuli.wpress.me\/index.php\/wp-json\/wp\/v2\/media\/30098"}],"wp:attachment":[{"href":"https:\/\/singuli.wpress.me\/index.php\/wp-json\/wp\/v2\/media?parent=30097"}],"wp:term":[{"taxonomy":"product_brand","embeddable":true,"href":"https:\/\/singuli.wpress.me\/index.php\/wp-json\/wp\/v2\/product_brand?post=30097"},{"taxonomy":"product_cat","embeddable":true,"href":"https:\/\/singuli.wpress.me\/index.php\/wp-json\/wp\/v2\/product_cat?post=30097"},{"taxonomy":"product_tag","embeddable":true,"href":"https:\/\/singuli.wpress.me\/index.php\/wp-json\/wp\/v2\/product_tag?post=30097"}],"curies":[{"name":"wp","href":"https:\/\/api.w.org\/{rel}","templated":true}]}}