{"id":30104,"date":"2026-04-17T00:21:29","date_gmt":"2026-04-17T00:21:29","guid":{"rendered":"https:\/\/singuli.wpress.me\/index.php\/proizvod\/robo-alive-dino-wars-figura-t-rex\/"},"modified":"2026-04-20T12:33:01","modified_gmt":"2026-04-20T12:33:01","slug":"robo-alive-dino-wars-figura-t-rex","status":"publish","type":"product","link":"https:\/\/singuli.wpress.me\/index.php\/proizvod\/robo-alive-dino-wars-figura-t-rex\/","title":{"rendered":"ROBO ALIVE Dino Wars, figura, T-Rex"},"content":{"rendered":"<p><span style=\"font-weight: bold;color: #4472C4\">REALNI T-REX POKRETI: <\/span><span style=\"color: #4472C4\">Ovaj T-Rex gazi kao pravi dinosaur! S realisti\u010dnim o\u010dima, o\u017eiljkom iz borbe, stra\u0161nom rikom i LED svjetlom u ustima, ovaj dinosaur stvarno o\u017eivljava! Svojim  obrambenim oklopom, ovaj T-Rex nadma\u0161uje sve druge predatore. Stavite mu oklop i pripremite se za Dino Wars!<\/p>\n<p><\/span><span style=\"font-weight: bold;color: #4472C4\">ODLIKE DINO WARS-a:<\/span><span style=\"color: #4472C4\"> Borbeni T-Rex spreman je za bitku! T-Rex uklju\u010duje odvojive oklopne dijelove kao i projektile koje ispaljuje na udaljenost do \u010dak 2 m! Savr\u0161eno za bilo koju bitku  dinosaura!<\/p>\n<p><\/span><span style=\"font-weight: bold;color: #4472C4\">NAPREDNA TEHNOLOGIJA:<\/span><span style=\"color: #4472C4\"> Kombiniraju\u0107i visokokvalitetnu tehnologiju s realisti\u010dnim dizajnom, ovaj dinosaur doista izgleda kao pravi!<\/p>\n<p>Dob: 3+<\/span><\/p>\n","protected":false},"excerpt":{"rendered":"<p>Gazi kao pravi dinosaur<br \/>\nUklju\u010duje odvojive oklopne dijelove kao i projektile koje ispaljuje<br \/>\nDob: 3+ god<\/p>\n","protected":false},"featured_media":30105,"template":"","meta":{"_seopress_robots_primary_cat":"","_seopress_titles_title":"","_seopress_titles_desc":"","_seopress_robots_index":"","iawp_total_views":0},"product_brand":[374],"product_cat":[221,263],"product_tag":[],"class_list":{"0":"post-30104","1":"product","2":"type-product","3":"status-publish","4":"has-post-thumbnail","6":"product_brand-robo-alive","7":"product_cat-igracke","8":"product_cat-tematske-igracke-221","10":"first","11":"outofstock","12":"shipping-taxable","13":"purchasable","14":"product-type-simple"},"_links":{"self":[{"href":"https:\/\/singuli.wpress.me\/index.php\/wp-json\/wp\/v2\/product\/30104","targetHints":{"allow":["GET"]}}],"collection":[{"href":"https:\/\/singuli.wpress.me\/index.php\/wp-json\/wp\/v2\/product"}],"about":[{"href":"https:\/\/singuli.wpress.me\/index.php\/wp-json\/wp\/v2\/types\/product"}],"version-history":[{"count":0,"href":"https:\/\/singuli.wpress.me\/index.php\/wp-json\/wp\/v2\/product\/30104\/revisions"}],"wp:featuredmedia":[{"embeddable":true,"href":"https:\/\/singuli.wpress.me\/index.php\/wp-json\/wp\/v2\/media\/30105"}],"wp:attachment":[{"href":"https:\/\/singuli.wpress.me\/index.php\/wp-json\/wp\/v2\/media?parent=30104"}],"wp:term":[{"taxonomy":"product_brand","embeddable":true,"href":"https:\/\/singuli.wpress.me\/index.php\/wp-json\/wp\/v2\/product_brand?post=30104"},{"taxonomy":"product_cat","embeddable":true,"href":"https:\/\/singuli.wpress.me\/index.php\/wp-json\/wp\/v2\/product_cat?post=30104"},{"taxonomy":"product_tag","embeddable":true,"href":"https:\/\/singuli.wpress.me\/index.php\/wp-json\/wp\/v2\/product_tag?post=30104"}],"curies":[{"name":"wp","href":"https:\/\/api.w.org\/{rel}","templated":true}]}}